{"id":57559,"date":"2026-02-17T14:09:52","date_gmt":"2026-02-17T13:09:52","guid":{"rendered":"https:\/\/www.ganymedes.nl\/?post_type=product&#038;p=57559"},"modified":"2026-02-17T14:16:29","modified_gmt":"2026-02-17T13:16:29","slug":"celestron-origin-mark-ii-smart-telescope","status":"publish","type":"product","link":"https:\/\/dev4-ganymedes.nl\/en\/product\/celestron-origin-mark-ii-smart-telescope\/","title":{"rendered":"Celestron Origin Mark II Smart telescope"},"content":{"rendered":"<h1>Nieuwere uitvoering van de Origin met een modernere camera<\/h1>\n<p data-start=\"0\" data-end=\"517\">De Celestron Origin Mark II SMart Telescope staat aan de voorhoede van een nieuw tijdperk in de amateurastronomie. Waarin sterrenkijken en astrofotografie samenkomen in \u00e9\u00e9n gebruiksvriendelijke ervaring. Dit intelligente, alles-in-\u00e9\u00e9n thuisobservatorium neemt de complexiteit van traditionele telescopen weg. En verandert je achtertuin in een toegangspoort tot het heelal. Boordevol geavanceerde technologie legt de Celestron Origin Mark II de schoonheid van hemelobjecten vast en brengt deze tot leven op je telefoon of tablet.<\/p>\n<p data-start=\"519\" data-end=\"866\" data-is-last-node=\"\" data-is-only-node=\"\">De ingenieurs van Celestron maakten bij het ontwerp gebruik van hun decennialange expertise, van de gepatenteerde optische technologie van Origin tot de intu\u00eftieve bijbehorende app. Het resultaat is een revolutionair nieuw systeem dat voortbouwt op Celestron nalatenschap en astronomie toegankelijker. Spannender en leuker maakt dan ooit tevoren.<\/p>\n<p><a href=\"https:\/\/www.ganymedes.nl\/wp-content\/uploads\/2026\/02\/12099_Origin_Smart_Home_Observatory_08.jpg\"><img loading=\"lazy\" decoding=\"async\" class=\"aligncenter wp-image-57562 size-vp_sm\" title=\"Celestron Origin Mark II Smart telescope\" src=\"https:\/\/www.ganymedes.nl\/wp-content\/uploads\/2026\/02\/12099_Origin_Smart_Home_Observatory_08-500x441.jpg\" alt=\"Celestron Origin Mark II Smart telescope\" width=\"500\" height=\"441\" srcset=\"https:\/\/dev4-ganymedes.nl\/wp-content\/uploads\/2026\/02\/12099_Origin_Smart_Home_Observatory_08-500x441.jpg 500w, https:\/\/dev4-ganymedes.nl\/wp-content\/uploads\/2026\/02\/12099_Origin_Smart_Home_Observatory_08-324x286.jpg 324w, https:\/\/dev4-ganymedes.nl\/wp-content\/uploads\/2026\/02\/12099_Origin_Smart_Home_Observatory_08-416x367.jpg 416w, https:\/\/dev4-ganymedes.nl\/wp-content\/uploads\/2026\/02\/12099_Origin_Smart_Home_Observatory_08-300x265.jpg 300w, https:\/\/dev4-ganymedes.nl\/wp-content\/uploads\/2026\/02\/12099_Origin_Smart_Home_Observatory_08-768x677.jpg 768w, https:\/\/dev4-ganymedes.nl\/wp-content\/uploads\/2026\/02\/12099_Origin_Smart_Home_Observatory_08-140x123.jpg 140w, https:\/\/dev4-ganymedes.nl\/wp-content\/uploads\/2026\/02\/12099_Origin_Smart_Home_Observatory_08-800x705.jpg 800w, https:\/\/dev4-ganymedes.nl\/wp-content\/uploads\/2026\/02\/12099_Origin_Smart_Home_Observatory_08.jpg 990w\" sizes=\"auto, (max-width: 500px) 100vw, 500px\" \/><\/a><\/p>\n<h3 data-start=\"0\" data-end=\"62\">RASA-optische technologie: de kracht van licht ontketend<\/h3>\n<p data-start=\"64\" data-end=\"833\">In het hart van de Celestron Origin Mark II bevindt zich de gepatenteerde Rowe-Ackermann Schmidt Astrograph (RASA) \u2014 een baanbrekende vooruitgang in de optica. In het RASA-ontwerp bevindt de beeldsensor zich aan de voorkant van de telescoopbuis, in plaats van achteraan. Dit cre\u00ebert een ultrasnel f\/2.2-systeem met een uitzonderlijk groot beeldveld, terwijl het haarscherpe beelden tot aan de rand levert. Sinds de introductie in 2014 is RASA-technologie uitgegroeid tot d\u00e9 voorkeurskeuze voor ruimtebewaking en satelliet tracking. Nationale defensieaannemers, professionele onderzoek astronomen en overheden vertrouwen op RASA om zelfs minuscule stukjes puin en ruimteafval te detecteren en zo onze essenti\u00eble communicatiesatellieten veilig in hun baan te houden.<\/p>\n<p data-start=\"835\" data-end=\"1070\">Voor de Origin ontwikkelden de optische ingenieurs van Celestron een volledig nieuwe 6-inch RASA met alle mogelijkheden van een observatoriuminstrument van professionele kwaliteit, maar dan in een compact en direct inzetbaar ontwerp.<\/p>\n<p data-start=\"1072\" data-end=\"1483\" data-is-last-node=\"\" data-is-only-node=\"\">Dankzij RASA bevindt de Celestron Origin Mark II zich in een klasse apart en presteert hij aanzienlijk beter dan andere telescoopontwerpen. RASA vangt eenvoudigweg meer fotonen in minder tijd dan een kleinere en tragere Newton-reflector, refractor of andere instap-telescoopbuis. De unieke combinatie van snelheid, opening en prestaties zorgt voor onge\u00ebvenaarde beeld\u00ad details, zelfs bij korte belichtingstijden.<\/p>\n<p data-start=\"1072\" data-end=\"1483\" data-is-last-node=\"\" data-is-only-node=\"\"><a href=\"https:\/\/www.ganymedes.nl\/wp-content\/uploads\/2026\/02\/12099_Origin_Smart_Home_Observatory_09.webp\"><img loading=\"lazy\" decoding=\"async\" class=\"aligncenter wp-image-57564 size-vp_sm\" src=\"https:\/\/www.ganymedes.nl\/wp-content\/uploads\/2026\/02\/12099_Origin_Smart_Home_Observatory_09-500x500.webp\" alt=\"\" width=\"500\" height=\"500\" srcset=\"https:\/\/dev4-ganymedes.nl\/wp-content\/uploads\/2026\/02\/12099_Origin_Smart_Home_Observatory_09-500x500.webp 500w, https:\/\/dev4-ganymedes.nl\/wp-content\/uploads\/2026\/02\/12099_Origin_Smart_Home_Observatory_09-324x324.webp 324w, https:\/\/dev4-ganymedes.nl\/wp-content\/uploads\/2026\/02\/12099_Origin_Smart_Home_Observatory_09-100x100.webp 100w, https:\/\/dev4-ganymedes.nl\/wp-content\/uploads\/2026\/02\/12099_Origin_Smart_Home_Observatory_09-416x416.webp 416w, https:\/\/dev4-ganymedes.nl\/wp-content\/uploads\/2026\/02\/12099_Origin_Smart_Home_Observatory_09-300x300.webp 300w, https:\/\/dev4-ganymedes.nl\/wp-content\/uploads\/2026\/02\/12099_Origin_Smart_Home_Observatory_09-768x768.webp 768w, https:\/\/dev4-ganymedes.nl\/wp-content\/uploads\/2026\/02\/12099_Origin_Smart_Home_Observatory_09-132x132.webp 132w, https:\/\/dev4-ganymedes.nl\/wp-content\/uploads\/2026\/02\/12099_Origin_Smart_Home_Observatory_09-800x800.webp 800w, https:\/\/dev4-ganymedes.nl\/wp-content\/uploads\/2026\/02\/12099_Origin_Smart_Home_Observatory_09.webp 990w\" sizes=\"auto, (max-width: 500px) 100vw, 500px\" \/><\/a><\/p>\n<h3 data-start=\"46\" data-end=\"98\">Nu uitgerust met de Celestron Origin 678C-camera<\/h3>\n<p data-start=\"100\" data-end=\"427\">De Celestron Origin Mark II is nu uitgerust met de Origin 678C-camera \u2014 een next-generation upgrade met Sony\u2019s nieuwste Starvis 2 CMOS-technologie. Met 8.4 megapixels, ultrafijne 2.0 \u03bcm\u00b2 pixels en een moderne 16:9 beeldverhouding levert deze geavanceerde sensor een hogere resolutie en verbeterde lichtgevoeligheid.<\/p>\n<p data-start=\"429\" data-end=\"769\" data-is-last-node=\"\" data-is-only-node=\"\">Perfect afgestemd op de snelle f\/2.2 RASA-optiek van de Origin legt de 678C-camera fijne structuren vast in sterrenstelsels, nevels en sterrenhopen. Of je nu nieuw bent in de astrofotografie of een ervaren fotograaf, je geniet van schone, scherpe resultaten \u2014 klaar om te stacken, te delen of in bijna realtime op je apparaat te bewonderen.<\/p>\n<p data-start=\"429\" data-end=\"769\" data-is-last-node=\"\" data-is-only-node=\"\"><a href=\"https:\/\/www.ganymedes.nl\/wp-content\/uploads\/2026\/02\/12099_Origin_Intelligent_Home_Observatory_02.webp\"><img loading=\"lazy\" decoding=\"async\" class=\"aligncenter wp-image-57565 size-vp_sm\" src=\"https:\/\/www.ganymedes.nl\/wp-content\/uploads\/2026\/02\/12099_Origin_Intelligent_Home_Observatory_02-500x500.webp\" alt=\"\" width=\"500\" height=\"500\" srcset=\"https:\/\/dev4-ganymedes.nl\/wp-content\/uploads\/2026\/02\/12099_Origin_Intelligent_Home_Observatory_02-500x500.webp 500w, https:\/\/dev4-ganymedes.nl\/wp-content\/uploads\/2026\/02\/12099_Origin_Intelligent_Home_Observatory_02-324x324.webp 324w, https:\/\/dev4-ganymedes.nl\/wp-content\/uploads\/2026\/02\/12099_Origin_Intelligent_Home_Observatory_02-100x100.webp 100w, https:\/\/dev4-ganymedes.nl\/wp-content\/uploads\/2026\/02\/12099_Origin_Intelligent_Home_Observatory_02-416x416.webp 416w, https:\/\/dev4-ganymedes.nl\/wp-content\/uploads\/2026\/02\/12099_Origin_Intelligent_Home_Observatory_02-300x300.webp 300w, https:\/\/dev4-ganymedes.nl\/wp-content\/uploads\/2026\/02\/12099_Origin_Intelligent_Home_Observatory_02-768x768.webp 768w, https:\/\/dev4-ganymedes.nl\/wp-content\/uploads\/2026\/02\/12099_Origin_Intelligent_Home_Observatory_02-132x132.webp 132w, https:\/\/dev4-ganymedes.nl\/wp-content\/uploads\/2026\/02\/12099_Origin_Intelligent_Home_Observatory_02-800x800.webp 800w, https:\/\/dev4-ganymedes.nl\/wp-content\/uploads\/2026\/02\/12099_Origin_Intelligent_Home_Observatory_02.webp 990w\" sizes=\"auto, (max-width: 500px) 100vw, 500px\" \/><\/a><\/p>\n<h3 data-start=\"40\" data-end=\"98\">Van elke achtertuin-waarnemer een astro-imager maken<\/h3>\n<p data-start=\"100\" data-end=\"692\">De Celestron Origin Mark II introduceert een paradigmaverschuiving in de astrofotografie met zijn ingebouwde AI-algoritmen. Terwijl de telescoop gegevens vastlegt, verwerken deze intelligente algoritmen automatisch elk frame in realtime. Het is belangrijk om te benadrukken dat de AI-beeldverwerking in de Origin-app geen generatieve AI is. Er worden geen kleuren toegevoegd en er wordt op geen enkele manier extra beeldinformatie gegenereerd. De software verscherpt en optimaliseert je beelden uitsluitend met dezelfde verwerkingstechnieken die een gevorderde astro-imager zou gebruiken.<\/p>\n<p data-start=\"694\" data-end=\"1216\">De beelden die je met de Celestron Origin Mark II maakt, bestaan voor 100 procent uit je eigen data. Geoptimaliseerd om er op hun best uit te zien. De technologie werkt in realtime op je live-gestackte beelden en wordt ook toegepast op het uiteindelijke samengestelde masterbeeld. Het resultaat is een adembenemende weergave van hemelobjecten. Rijk aan kleur en detail \u2014 ver voorbij wat het menselijk oog via een oculair kan waarnemen. En je kunt de beelden altijd zelf verder aanpassen met de handmatige instellingen.<\/p>\n<p data-start=\"1218\" data-end=\"1393\" data-is-last-node=\"\" data-is-only-node=\"\">Dankzij de Celestron Origin Mark II is astro-imaging nu toegankelijk voor liefhebbers van elk niveau. Zelfs voor mensen die nog nooit eerder een telescoop hebben gebruikt.<\/p>\n<p data-start=\"1218\" data-end=\"1393\" data-is-last-node=\"\" data-is-only-node=\"\"><a href=\"https:\/\/www.ganymedes.nl\/wp-content\/uploads\/2026\/02\/12099_Origin_Smart_Home_Observatory_07.jpg\"><img loading=\"lazy\" decoding=\"async\" class=\"aligncenter wp-image-57566 size-vp_sm\" title=\"Celestron Origin Mark II Smart telescope\" src=\"https:\/\/www.ganymedes.nl\/wp-content\/uploads\/2026\/02\/12099_Origin_Smart_Home_Observatory_07-500x458.jpg\" alt=\"Celestron Origin Mark II Smart telescope\" width=\"500\" height=\"458\" srcset=\"https:\/\/dev4-ganymedes.nl\/wp-content\/uploads\/2026\/02\/12099_Origin_Smart_Home_Observatory_07-500x458.jpg 500w, https:\/\/dev4-ganymedes.nl\/wp-content\/uploads\/2026\/02\/12099_Origin_Smart_Home_Observatory_07-324x297.jpg 324w, https:\/\/dev4-ganymedes.nl\/wp-content\/uploads\/2026\/02\/12099_Origin_Smart_Home_Observatory_07-416x381.jpg 416w, https:\/\/dev4-ganymedes.nl\/wp-content\/uploads\/2026\/02\/12099_Origin_Smart_Home_Observatory_07-300x275.jpg 300w, https:\/\/dev4-ganymedes.nl\/wp-content\/uploads\/2026\/02\/12099_Origin_Smart_Home_Observatory_07-768x704.jpg 768w, https:\/\/dev4-ganymedes.nl\/wp-content\/uploads\/2026\/02\/12099_Origin_Smart_Home_Observatory_07-140x128.jpg 140w, https:\/\/dev4-ganymedes.nl\/wp-content\/uploads\/2026\/02\/12099_Origin_Smart_Home_Observatory_07-800x733.jpg 800w, https:\/\/dev4-ganymedes.nl\/wp-content\/uploads\/2026\/02\/12099_Origin_Smart_Home_Observatory_07.jpg 990w\" sizes=\"auto, (max-width: 500px) 100vw, 500px\" \/><\/a><\/p>\n<h3 data-start=\"1218\" data-end=\"1393\">Kenmerken van de Celestron Origin Mark II Smart telescope:<\/h3>\n<ul>\n<li data-start=\"40\" data-end=\"97\"><strong>Sterrenkijken en Astro-imaging opnieuw gedefinieerd:<\/strong> Celestron Origin is een intelligent, alles-in-\u00e9\u00e9n thuisobservatorium dat verbluffende beelden vastlegt van zwakke deep-sky hemelobjecten en deze rechtstreeks naar je smartphone of tablet stuurt. De beelden die je binnen enkele seconden vastlegt, zien er beter uit dan wat je zou waarnemen door het oculair van een veel grotere telescoop onder veel donkerdere hemelomstandigheden.<\/li>\n<li data-start=\"40\" data-end=\"97\"><strong>Revolutionaire RASA-optische technologie:<\/strong> Het gepatenteerde 6 inch Rowe-Ackermann Schmidt Astrograph (RASA) optische ontwerp van Origin plaatst het systeem in een klasse apart. Met zijn grote opening en snelle f\/2.2 brandpuntsverhouding krijg je een onge\u00ebvenaarde beeldhelderheid en scherpte met minder belichtingstijd.<\/li>\n<li data-start=\"40\" data-end=\"97\"><strong>Next-Generation 678C-camera:<\/strong> Sony\u2019s nieuwste Starvis 2 kleuren-CMOS-technologie biedt verbeterde resolutie, verhoogde lichtgevoeligheid en een aanzienlijke sprong in beeldkwaliteit.<\/li>\n<li data-start=\"40\" data-end=\"97\"><strong>Automatische, AI-gestuurde astrofotografie:<\/strong> Terwijl Origin gegevens vastlegt, stapelen en verwerken ingebouwde AI-algoritmen automatisch elk frame in realtime. Sterrenstelsels en nevels komen direct tot leven \u2014 scherp, gedetailleerd en in briljante kleuren \u2014 volledig zonder tussenkomst van de gebruiker.<\/li>\n<li data-start=\"40\" data-end=\"97\"><strong>Geautomatiseerde installatie met StarSense:<\/strong> Om te beginnen plaats je Origin buiten, zet je hem aan en verbind je met de app. Dankzij Celestron\u2019s gepatenteerde StarSense-technologie scant Origin de hemel en stelt zichzelf automatisch scherp en uitgelijnd. Binnen minder dan twee minuten ben je klaar om een doel te selecteren en te starten met fotograferen.<\/li>\n<li data-start=\"40\" data-end=\"97\"><strong>Intu\u00eftieve app-interface:<\/strong> De gebruiksvriendelijke Celestron Origin Powered by SkySafari<strong data-start=\"1722\" data-end=\"1764\">\u2122<\/strong>-app voor iOS en Android, ontwikkeld in samenwerking met Simulation Curriculum, biedt een eenvoudige maar krachtige planetariuminterface waarmee je gemakkelijk de hemel navigeert en het systeem bedient.<\/li>\n<li data-start=\"40\" data-end=\"97\"><strong>Deel het uitzicht met iedereen:<\/strong> Meerdere gebruikers kunnen gelijktijdig via de Origin-app de liveweergave van de telescoop bekijken. Je kunt het beeld ook naar je smart-tv streamen of direct opslaan en delen.<\/li>\n<li data-start=\"40\" data-end=\"97\"><strong>Geavanceerde functies:<\/strong> Naarmate je verder groeit in de hobby kun je de ruwe beeldbestanden downloaden voor geavanceerdere handmatige nabewerking. Je kunt ook experimenteren met filters en Origin gebruiken voor nachtzichttoepassingen of aardse observaties overdag.<\/li>\n<\/ul>\n<h3>Levering van de Celestron Origin Mark II Smart telescoop omvat:<\/h3>\n<ul>\n<li data-start=\"42\" data-end=\"90\">6 inch RASA optische buis met ge\u00efntegreerde camera<\/li>\n<li data-start=\"42\" data-end=\"90\">Origin montering met enkele vork arm en interne lithiumbatterij<\/li>\n<li data-start=\"160\" data-end=\"210\">Ingebouwde computer met koelventilatoren en wifi<\/li>\n<li data-start=\"160\" data-end=\"210\">Automatische scherpsteller (auto focuser)<\/li>\n<li data-start=\"160\" data-end=\"210\">Dauwbeschermingssysteem met omgevingssensor, dauwverwarmingsring en dauwkap<\/li>\n<li data-start=\"160\" data-end=\"210\">Ge\u00efntegreerde filterlade<\/li>\n<li data-start=\"160\" data-end=\"210\">Statief op volledige hoogte<\/li>\n<li data-start=\"160\" data-end=\"210\">Lens dop<\/li>\n<li data-start=\"160\" data-end=\"210\">AC-oplader<\/li>\n<\/ul>\n<h4>Plaats je bestelling online of kom langs in de winkel<\/h4>\n<p>Heb je gevonden wat je zoekt en wil je bijvoorbeeld de Celestron Origin Mark II telescoop bestellen? Dan doe je dit heel eenvoudig online. Bekijk je deze producten liever in het echt voordat je ze koopt? Ook dat is bij ons mogelijk. Je bent van harte welkom in onze showroom in Amstelveen van maandag tot vrijdag tussen 10.00 en 17.00 uur. Op zaterdag is de showroom ook geopend, maar dan van 10.00 tot 16.30 uur. Voor meer informatie en advies kun je ook telefonisch contact met ons opnemen via <a href=\"tel:0031206412083\">020-6412083<\/a>. We helpen je graag.<\/p>\n<p><iframe loading=\"lazy\" allow=\"accelerometer; autoplay; clipboard-write; encrypted-media; gyroscope; picture-in-picture; web-share\" allowfullscreen title=\"Celestron Origin Intelligent Home Observatory: Product Tour\" width=\"980\" height=\"551\" src=\"https:\/\/www.youtube.com\/embed\/G3_aNEV2s9A?feature=oembed&#038;enablejsapi=1&#038;origin=https:\/\/www.ganymedes.nl\" frameborder=\"0\" allow=\"accelerometer; autoplay; clipboard-write; encrypted-media; gyroscope; picture-in-picture; web-share\" referrerpolicy=\"strict-origin-when-cross-origin\" allowfullscreen><\/iframe><\/p>\n<p><iframe loading=\"lazy\" allow=\"accelerometer; autoplay; clipboard-write; encrypted-media; gyroscope; picture-in-picture; web-share\" allowfullscreen title=\"Celestron Origin Tutorial: Adding the Evolution Wedge and StarSense Autoguider with Dr. Sasse\" width=\"980\" height=\"551\" src=\"https:\/\/www.youtube.com\/embed\/hCXz_Ah559s?feature=oembed&#038;enablejsapi=1&#038;origin=https:\/\/www.ganymedes.nl\" frameborder=\"0\" allow=\"accelerometer; autoplay; clipboard-write; encrypted-media; gyroscope; picture-in-picture; web-share\" referrerpolicy=\"strict-origin-when-cross-origin\" allowfullscreen><\/iframe><\/p>\n<p data-start=\"1072\" data-end=\"1483\" data-is-last-node=\"\" data-is-only-node=\"\">\n","protected":false},"excerpt":{"rendered":"<p>Hoofdzakelijk dezelfde uitvoering als de originele Origin, de Mark II is uitgevoerd met een nieuwere camera. Welke overigens ook te verkrijgen is voor de eerste uitvoering.<\/p>\n","protected":false},"featured_media":57560,"comment_status":"closed","ping_status":"closed","template":"","meta":{"_acf_changed":false,"_vp_format_video_url":"","_vp_image_focal_point":[],"_vp_custom_popup_image":0,"_vp_format_audio_url":"","_vp_custom_thumbnail":0,"_vp_custom_thumbnail_focal_point":[],"_vp_hover_thumbnail":0,"_vp_hover_thumbnail_focal_point":[]},"product_brand":[],"product_cat":[28,148,117,572,750,23],"product_tag":[],"class_list":{"0":"post-57559","1":"product","2":"type-product","3":"status-publish","4":"has-post-thumbnail","6":"product_cat-telescopen-catadioptrische-telescopen","7":"product_cat-merken-celestron","8":"product_cat-merken","9":"product_cat-merken-celestron-origin","10":"product_cat-telescopen-smart-telescopen","11":"product_cat-telescopen","13":"first","14":"instock","15":"taxable","16":"shipping-taxable","17":"purchasable","18":"product-type-simple"},"acf":[],"yoast_head":"<!-- This site is optimized with the Yoast SEO plugin v27.3 - https:\/\/yoast.com\/product\/yoast-seo-wordpress\/ -->\n<title>Celestron Origin Mark II Smart telescope - Ganymedes<\/title>\n<meta name=\"description\" content=\"Celestron Origin Mark II Smart telescoop, vernieuwde uitvoering met een betere Sony 678 kleuren sensor. Voor nog mooiere en scherpere foto&#039;s.\" \/>\n<meta name=\"robots\" content=\"noindex, follow, max-snippet:-1, max-image-preview:large, max-video-preview:-1\" \/>\n<meta property=\"og:locale\" content=\"nl_NL\" \/>\n<meta property=\"og:type\" content=\"article\" \/>\n<meta property=\"og:title\" content=\"Celestron Origin Mark II Smart telescope - Ganymedes\" \/>\n<meta property=\"og:description\" content=\"Celestron Origin Mark II Smart telescoop, vernieuwde uitvoering met een betere Sony 678 kleuren sensor. Voor nog mooiere en scherpere foto&#039;s.\" \/>\n<meta property=\"og:url\" content=\"https:\/\/dev4-ganymedes.nl\/en\/product\/celestron-origin-mark-ii-smart-telescope\/\" \/>\n<meta property=\"og:site_name\" content=\"Ganymedes\" \/>\n<meta property=\"article:publisher\" content=\"https:\/\/www.facebook.com\/GanymedesTelescopen\/\" \/>\n<meta property=\"article:modified_time\" content=\"2026-02-17T13:16:29+00:00\" \/>\n<meta property=\"og:image\" content=\"https:\/\/dev4-ganymedes.nl\/wp-content\/uploads\/2026\/02\/12099_Origin_Smart_Home_Observatory_06.webp\" \/>\n\t<meta property=\"og:image:width\" content=\"1680\" \/>\n\t<meta property=\"og:image:height\" content=\"1680\" \/>\n\t<meta property=\"og:image:type\" content=\"image\/webp\" \/>\n<meta name=\"twitter:card\" content=\"summary_large_image\" \/>\n<meta name=\"twitter:site\" content=\"@Ganymedes_NL\" \/>\n<meta name=\"twitter:label1\" content=\"Geschatte leestijd\" \/>\n\t<meta name=\"twitter:data1\" content=\"7 minuten\" \/>\n<!-- \/ Yoast SEO plugin. -->","yoast_head_json":{"title":"Celestron Origin Mark II Smart telescope - Ganymedes","description":"Celestron Origin Mark II Smart telescoop, vernieuwde uitvoering met een betere Sony 678 kleuren sensor. Voor nog mooiere en scherpere foto's.","robots":{"index":"noindex","follow":"follow","max-snippet":"max-snippet:-1","max-image-preview":"max-image-preview:large","max-video-preview":"max-video-preview:-1"},"og_locale":"nl_NL","og_type":"article","og_title":"Celestron Origin Mark II Smart telescope - Ganymedes","og_description":"Celestron Origin Mark II Smart telescoop, vernieuwde uitvoering met een betere Sony 678 kleuren sensor. Voor nog mooiere en scherpere foto's.","og_url":"https:\/\/dev4-ganymedes.nl\/en\/product\/celestron-origin-mark-ii-smart-telescope\/","og_site_name":"Ganymedes","article_publisher":"https:\/\/www.facebook.com\/GanymedesTelescopen\/","article_modified_time":"2026-02-17T13:16:29+00:00","og_image":[{"width":1680,"height":1680,"url":"https:\/\/dev4-ganymedes.nl\/wp-content\/uploads\/2026\/02\/12099_Origin_Smart_Home_Observatory_06.webp","type":"image\/webp"}],"twitter_card":"summary_large_image","twitter_site":"@Ganymedes_NL","twitter_misc":{"Geschatte leestijd":"7 minuten"},"schema":{"@context":"https:\/\/schema.org","@graph":[{"@type":"WebPage","@id":"https:\/\/dev4-ganymedes.nl\/en\/product\/celestron-origin-mark-ii-smart-telescope\/","url":"https:\/\/dev4-ganymedes.nl\/en\/product\/celestron-origin-mark-ii-smart-telescope\/","name":"Celestron Origin Mark II Smart telescope - Ganymedes","isPartOf":{"@id":"https:\/\/dev4-ganymedes.nl\/en\/#website"},"primaryImageOfPage":{"@id":"https:\/\/dev4-ganymedes.nl\/en\/product\/celestron-origin-mark-ii-smart-telescope\/#primaryimage"},"image":{"@id":"https:\/\/dev4-ganymedes.nl\/en\/product\/celestron-origin-mark-ii-smart-telescope\/#primaryimage"},"thumbnailUrl":"https:\/\/dev4-ganymedes.nl\/wp-content\/uploads\/2026\/02\/12099_Origin_Smart_Home_Observatory_06.webp","datePublished":"2026-02-17T13:09:52+00:00","dateModified":"2026-02-17T13:16:29+00:00","description":"Celestron Origin Mark II Smart telescoop, vernieuwde uitvoering met een betere Sony 678 kleuren sensor. Voor nog mooiere en scherpere foto's.","breadcrumb":{"@id":"https:\/\/dev4-ganymedes.nl\/en\/product\/celestron-origin-mark-ii-smart-telescope\/#breadcrumb"},"inLanguage":"nl-NL","potentialAction":[{"@type":"ReadAction","target":["https:\/\/dev4-ganymedes.nl\/en\/product\/celestron-origin-mark-ii-smart-telescope\/"]}]},{"@type":"ImageObject","inLanguage":"nl-NL","@id":"https:\/\/dev4-ganymedes.nl\/en\/product\/celestron-origin-mark-ii-smart-telescope\/#primaryimage","url":"https:\/\/dev4-ganymedes.nl\/wp-content\/uploads\/2026\/02\/12099_Origin_Smart_Home_Observatory_06.webp","contentUrl":"https:\/\/dev4-ganymedes.nl\/wp-content\/uploads\/2026\/02\/12099_Origin_Smart_Home_Observatory_06.webp","width":1680,"height":1680,"caption":"Celestron Origin Mark II Smart telescope"},{"@type":"BreadcrumbList","@id":"https:\/\/dev4-ganymedes.nl\/en\/product\/celestron-origin-mark-ii-smart-telescope\/#breadcrumb","itemListElement":[{"@type":"ListItem","position":1,"name":"Home","item":"https:\/\/dev4-ganymedes.nl\/ganymedes-is-de-telescoopwinkel-voor-al-je-optische-instrumenten-en-technieken\/"},{"@type":"ListItem","position":2,"name":"Store","item":"https:\/\/dev4-ganymedes.nl\/store\/"},{"@type":"ListItem","position":3,"name":"Celestron Origin Mark II Smart telescope"}]},{"@type":"WebSite","@id":"https:\/\/dev4-ganymedes.nl\/en\/#website","url":"https:\/\/dev4-ganymedes.nl\/en\/","name":"Ganymedes","description":"Ganymedes","publisher":{"@id":"https:\/\/dev4-ganymedes.nl\/en\/#organization"},"potentialAction":[{"@type":"SearchAction","target":{"@type":"EntryPoint","urlTemplate":"https:\/\/dev4-ganymedes.nl\/en\/?s={search_term_string}"},"query-input":{"@type":"PropertyValueSpecification","valueRequired":true,"valueName":"search_term_string"}}],"inLanguage":"nl-NL"},{"@type":"Organization","@id":"https:\/\/dev4-ganymedes.nl\/en\/#organization","name":"Ganymedes","url":"https:\/\/dev4-ganymedes.nl\/en\/","logo":{"@type":"ImageObject","inLanguage":"nl-NL","@id":"https:\/\/dev4-ganymedes.nl\/en\/#\/schema\/logo\/image\/","url":"https:\/\/www.ganymedes.nl\/wp-content\/uploads\/2019\/11\/GanymedesLogo_v1_small.png","contentUrl":"https:\/\/www.ganymedes.nl\/wp-content\/uploads\/2019\/11\/GanymedesLogo_v1_small.png","width":450,"height":90,"caption":"Ganymedes"},"image":{"@id":"https:\/\/dev4-ganymedes.nl\/en\/#\/schema\/logo\/image\/"},"sameAs":["https:\/\/www.facebook.com\/GanymedesTelescopen\/","https:\/\/x.com\/Ganymedes_NL"]}]}},"_links":{"self":[{"href":"https:\/\/dev4-ganymedes.nl\/en\/wp-json\/wp\/v2\/product\/57559","targetHints":{"allow":["GET"]}}],"collection":[{"href":"https:\/\/dev4-ganymedes.nl\/en\/wp-json\/wp\/v2\/product"}],"about":[{"href":"https:\/\/dev4-ganymedes.nl\/en\/wp-json\/wp\/v2\/types\/product"}],"replies":[{"embeddable":true,"href":"https:\/\/dev4-ganymedes.nl\/en\/wp-json\/wp\/v2\/comments?post=57559"}],"wp:featuredmedia":[{"embeddable":true,"href":"https:\/\/dev4-ganymedes.nl\/en\/wp-json\/wp\/v2\/media\/57560"}],"wp:attachment":[{"href":"https:\/\/dev4-ganymedes.nl\/en\/wp-json\/wp\/v2\/media?parent=57559"}],"wp:term":[{"taxonomy":"product_brand","embeddable":true,"href":"https:\/\/dev4-ganymedes.nl\/en\/wp-json\/wp\/v2\/product_brand?post=57559"},{"taxonomy":"product_cat","embeddable":true,"href":"https:\/\/dev4-ganymedes.nl\/en\/wp-json\/wp\/v2\/product_cat?post=57559"},{"taxonomy":"product_tag","embeddable":true,"href":"https:\/\/dev4-ganymedes.nl\/en\/wp-json\/wp\/v2\/product_tag?post=57559"}],"curies":[{"name":"wp","href":"https:\/\/api.w.org\/{rel}","templated":true}]}}