{"id":56030,"date":"2025-11-20T12:20:42","date_gmt":"2025-11-20T11:20:42","guid":{"rendered":"https:\/\/www.ganymedes.nl\/?post_type=product&#038;p=56030"},"modified":"2026-05-08T03:47:14","modified_gmt":"2026-05-08T01:47:14","slug":"askar-80ed-doublet-telescoop","status":"publish","type":"product","link":"https:\/\/dev4-ganymedes.nl\/en\/product\/askar-80ed-doublet-telescoop\/","title":{"rendered":"Askar 80ED Doublet telescoop"},"content":{"rendered":"<h1>Wil je veel voor weinig, met de Askar 80ED hebt je het gevonden<\/h1>\n<p>Ben je op zoek naar een telescoop die perfect is voor beginners, die zich kan aanpassen naarmate je groeit en zeer betaalbaar is? Zoek dan niet verder dan deze Askar 80ED Refractor! Deze eenvoudige, maar krachtige telescoop met doubletontwerp opent de deur naar uitstekende visuele sessies, avond na avond. Wil je de wereld van de astrofotografie betreden? Askar biedt drie optionele accessoires, een flattener en twee reducers, om deze telescoop om te toveren tot een ware krachtpatser op het gebied van astrofotografie. De Askar 80ED-telescoop is gebruiksvriendelijk, nauwkeurig ontworpen en voorzien van een aantal handige insluitsels. Hij is ontworpen om direct uit de doos hoogwaardige resultaten te leveren!<\/p>\n<p><a href=\"https:\/\/www.ganymedes.nl\/wp-content\/uploads\/2025\/11\/Askar-80ED-2.png\"><img loading=\"lazy\" decoding=\"async\" class=\"aligncenter wp-image-56032 size-vp_md\" title=\"Askar 80ED Doublet telescoop\" src=\"https:\/\/www.ganymedes.nl\/wp-content\/uploads\/2025\/11\/Askar-80ED-2-800x328.png\" alt=\"Askar 80ED Doublet telescoop\" width=\"800\" height=\"328\" srcset=\"https:\/\/dev4-ganymedes.nl\/wp-content\/uploads\/2025\/11\/Askar-80ED-2-800x328.png 800w, https:\/\/dev4-ganymedes.nl\/wp-content\/uploads\/2025\/11\/Askar-80ED-2-324x133.png 324w, https:\/\/dev4-ganymedes.nl\/wp-content\/uploads\/2025\/11\/Askar-80ED-2-416x170.png 416w, https:\/\/dev4-ganymedes.nl\/wp-content\/uploads\/2025\/11\/Askar-80ED-2-300x123.png 300w, https:\/\/dev4-ganymedes.nl\/wp-content\/uploads\/2025\/11\/Askar-80ED-2-1030x422.png 1030w, https:\/\/dev4-ganymedes.nl\/wp-content\/uploads\/2025\/11\/Askar-80ED-2-768x314.png 768w, https:\/\/dev4-ganymedes.nl\/wp-content\/uploads\/2025\/11\/Askar-80ED-2-1536x629.png 1536w, https:\/\/dev4-ganymedes.nl\/wp-content\/uploads\/2025\/11\/Askar-80ED-2-140x57.png 140w, https:\/\/dev4-ganymedes.nl\/wp-content\/uploads\/2025\/11\/Askar-80ED-2-500x205.png 500w, https:\/\/dev4-ganymedes.nl\/wp-content\/uploads\/2025\/11\/Askar-80ED-2-1280x524.png 1280w, https:\/\/dev4-ganymedes.nl\/wp-content\/uploads\/2025\/11\/Askar-80ED-2.png 1920w\" sizes=\"auto, (max-width: 800px) 100vw, 800px\" \/><\/a><\/p>\n<h3>Optiek van de Askar 80ED doublet telescoop:<\/h3>\n<p>Het optische design van de Askar 80ED is een doublet met een ED element in verwerkt. Dit ED element minimaliseert chromatische aberraties, verbetert de resolutie, contrast en kleurechtheid. Buiten dat je met deze telescoop, in combinatie met een flattener \/ reducer, prachtige foto&#8217;s kan maken is deze telescoop ook goed geschikt voor visueel waarnemen. Zowel voor maan en planeten als ook overdag, mocht je de beschikking hebben over een mooi uitzicht.<\/p>\n<p><a href=\"https:\/\/www.ganymedes.nl\/wp-content\/uploads\/2025\/11\/Askar-80ED-3.jpg\"><img loading=\"lazy\" decoding=\"async\" class=\"wp-image-56033 size-vp_md aligncenter\" src=\"https:\/\/www.ganymedes.nl\/wp-content\/uploads\/2025\/11\/Askar-80ED-3-800x328.jpg\" alt=\"\" width=\"800\" height=\"328\" srcset=\"https:\/\/dev4-ganymedes.nl\/wp-content\/uploads\/2025\/11\/Askar-80ED-3-800x328.jpg 800w, https:\/\/dev4-ganymedes.nl\/wp-content\/uploads\/2025\/11\/Askar-80ED-3-324x133.jpg 324w, https:\/\/dev4-ganymedes.nl\/wp-content\/uploads\/2025\/11\/Askar-80ED-3-416x170.jpg 416w, https:\/\/dev4-ganymedes.nl\/wp-content\/uploads\/2025\/11\/Askar-80ED-3-300x123.jpg 300w, https:\/\/dev4-ganymedes.nl\/wp-content\/uploads\/2025\/11\/Askar-80ED-3-1030x422.jpg 1030w, https:\/\/dev4-ganymedes.nl\/wp-content\/uploads\/2025\/11\/Askar-80ED-3-768x314.jpg 768w, https:\/\/dev4-ganymedes.nl\/wp-content\/uploads\/2025\/11\/Askar-80ED-3-1536x629.jpg 1536w, https:\/\/dev4-ganymedes.nl\/wp-content\/uploads\/2025\/11\/Askar-80ED-3-140x57.jpg 140w, https:\/\/dev4-ganymedes.nl\/wp-content\/uploads\/2025\/11\/Askar-80ED-3-500x205.jpg 500w, https:\/\/dev4-ganymedes.nl\/wp-content\/uploads\/2025\/11\/Askar-80ED-3-1280x524.jpg 1280w, https:\/\/dev4-ganymedes.nl\/wp-content\/uploads\/2025\/11\/Askar-80ED-3.jpg 1920w\" sizes=\"auto, (max-width: 800px) 100vw, 800px\" \/><\/a><\/p>\n<p>De telescoop is rijkelijk uitgevoerd met zoals je dat van Askar mag verwachten. Buisringen, Vixen stijl zwaluwstaart, draaghendel en rack and pinion focusseerinrichting met grof en fijn scherpstelling. Bovendien zijn er optioneel nog drie verschillende correctielenzen beschikbaar, te weten:<\/p>\n<ul>\n<li>1.0x Flattener<\/li>\n<li>0.85x reducer<\/li>\n<li>0.7x reducer<\/li>\n<\/ul>\n<p>Met deze lenzen corrigeer je de optiek bij fotografie zodat het beeld vlak wordt en eventueel het brandpunt korter maakt waardoor het gezichtsveld weer groter wordt. Feitelijk heb je drie telescopen in een als je de 2 reducers in bezit hebt.<\/p>\n<p><a href=\"https:\/\/www.ganymedes.nl\/wp-content\/uploads\/2025\/11\/Askar-80ED-4.jpg\"><img loading=\"lazy\" decoding=\"async\" class=\"aligncenter wp-image-56034 size-vp_md\" title=\"Askar 80ED Doublet telescoop\" src=\"https:\/\/www.ganymedes.nl\/wp-content\/uploads\/2025\/11\/Askar-80ED-4-800x328.jpg\" alt=\"Askar 80ED Doublet telescoop\" width=\"800\" height=\"328\" srcset=\"https:\/\/dev4-ganymedes.nl\/wp-content\/uploads\/2025\/11\/Askar-80ED-4-800x328.jpg 800w, https:\/\/dev4-ganymedes.nl\/wp-content\/uploads\/2025\/11\/Askar-80ED-4-324x133.jpg 324w, https:\/\/dev4-ganymedes.nl\/wp-content\/uploads\/2025\/11\/Askar-80ED-4-416x170.jpg 416w, https:\/\/dev4-ganymedes.nl\/wp-content\/uploads\/2025\/11\/Askar-80ED-4-300x123.jpg 300w, https:\/\/dev4-ganymedes.nl\/wp-content\/uploads\/2025\/11\/Askar-80ED-4-1030x422.jpg 1030w, https:\/\/dev4-ganymedes.nl\/wp-content\/uploads\/2025\/11\/Askar-80ED-4-768x314.jpg 768w, https:\/\/dev4-ganymedes.nl\/wp-content\/uploads\/2025\/11\/Askar-80ED-4-1536x629.jpg 1536w, https:\/\/dev4-ganymedes.nl\/wp-content\/uploads\/2025\/11\/Askar-80ED-4-140x57.jpg 140w, https:\/\/dev4-ganymedes.nl\/wp-content\/uploads\/2025\/11\/Askar-80ED-4-500x205.jpg 500w, https:\/\/dev4-ganymedes.nl\/wp-content\/uploads\/2025\/11\/Askar-80ED-4-1280x524.jpg 1280w, https:\/\/dev4-ganymedes.nl\/wp-content\/uploads\/2025\/11\/Askar-80ED-4.jpg 1920w\" sizes=\"auto, (max-width: 800px) 100vw, 800px\" \/><\/a><\/p>\n<h3>Levering van de Askar 80ED doublet telescoop omvat:<\/h3>\n<ul>\n<li>Askar 80ED OTA<\/li>\n<li>Vixen Zwaluwstaart<\/li>\n<li>Buisringen<\/li>\n<li>Draaghendel<\/li>\n<\/ul>\n<p><a href=\"https:\/\/www.ganymedes.nl\/wp-content\/uploads\/2025\/11\/Askar-80ED-5.jpg\"><img loading=\"lazy\" decoding=\"async\" class=\"aligncenter wp-image-56038 size-vp_md\" title=\"Askar 80ED Doublet telescoop\" src=\"https:\/\/www.ganymedes.nl\/wp-content\/uploads\/2025\/11\/Askar-80ED-5-800x328.jpg\" alt=\"Askar 80ED Doublet telescoop\" width=\"800\" height=\"328\" srcset=\"https:\/\/dev4-ganymedes.nl\/wp-content\/uploads\/2025\/11\/Askar-80ED-5-800x328.jpg 800w, https:\/\/dev4-ganymedes.nl\/wp-content\/uploads\/2025\/11\/Askar-80ED-5-324x133.jpg 324w, https:\/\/dev4-ganymedes.nl\/wp-content\/uploads\/2025\/11\/Askar-80ED-5-416x170.jpg 416w, https:\/\/dev4-ganymedes.nl\/wp-content\/uploads\/2025\/11\/Askar-80ED-5-300x123.jpg 300w, https:\/\/dev4-ganymedes.nl\/wp-content\/uploads\/2025\/11\/Askar-80ED-5-1030x422.jpg 1030w, https:\/\/dev4-ganymedes.nl\/wp-content\/uploads\/2025\/11\/Askar-80ED-5-768x314.jpg 768w, https:\/\/dev4-ganymedes.nl\/wp-content\/uploads\/2025\/11\/Askar-80ED-5-1536x629.jpg 1536w, https:\/\/dev4-ganymedes.nl\/wp-content\/uploads\/2025\/11\/Askar-80ED-5-140x57.jpg 140w, https:\/\/dev4-ganymedes.nl\/wp-content\/uploads\/2025\/11\/Askar-80ED-5-500x205.jpg 500w, https:\/\/dev4-ganymedes.nl\/wp-content\/uploads\/2025\/11\/Askar-80ED-5-1280x524.jpg 1280w, https:\/\/dev4-ganymedes.nl\/wp-content\/uploads\/2025\/11\/Askar-80ED-5.jpg 1920w\" sizes=\"auto, (max-width: 800px) 100vw, 800px\" \/><\/a><\/p>\n<h3>Plaats je bestelling online of kom langs in de winkel<\/h3>\n<p>Heb je gevonden wat je zoekt en wil je bijvoorbeeld de Askar 80ED telescope bestellen? Dan doe je dit heel eenvoudig online. Bekijk je deze producten liever in het echt voordat je ze koopt? Ook dat is bij ons mogelijk. Je bent van harte welkom in onze showroom in Amstelveen van maandag tot vrijdag tussen 10.00 en 17.00 uur. Op zaterdag is de showroom ook geopend, maar dan van 10.00 tot 16.30 uur. Voor meer informatie en advies kun je ook telefonisch contact met ons opnemen via <a href=\"tel:0031206412083\">020-6412083<\/a>. We helpen je graag.<\/p>\n<p><iframe loading=\"lazy\" allow=\"accelerometer; autoplay; clipboard-write; encrypted-media; gyroscope; picture-in-picture; web-share\" allowfullscreen title=\"Askar 80ED Promotion Video\" width=\"980\" height=\"551\" src=\"https:\/\/www.youtube.com\/embed\/eJhyim4t7pw?feature=oembed&#038;enablejsapi=1&#038;origin=https:\/\/www.ganymedes.nl\" frameborder=\"0\" allow=\"accelerometer; autoplay; clipboard-write; encrypted-media; gyroscope; picture-in-picture; web-share\" referrerpolicy=\"strict-origin-when-cross-origin\" allowfullscreen><\/iframe><\/p>\n","protected":false},"excerpt":{"rendered":"<p>De Askar 80ED is een telescoop met een opening van 80 mm, een brandpuntsafstand van 560 mm en een brandpunt ratio van F7. De optische lens bestaat uit twee elementen, \u00e9\u00e9n ED-glas en \u00e9\u00e9n standaard achromatisch glas.<\/p>\n","protected":false},"featured_media":56031,"comment_status":"closed","ping_status":"closed","template":"","meta":{"_acf_changed":false,"_vp_format_video_url":"","_vp_image_focal_point":[],"_vp_custom_popup_image":0,"_vp_format_audio_url":"","_vp_custom_thumbnail":0,"_vp_custom_thumbnail_focal_point":[],"_vp_hover_thumbnail":0,"_vp_hover_thumbnail_focal_point":[]},"product_brand":[],"product_cat":[24,36,117,31,607,23],"product_tag":[],"class_list":{"0":"post-56030","1":"product","2":"type-product","3":"status-publish","4":"has-post-thumbnail","6":"product_cat-telescopen-alle-telescopen","7":"product_cat-telescopen-refractor-apochromatic-doublet","8":"product_cat-merken","9":"product_cat-telescopen-refractor-telescopen","10":"product_cat-sharpstar","11":"product_cat-telescopen","13":"first","14":"instock","15":"taxable","16":"shipping-taxable","17":"purchasable","18":"product-type-simple"},"acf":[],"yoast_head":"<!-- This site is optimized with the Yoast SEO plugin v27.3 - https:\/\/yoast.com\/product\/yoast-seo-wordpress\/ -->\n<title>Askar 80ED Doublet telescoop - Ganymedes<\/title>\n<meta name=\"description\" content=\"Askar 80ED Doublet telescoop. Veel voor weinig, uitstekende telescoop voor de beginnende astro fotograaf. Of als je visueel wilt kijken, maan en planeten\" \/>\n<meta name=\"robots\" content=\"noindex, follow, max-snippet:-1, max-image-preview:large, max-video-preview:-1\" \/>\n<meta property=\"og:locale\" content=\"en_US\" \/>\n<meta property=\"og:type\" content=\"article\" \/>\n<meta property=\"og:title\" content=\"Askar 80ED Doublet telescoop - Ganymedes\" \/>\n<meta property=\"og:description\" content=\"Askar 80ED Doublet telescoop. Veel voor weinig, uitstekende telescoop voor de beginnende astro fotograaf. Of als je visueel wilt kijken, maan en planeten\" \/>\n<meta property=\"og:url\" content=\"https:\/\/dev4-ganymedes.nl\/en\/product\/askar-80ed-doublet-telescoop\/\" \/>\n<meta property=\"og:site_name\" content=\"Ganymedes\" \/>\n<meta property=\"article:publisher\" content=\"https:\/\/www.facebook.com\/GanymedesTelescopen\/\" \/>\n<meta property=\"article:modified_time\" content=\"2026-05-08T01:47:14+00:00\" \/>\n<meta property=\"og:image\" content=\"https:\/\/dev4-ganymedes.nl\/wp-content\/uploads\/2025\/11\/Askar-80ED-1.webp\" \/>\n\t<meta property=\"og:image:width\" content=\"800\" \/>\n\t<meta property=\"og:image:height\" content=\"596\" \/>\n\t<meta property=\"og:image:type\" content=\"image\/webp\" \/>\n<meta name=\"twitter:card\" content=\"summary_large_image\" \/>\n<meta name=\"twitter:site\" content=\"@Ganymedes_NL\" \/>\n<meta name=\"twitter:label1\" content=\"Est. reading time\" \/>\n\t<meta name=\"twitter:data1\" content=\"3 minutes\" \/>\n<!-- \/ Yoast SEO plugin. -->","yoast_head_json":{"title":"Askar 80ED Doublet telescoop - Ganymedes","description":"Askar 80ED Doublet telescoop. Veel voor weinig, uitstekende telescoop voor de beginnende astro fotograaf. Of als je visueel wilt kijken, maan en planeten","robots":{"index":"noindex","follow":"follow","max-snippet":"max-snippet:-1","max-image-preview":"max-image-preview:large","max-video-preview":"max-video-preview:-1"},"og_locale":"en_US","og_type":"article","og_title":"Askar 80ED Doublet telescoop - Ganymedes","og_description":"Askar 80ED Doublet telescoop. Veel voor weinig, uitstekende telescoop voor de beginnende astro fotograaf. Of als je visueel wilt kijken, maan en planeten","og_url":"https:\/\/dev4-ganymedes.nl\/en\/product\/askar-80ed-doublet-telescoop\/","og_site_name":"Ganymedes","article_publisher":"https:\/\/www.facebook.com\/GanymedesTelescopen\/","article_modified_time":"2026-05-08T01:47:14+00:00","og_image":[{"width":800,"height":596,"url":"https:\/\/dev4-ganymedes.nl\/wp-content\/uploads\/2025\/11\/Askar-80ED-1.webp","type":"image\/webp"}],"twitter_card":"summary_large_image","twitter_site":"@Ganymedes_NL","twitter_misc":{"Est. reading time":"3 minutes"},"schema":{"@context":"https:\/\/schema.org","@graph":[{"@type":"WebPage","@id":"https:\/\/dev4-ganymedes.nl\/en\/product\/askar-80ed-doublet-telescoop\/","url":"https:\/\/dev4-ganymedes.nl\/en\/product\/askar-80ed-doublet-telescoop\/","name":"Askar 80ED Doublet telescoop - Ganymedes","isPartOf":{"@id":"https:\/\/dev4-ganymedes.nl\/en\/#website"},"primaryImageOfPage":{"@id":"https:\/\/dev4-ganymedes.nl\/en\/product\/askar-80ed-doublet-telescoop\/#primaryimage"},"image":{"@id":"https:\/\/dev4-ganymedes.nl\/en\/product\/askar-80ed-doublet-telescoop\/#primaryimage"},"thumbnailUrl":"https:\/\/dev4-ganymedes.nl\/wp-content\/uploads\/2025\/11\/Askar-80ED-1.webp","datePublished":"2025-11-20T11:20:42+00:00","dateModified":"2026-05-08T01:47:14+00:00","description":"Askar 80ED Doublet telescoop. Veel voor weinig, uitstekende telescoop voor de beginnende astro fotograaf. Of als je visueel wilt kijken, maan en planeten","breadcrumb":{"@id":"https:\/\/dev4-ganymedes.nl\/en\/product\/askar-80ed-doublet-telescoop\/#breadcrumb"},"inLanguage":"en-US","potentialAction":[{"@type":"ReadAction","target":["https:\/\/dev4-ganymedes.nl\/en\/product\/askar-80ed-doublet-telescoop\/"]}]},{"@type":"ImageObject","inLanguage":"en-US","@id":"https:\/\/dev4-ganymedes.nl\/en\/product\/askar-80ed-doublet-telescoop\/#primaryimage","url":"https:\/\/dev4-ganymedes.nl\/wp-content\/uploads\/2025\/11\/Askar-80ED-1.webp","contentUrl":"https:\/\/dev4-ganymedes.nl\/wp-content\/uploads\/2025\/11\/Askar-80ED-1.webp","width":800,"height":596,"caption":"Askar 80ED Doublet telescoop"},{"@type":"BreadcrumbList","@id":"https:\/\/dev4-ganymedes.nl\/en\/product\/askar-80ed-doublet-telescoop\/#breadcrumb","itemListElement":[{"@type":"ListItem","position":1,"name":"Home","item":"https:\/\/dev4-ganymedes.nl\/ganymedes-is-de-telescoopwinkel-voor-al-je-optische-instrumenten-en-technieken\/"},{"@type":"ListItem","position":2,"name":"Store","item":"https:\/\/dev4-ganymedes.nl\/store\/"},{"@type":"ListItem","position":3,"name":"Askar 80ED Doublet telescoop"}]},{"@type":"WebSite","@id":"https:\/\/dev4-ganymedes.nl\/en\/#website","url":"https:\/\/dev4-ganymedes.nl\/en\/","name":"Ganymedes","description":"Ganymedes","publisher":{"@id":"https:\/\/dev4-ganymedes.nl\/en\/#organization"},"potentialAction":[{"@type":"SearchAction","target":{"@type":"EntryPoint","urlTemplate":"https:\/\/dev4-ganymedes.nl\/en\/?s={search_term_string}"},"query-input":{"@type":"PropertyValueSpecification","valueRequired":true,"valueName":"search_term_string"}}],"inLanguage":"en-US"},{"@type":"Organization","@id":"https:\/\/dev4-ganymedes.nl\/en\/#organization","name":"Ganymedes","url":"https:\/\/dev4-ganymedes.nl\/en\/","logo":{"@type":"ImageObject","inLanguage":"en-US","@id":"https:\/\/dev4-ganymedes.nl\/en\/#\/schema\/logo\/image\/","url":"https:\/\/www.ganymedes.nl\/wp-content\/uploads\/2019\/11\/GanymedesLogo_v1_small.png","contentUrl":"https:\/\/www.ganymedes.nl\/wp-content\/uploads\/2019\/11\/GanymedesLogo_v1_small.png","width":450,"height":90,"caption":"Ganymedes"},"image":{"@id":"https:\/\/dev4-ganymedes.nl\/en\/#\/schema\/logo\/image\/"},"sameAs":["https:\/\/www.facebook.com\/GanymedesTelescopen\/","https:\/\/x.com\/Ganymedes_NL"]}]}},"_links":{"self":[{"href":"https:\/\/dev4-ganymedes.nl\/en\/wp-json\/wp\/v2\/product\/56030","targetHints":{"allow":["GET"]}}],"collection":[{"href":"https:\/\/dev4-ganymedes.nl\/en\/wp-json\/wp\/v2\/product"}],"about":[{"href":"https:\/\/dev4-ganymedes.nl\/en\/wp-json\/wp\/v2\/types\/product"}],"replies":[{"embeddable":true,"href":"https:\/\/dev4-ganymedes.nl\/en\/wp-json\/wp\/v2\/comments?post=56030"}],"wp:featuredmedia":[{"embeddable":true,"href":"https:\/\/dev4-ganymedes.nl\/en\/wp-json\/wp\/v2\/media\/56031"}],"wp:attachment":[{"href":"https:\/\/dev4-ganymedes.nl\/en\/wp-json\/wp\/v2\/media?parent=56030"}],"wp:term":[{"taxonomy":"product_brand","embeddable":true,"href":"https:\/\/dev4-ganymedes.nl\/en\/wp-json\/wp\/v2\/product_brand?post=56030"},{"taxonomy":"product_cat","embeddable":true,"href":"https:\/\/dev4-ganymedes.nl\/en\/wp-json\/wp\/v2\/product_cat?post=56030"},{"taxonomy":"product_tag","embeddable":true,"href":"https:\/\/dev4-ganymedes.nl\/en\/wp-json\/wp\/v2\/product_tag?post=56030"}],"curies":[{"name":"wp","href":"https:\/\/api.w.org\/{rel}","templated":true}]}}