{"id":55344,"date":"2025-10-23T12:24:14","date_gmt":"2025-10-23T10:24:14","guid":{"rendered":"https:\/\/www.ganymedes.nl\/?post_type=product&#038;p=55344"},"modified":"2026-02-24T15:00:02","modified_gmt":"2026-02-24T14:00:02","slug":"optolong-l2-dual-combo-set-l-extreme-l-synergy","status":"publish","type":"product","link":"https:\/\/dev4-ganymedes.nl\/en\/product\/optolong-l2-dual-combo-set-l-extreme-l-synergy\/","title":{"rendered":"Optolong L2 Dual-Combo Set (L-eXtreme &amp; L-Synergy)"},"content":{"rendered":"<h2>Optolong L2 Dual-Combo Set (L-eXtreme &amp; L-Synergy)<\/h2>\n<h3 data-start=\"60\" data-end=\"92\">Wat is de L2 Dual-Combo Set?<\/h3>\n<p data-start=\"94\" data-end=\"174\">De L2 Dual-Combo Set bevat twee premium filters: \u00e9\u00e9n L-eXtreme 2 inch filter en \u00e9\u00e9n L-Synergy 2 inch filter.<\/p>\n<p data-start=\"176\" data-end=\"737\"><strong data-start=\"176\" data-end=\"190\">L-eXtreme:<\/strong><br data-start=\"190\" data-end=\"193\" \/>De L-eXtreme is een dual-narrowband filter (OIII-7nm &amp; Ha-7nm) dat speciaal is ontworpen om uitsluitend de belangrijkste nevel-emissielijnen van OIII (500,7 nm) en H\u03b1 (656,3 nm) door te laten. Door effectief alle andere lichtvervuilingslijnen te blokkeren, zorgt het ervoor dat alleen signalen van OIII- en H\u03b1-elementen tijdens het fotograferen worden vastgelegd. Dit levert een maximale effectieve transmissie op. Met jaren van technologische verfijning optimaliseert het de prestaties aanzienlijk bij het onderdrukken van halo\u2019s van felle sterren.<\/p>\n<p data-start=\"739\" data-end=\"1370\"><strong data-start=\"739\" data-end=\"753\">L-Synergy:<\/strong><br data-start=\"753\" data-end=\"756\" \/>De L-Synergy is een dual-narrowband filter (OIII-7nm &amp; SII-7nm) dat hoge transmissie garandeert voor zowel de SII (672,4 nm) als OIII (500,7 nm) spectrale lijnen, terwijl het een uitzonderlijke onderdrukking biedt van alle andere golflengten buiten deze banden. Door effectief alle andere lichtvervuilingslijnen te blokkeren, zorgt het ervoor dat alleen signalen van OIII- en SII-elementen tijdens het fotograferen worden vastgelegd. Dit levert een maximale effectieve transmissie op. Dankzij jaren van technologische verfijning verbetert het de prestaties aanzienlijk bij het onderdrukken van halo\u2019s van felle sterren.<\/p>\n<h3>Waarom is er een L2 Dual-Combo Set?<\/h3>\n<p>De L2 Dual-Combo Set is ontworpen om de kracht van Hubble Palette-beeldvorming voor gebruikers van kleurencamera&#8217;s te benutten en ondersteunt telescopische systemen met een snelheid van F3.3 en hoger (langzamer systeem).<\/p>\n<p>Deze set is speciaal ontworpen voor astrofotografen die met kleurencamera&#8217;s werken en bevat twee hoogwaardige filters: OIII &amp; H\u03b1 (L-eXtreme) en OIII &amp; SII (L-Synergy).<\/p>\n<p>Deze innovatieve combinatie doorbreekt de traditionele beperkingen van smalbandbeeldvorming met kleurencamera&#8217;s. Zonder dat ze hoeven over te stappen op een monochrome camera of te investeren in een dure SHO-set met drie filters, kunnen gebruikers verbluffende Hubble Palette-beelden realiseren tegen een fractie van de kosten en complexiteit.<\/p>\n<p>De belangrijkste aantrekkingskracht van dit combinatiedesign ligt in het verlagen van barri\u00e8res en het vergroten van mogelijkheden voor gebruikers van kleurencamera&#8217;s. Het behoudt de voordelen van kleurencamera&#8217;s op het gebied van apparatuur, terwijl gebruikers met minimale kosten en een minimalistische filtercombinatie creatieve mogelijkheden \u00e0 la Hubble kunnen ontgrendelen. Tegelijkertijd biedt het meer flexibiliteit voor astrofotografie.<\/p>\n<p>Of het nu gaat om het vastleggen van neveldetails of het reproduceren van deepsky-kleuren, deze combinatie maakt een rijkere creatieve expressie mogelijk en benut het volledige potentieel van kleurencamera&#8217;s in deepsky-fotografie.<\/p>\n<h3>Spectrum en karakteristieken<\/h3>\n<p>Op basis van de kenmerken van hemelse emissielijnen en lichtvervuilingemissielijnen behoudt de L2 Dual-Combo Set de kenmerkende kleuren van nevels in OIII, H\u03b1 en SII, terwijl het overgrote deel van de lichtvervuiling wordt weggefilterd. Het transmissieprofiel is speciaal ontworpen en optisch geoptimaliseerd en ziet er als volgt uit:<\/p>\n<p><img loading=\"lazy\" decoding=\"async\" class=\"alignnone wp-image-55347 size-vp_md\" title=\"L2 Dual-Combo Set\" src=\"https:\/\/www.ganymedes.nl\/wp-content\/uploads\/2025\/10\/L2-combo-set-800x371.png\" alt=\"L2 Dual-Combo Set\" width=\"800\" height=\"371\" srcset=\"https:\/\/dev4-ganymedes.nl\/wp-content\/uploads\/2025\/10\/L2-combo-set-800x371.png 800w, https:\/\/dev4-ganymedes.nl\/wp-content\/uploads\/2025\/10\/L2-combo-set-324x150.png 324w, https:\/\/dev4-ganymedes.nl\/wp-content\/uploads\/2025\/10\/L2-combo-set-416x193.png 416w, https:\/\/dev4-ganymedes.nl\/wp-content\/uploads\/2025\/10\/L2-combo-set-300x139.png 300w, https:\/\/dev4-ganymedes.nl\/wp-content\/uploads\/2025\/10\/L2-combo-set-1030x478.png 1030w, https:\/\/dev4-ganymedes.nl\/wp-content\/uploads\/2025\/10\/L2-combo-set-768x356.png 768w, https:\/\/dev4-ganymedes.nl\/wp-content\/uploads\/2025\/10\/L2-combo-set-140x65.png 140w, https:\/\/dev4-ganymedes.nl\/wp-content\/uploads\/2025\/10\/L2-combo-set-500x232.png 500w, https:\/\/dev4-ganymedes.nl\/wp-content\/uploads\/2025\/10\/L2-combo-set.png 1170w\" sizes=\"auto, (max-width: 800px) 100vw, 800px\" \/><\/p>\n<p data-start=\"0\" data-end=\"247\">Door de spectrale kenmerken van zowel hemellichamen als lichtvervuiling te analyseren, weet het L-Synergy-filter selectief de kleuren van SII- en OIII-nevels te behouden, terwijl het grootste deel van de lichtvervuiling effectief wordt gefilterd.<\/p>\n<p data-start=\"249\" data-end=\"535\" data-is-last-node=\"\" data-is-only-node=\"\">De L-Synergy is specifiek ontworpen en optisch geoptimaliseerd om een consistent hoge transmissie te bieden binnen zowel het SII- als het OIII-bereik. Hierdoor kunnen gebruikers de emissies van nevels zeer nauwkeurig vastleggen, wat resulteert in optimale astrofotografische prestaties.<\/p>\n<p><img loading=\"lazy\" decoding=\"async\" class=\"alignleft wp-image-55345 size-vp_md\" title=\"L2 Dual-Combo Set grafiek\" src=\"https:\/\/www.ganymedes.nl\/wp-content\/uploads\/2025\/10\/L2-combo-set-grafiek-800x131.jpg\" alt=\"L2 Dual-Combo Set\" width=\"800\" height=\"131\" srcset=\"https:\/\/dev4-ganymedes.nl\/wp-content\/uploads\/2025\/10\/L2-combo-set-grafiek-800x131.jpg 800w, https:\/\/dev4-ganymedes.nl\/wp-content\/uploads\/2025\/10\/L2-combo-set-grafiek-324x53.jpg 324w, https:\/\/dev4-ganymedes.nl\/wp-content\/uploads\/2025\/10\/L2-combo-set-grafiek-416x68.jpg 416w, https:\/\/dev4-ganymedes.nl\/wp-content\/uploads\/2025\/10\/L2-combo-set-grafiek-300x49.jpg 300w, https:\/\/dev4-ganymedes.nl\/wp-content\/uploads\/2025\/10\/L2-combo-set-grafiek-768x126.jpg 768w, https:\/\/dev4-ganymedes.nl\/wp-content\/uploads\/2025\/10\/L2-combo-set-grafiek-140x23.jpg 140w, https:\/\/dev4-ganymedes.nl\/wp-content\/uploads\/2025\/10\/L2-combo-set-grafiek-500x82.jpg 500w, https:\/\/dev4-ganymedes.nl\/wp-content\/uploads\/2025\/10\/L2-combo-set-grafiek.jpg 950w\" sizes=\"auto, (max-width: 800px) 100vw, 800px\" \/><\/p>\n<p>&nbsp;<\/p>\n<h3>Coating technologie<\/h3>\n<ul>\n<li data-start=\"0\" data-end=\"54\">Meervoudige antireflectiecoating in meerdere lagen<\/li>\n<li data-start=\"0\" data-end=\"54\">Coating op optisch substraat zonder verlijming<\/li>\n<li data-start=\"0\" data-end=\"54\">Optolong-filters maken gebruik van precisiecoating op basis van ion-assisted deposition-technologie, wat zorgt voor duurzaamheid, krasbestendigheid en stabiliteit van de centrale golflengte (CWL), zonder afwijking door temperatuurschommelingen.<\/li>\n<li data-start=\"0\" data-end=\"54\">Het planetaire rotatiesysteem garandeert precisie en homogeniteit van de coatings, wat resulteert in een hoge transmissiewaarde binnen het doorgangsgebied en een hoge optische dichtheid buiten het filterbereik.<\/li>\n<\/ul>\n<h3>Levering van de Optolong L2 Dual-Combo Set (L-eXtreme &amp; L-Synergy) omvat:<\/h3>\n<p><img loading=\"lazy\" decoding=\"async\" class=\"alignnone wp-image-55349 size-vp_sm\" title=\"L2 combo set box\" src=\"https:\/\/www.ganymedes.nl\/wp-content\/uploads\/2025\/10\/L2-combo-set-box-e1761215864105-500x413.jpg\" alt=\"L2 combo set box\" width=\"500\" height=\"413\" srcset=\"https:\/\/dev4-ganymedes.nl\/wp-content\/uploads\/2025\/10\/L2-combo-set-box-e1761215864105-500x413.jpg 500w, https:\/\/dev4-ganymedes.nl\/wp-content\/uploads\/2025\/10\/L2-combo-set-box-e1761215864105-324x267.jpg 324w, https:\/\/dev4-ganymedes.nl\/wp-content\/uploads\/2025\/10\/L2-combo-set-box-e1761215864105-416x343.jpg 416w, https:\/\/dev4-ganymedes.nl\/wp-content\/uploads\/2025\/10\/L2-combo-set-box-e1761215864105-300x248.jpg 300w, https:\/\/dev4-ganymedes.nl\/wp-content\/uploads\/2025\/10\/L2-combo-set-box-e1761215864105-768x634.jpg 768w, https:\/\/dev4-ganymedes.nl\/wp-content\/uploads\/2025\/10\/L2-combo-set-box-e1761215864105-140x116.jpg 140w, https:\/\/dev4-ganymedes.nl\/wp-content\/uploads\/2025\/10\/L2-combo-set-box-e1761215864105-800x660.jpg 800w, https:\/\/dev4-ganymedes.nl\/wp-content\/uploads\/2025\/10\/L2-combo-set-box-e1761215864105.jpg 1000w\" sizes=\"auto, (max-width: 500px) 100vw, 500px\" \/><\/p>\n<ul>\n<li>Optolong L-Synergy 2 inch\uff08M48\u00d70.75\uff09<\/li>\n<li>Optolong L-Extreme 2 inch\uff08M48\u00d70.75\uff09<\/li>\n<li>opbergbox<\/li>\n<\/ul>\n<h4>Plaats je bestelling online of kom langs in de winkel<\/h4>\n<p>Heb je gevonden wat je zoekt en wil je bijvoorbeeld de Optolong L2 Dual-Combo Set (L-eXtreme &amp; L-Synergy) bestellen? Dan doe je dit heel eenvoudig online. Bekijk je deze producten liever in het echt voordat je ze koopt? Ook dat is bij ons mogelijk. Je bent van harte welkom in onze showroom in Amstelveen van maandag tot vrijdag tussen 10.00 en 17.00 uur. Op zaterdag is de showroom ook geopend, maar dan van 10.00 tot 16.30 uur. Voor meer informatie en advies kun je ook telefonisch contact met ons opnemen via <a href=\"tel:0031206412083\">020-6412083<\/a>. We helpen je graag.<\/p>\n","protected":false},"excerpt":{"rendered":"<p>De L2 Dual-Combo Set bevat twee premium filters: \u00e9\u00e9n L-eXtreme 2 inch filter en \u00e9\u00e9n L-Synergy 2 inch filter. Deze set is ontworpen om de kracht van Hubble Palette-beeldvorming voor gebruikers van kleurencamera&#8217;s te benutten en ondersteunt telescopische systemen met een snelheid van F\/3.3 en hoger (langzamer systeem).<\/p>\n","protected":false},"featured_media":55353,"comment_status":"open","ping_status":"closed","template":"","meta":{"_acf_changed":false,"_vp_format_video_url":"","_vp_image_focal_point":[],"_vp_custom_popup_image":0,"_vp_format_audio_url":"","_vp_custom_thumbnail":0,"_vp_custom_thumbnail_focal_point":[],"_vp_hover_thumbnail":0,"_vp_hover_thumbnail_focal_point":[]},"product_brand":[],"product_cat":[267,274,342,394],"product_tag":[],"class_list":{"0":"post-55344","1":"product","2":"type-product","3":"status-publish","4":"has-post-thumbnail","6":"product_cat-astrophotography-en","7":"product_cat-astrophotography-filters-en","8":"product_cat-brands-en","9":"product_cat-brands-optolong-en","11":"first","12":"instock","13":"taxable","14":"shipping-taxable","15":"purchasable","16":"product-type-simple"},"acf":[],"yoast_head":"<!-- This site is optimized with the Yoast SEO plugin v27.3 - https:\/\/yoast.com\/product\/yoast-seo-wordpress\/ -->\n<title>Optolong L2 Dual-Combo Set (L-eXtreme &amp; L-Synergy) - Ganymedes<\/title>\n<meta name=\"description\" content=\"De L2 Dual-Combo Set bevat twee premium filters: \u00e9\u00e9n L-eXtreme 2 inch filter en \u00e9\u00e9n L-Synergy 2 inch filter. Deze set is verkrijgbaar bij Ganymedes!\" \/>\n<meta name=\"robots\" content=\"noindex, follow, max-snippet:-1, max-image-preview:large, max-video-preview:-1\" \/>\n<meta property=\"og:locale\" content=\"en_US\" \/>\n<meta property=\"og:type\" content=\"article\" \/>\n<meta property=\"og:title\" content=\"Optolong L2 Dual-Combo Set (L-eXtreme &amp; L-Synergy) - Ganymedes\" \/>\n<meta property=\"og:description\" content=\"De L2 Dual-Combo Set bevat twee premium filters: \u00e9\u00e9n L-eXtreme 2 inch filter en \u00e9\u00e9n L-Synergy 2 inch filter. Deze set is verkrijgbaar bij Ganymedes!\" \/>\n<meta property=\"og:url\" content=\"https:\/\/dev4-ganymedes.nl\/en\/product\/optolong-l2-dual-combo-set-l-extreme-l-synergy\/\" \/>\n<meta property=\"og:site_name\" content=\"Ganymedes\" \/>\n<meta property=\"article:publisher\" content=\"https:\/\/www.facebook.com\/GanymedesTelescopen\/\" \/>\n<meta property=\"article:modified_time\" content=\"2026-02-24T14:00:02+00:00\" \/>\n<meta property=\"og:image\" content=\"https:\/\/dev4-ganymedes.nl\/wp-content\/uploads\/2025\/10\/Optolong-L2-combo-set-e1761219535576.jpg\" \/>\n\t<meta property=\"og:image:width\" content=\"500\" \/>\n\t<meta property=\"og:image:height\" content=\"500\" \/>\n\t<meta property=\"og:image:type\" content=\"image\/jpeg\" \/>\n<meta name=\"twitter:card\" content=\"summary_large_image\" \/>\n<meta name=\"twitter:site\" content=\"@Ganymedes_NL\" \/>\n<meta name=\"twitter:label1\" content=\"Est. reading time\" \/>\n\t<meta name=\"twitter:data1\" content=\"5 minutes\" \/>\n<!-- \/ Yoast SEO plugin. -->","yoast_head_json":{"title":"Optolong L2 Dual-Combo Set (L-eXtreme &amp; L-Synergy) - Ganymedes","description":"De L2 Dual-Combo Set bevat twee premium filters: \u00e9\u00e9n L-eXtreme 2 inch filter en \u00e9\u00e9n L-Synergy 2 inch filter. Deze set is verkrijgbaar bij Ganymedes!","robots":{"index":"noindex","follow":"follow","max-snippet":"max-snippet:-1","max-image-preview":"max-image-preview:large","max-video-preview":"max-video-preview:-1"},"og_locale":"en_US","og_type":"article","og_title":"Optolong L2 Dual-Combo Set (L-eXtreme &amp; L-Synergy) - Ganymedes","og_description":"De L2 Dual-Combo Set bevat twee premium filters: \u00e9\u00e9n L-eXtreme 2 inch filter en \u00e9\u00e9n L-Synergy 2 inch filter. Deze set is verkrijgbaar bij Ganymedes!","og_url":"https:\/\/dev4-ganymedes.nl\/en\/product\/optolong-l2-dual-combo-set-l-extreme-l-synergy\/","og_site_name":"Ganymedes","article_publisher":"https:\/\/www.facebook.com\/GanymedesTelescopen\/","article_modified_time":"2026-02-24T14:00:02+00:00","og_image":[{"width":500,"height":500,"url":"https:\/\/dev4-ganymedes.nl\/wp-content\/uploads\/2025\/10\/Optolong-L2-combo-set-e1761219535576.jpg","type":"image\/jpeg"}],"twitter_card":"summary_large_image","twitter_site":"@Ganymedes_NL","twitter_misc":{"Est. reading time":"5 minutes"},"schema":{"@context":"https:\/\/schema.org","@graph":[{"@type":"WebPage","@id":"https:\/\/dev4-ganymedes.nl\/en\/product\/optolong-l2-dual-combo-set-l-extreme-l-synergy\/","url":"https:\/\/dev4-ganymedes.nl\/en\/product\/optolong-l2-dual-combo-set-l-extreme-l-synergy\/","name":"Optolong L2 Dual-Combo Set (L-eXtreme &amp; L-Synergy) - Ganymedes","isPartOf":{"@id":"https:\/\/dev4-ganymedes.nl\/en\/#website"},"primaryImageOfPage":{"@id":"https:\/\/dev4-ganymedes.nl\/en\/product\/optolong-l2-dual-combo-set-l-extreme-l-synergy\/#primaryimage"},"image":{"@id":"https:\/\/dev4-ganymedes.nl\/en\/product\/optolong-l2-dual-combo-set-l-extreme-l-synergy\/#primaryimage"},"thumbnailUrl":"https:\/\/dev4-ganymedes.nl\/wp-content\/uploads\/2025\/10\/Optolong-L2-combo-set-e1761219535576.jpg","datePublished":"2025-10-23T10:24:14+00:00","dateModified":"2026-02-24T14:00:02+00:00","description":"De L2 Dual-Combo Set bevat twee premium filters: \u00e9\u00e9n L-eXtreme 2 inch filter en \u00e9\u00e9n L-Synergy 2 inch filter. Deze set is verkrijgbaar bij Ganymedes!","breadcrumb":{"@id":"https:\/\/dev4-ganymedes.nl\/en\/product\/optolong-l2-dual-combo-set-l-extreme-l-synergy\/#breadcrumb"},"inLanguage":"en-US","potentialAction":[{"@type":"ReadAction","target":["https:\/\/dev4-ganymedes.nl\/en\/product\/optolong-l2-dual-combo-set-l-extreme-l-synergy\/"]}]},{"@type":"ImageObject","inLanguage":"en-US","@id":"https:\/\/dev4-ganymedes.nl\/en\/product\/optolong-l2-dual-combo-set-l-extreme-l-synergy\/#primaryimage","url":"https:\/\/dev4-ganymedes.nl\/wp-content\/uploads\/2025\/10\/Optolong-L2-combo-set-e1761219535576.jpg","contentUrl":"https:\/\/dev4-ganymedes.nl\/wp-content\/uploads\/2025\/10\/Optolong-L2-combo-set-e1761219535576.jpg","width":500,"height":500,"caption":"Optolong L2 combo set"},{"@type":"BreadcrumbList","@id":"https:\/\/dev4-ganymedes.nl\/en\/product\/optolong-l2-dual-combo-set-l-extreme-l-synergy\/#breadcrumb","itemListElement":[{"@type":"ListItem","position":1,"name":"Home","item":"https:\/\/dev4-ganymedes.nl\/ganymedes-is-de-telescoopwinkel-voor-al-je-optische-instrumenten-en-technieken\/"},{"@type":"ListItem","position":2,"name":"Store","item":"https:\/\/dev4-ganymedes.nl\/store\/"},{"@type":"ListItem","position":3,"name":"Optolong L2 Dual-Combo Set (L-eXtreme &amp; L-Synergy)"}]},{"@type":"WebSite","@id":"https:\/\/dev4-ganymedes.nl\/en\/#website","url":"https:\/\/dev4-ganymedes.nl\/en\/","name":"Ganymedes","description":"Ganymedes","publisher":{"@id":"https:\/\/dev4-ganymedes.nl\/en\/#organization"},"potentialAction":[{"@type":"SearchAction","target":{"@type":"EntryPoint","urlTemplate":"https:\/\/dev4-ganymedes.nl\/en\/?s={search_term_string}"},"query-input":{"@type":"PropertyValueSpecification","valueRequired":true,"valueName":"search_term_string"}}],"inLanguage":"en-US"},{"@type":"Organization","@id":"https:\/\/dev4-ganymedes.nl\/en\/#organization","name":"Ganymedes","url":"https:\/\/dev4-ganymedes.nl\/en\/","logo":{"@type":"ImageObject","inLanguage":"en-US","@id":"https:\/\/dev4-ganymedes.nl\/en\/#\/schema\/logo\/image\/","url":"https:\/\/www.ganymedes.nl\/wp-content\/uploads\/2019\/11\/GanymedesLogo_v1_small.png","contentUrl":"https:\/\/www.ganymedes.nl\/wp-content\/uploads\/2019\/11\/GanymedesLogo_v1_small.png","width":450,"height":90,"caption":"Ganymedes"},"image":{"@id":"https:\/\/dev4-ganymedes.nl\/en\/#\/schema\/logo\/image\/"},"sameAs":["https:\/\/www.facebook.com\/GanymedesTelescopen\/","https:\/\/x.com\/Ganymedes_NL"]}]}},"_links":{"self":[{"href":"https:\/\/dev4-ganymedes.nl\/en\/wp-json\/wp\/v2\/product\/55344","targetHints":{"allow":["GET"]}}],"collection":[{"href":"https:\/\/dev4-ganymedes.nl\/en\/wp-json\/wp\/v2\/product"}],"about":[{"href":"https:\/\/dev4-ganymedes.nl\/en\/wp-json\/wp\/v2\/types\/product"}],"replies":[{"embeddable":true,"href":"https:\/\/dev4-ganymedes.nl\/en\/wp-json\/wp\/v2\/comments?post=55344"}],"wp:featuredmedia":[{"embeddable":true,"href":"https:\/\/dev4-ganymedes.nl\/en\/wp-json\/wp\/v2\/media\/55353"}],"wp:attachment":[{"href":"https:\/\/dev4-ganymedes.nl\/en\/wp-json\/wp\/v2\/media?parent=55344"}],"wp:term":[{"taxonomy":"product_brand","embeddable":true,"href":"https:\/\/dev4-ganymedes.nl\/en\/wp-json\/wp\/v2\/product_brand?post=55344"},{"taxonomy":"product_cat","embeddable":true,"href":"https:\/\/dev4-ganymedes.nl\/en\/wp-json\/wp\/v2\/product_cat?post=55344"},{"taxonomy":"product_tag","embeddable":true,"href":"https:\/\/dev4-ganymedes.nl\/en\/wp-json\/wp\/v2\/product_tag?post=55344"}],"curies":[{"name":"wp","href":"https:\/\/api.w.org\/{rel}","templated":true}]}}