{"id":55023,"date":"2025-10-02T14:53:33","date_gmt":"2025-10-02T12:53:33","guid":{"rendered":"https:\/\/www.ganymedes.nl\/?post_type=product&#038;p=55023"},"modified":"2025-10-28T10:18:49","modified_gmt":"2025-10-28T09:18:49","slug":"askar-91f-flat-field-quadruplet","status":"publish","type":"product","link":"https:\/\/dev4-ganymedes.nl\/en\/product\/askar-91f-flat-field-quadruplet\/","title":{"rendered":"Askar 91F Flat-Field Quadruplet"},"content":{"rendered":"<h1>De grootste uit de Askar F serie. 91F Quadruplet<\/h1>\n<p>De Askar 91F is een OTA met een diafragma van 91 mm, een brandpuntsafstand van 609 mm en een native brandpuntsafstand van F6.7.<\/p>\n<p>Het optische ontwerp van de Askar 91F bestaat uit een configuratie met vier elementen (drie elementen aan de voorkant en \u00e9\u00e9n aan de achterkant), waaronder \u00e9\u00e9n stuk ED-glas, dat chromatische aberratie effectief kan verminderen. De Askar 91F ondersteunt 44mm full-frame-opnamen met uitstekende prestaties van de omliggende sterpunten.<\/p>\n<div style=\"width: 980px;\" class=\"wp-video\"><video class=\"wp-video-shortcode\" id=\"video-55023-1\" width=\"980\" height=\"490\" loop preload=\"auto\" controls=\"controls\"><source type=\"video\/mp4\" src=\"https:\/\/www.ganymedes.nl\/wp-content\/uploads\/2025\/10\/Askar-91F-2.mp4?_=1\" \/><a href=\"https:\/\/www.ganymedes.nl\/wp-content\/uploads\/2025\/10\/Askar-91F-2.mp4\">https:\/\/www.ganymedes.nl\/wp-content\/uploads\/2025\/10\/Askar-91F-2.mp4<\/a><\/video><\/div>\n<p>Door het Petzval ontwerp heeft de 91F geen flattener meer nodig. Waardoor gebruikers de backfocus niet hoeven te berekenen en geen extra flatteners hoeven aan te schaffen. Na het bevestigen van de camera kunnen gebruikers direct fotograferen nadat de OTA is scherp gesteld. Dit verlaagt de kosten verder en vergroot het plezier van fotograferen.<\/p>\n<p>De Askar 91F combineert functionaliteit en veelzijdigheid met een lichtgewicht draagbaarheid dankzij het compacte ontwerp. De OTA weegt slechts 3,92 kg, met een brutogewicht van 4,52 kg (inclusief buisringen en zwaluwstaartplaat).<\/p>\n<h3>Veelzijdig<\/h3>\n<p>Veelzijdig zo zou je de 91F wel kunnen noemen. Zowel in gebruik voor zowel visuele observatie als astrofotografie. Voor het gebruiksgemak wordt hij standaard geleverd met drie visuele accessoires: een oculair van 8 mm, een oculair van 20 mm en een omkeerprisma van 1.25 inch. Het 8mm oculair heeft een vergroting van 76x en het 20mm oculair heeft een vergroting van 30x. De Askar 91F kan met verschillende oculairs worden gebruikt, afhankelijk van het doel. Beide oculairs zijn ideaal voor het bekijken van vogels en landschappen.<\/p>\n<p><a href=\"https:\/\/www.ganymedes.nl\/wp-content\/uploads\/2025\/10\/Askar-91F-3.jpg\"><img loading=\"lazy\" decoding=\"async\" class=\"alignnone wp-image-55028 size-vp_md\" title=\"Askar 91F Flat-Field Quadruplet\" src=\"https:\/\/www.ganymedes.nl\/wp-content\/uploads\/2025\/10\/Askar-91F-3-800x433.jpg\" alt=\"Askar 91F Flat-Field Quadruplet\" width=\"800\" height=\"433\" srcset=\"https:\/\/dev4-ganymedes.nl\/wp-content\/uploads\/2025\/10\/Askar-91F-3-800x433.jpg 800w, https:\/\/dev4-ganymedes.nl\/wp-content\/uploads\/2025\/10\/Askar-91F-3-324x175.jpg 324w, https:\/\/dev4-ganymedes.nl\/wp-content\/uploads\/2025\/10\/Askar-91F-3-416x225.jpg 416w, https:\/\/dev4-ganymedes.nl\/wp-content\/uploads\/2025\/10\/Askar-91F-3-300x162.jpg 300w, https:\/\/dev4-ganymedes.nl\/wp-content\/uploads\/2025\/10\/Askar-91F-3-1030x558.jpg 1030w, https:\/\/dev4-ganymedes.nl\/wp-content\/uploads\/2025\/10\/Askar-91F-3-768x416.jpg 768w, https:\/\/dev4-ganymedes.nl\/wp-content\/uploads\/2025\/10\/Askar-91F-3-1536x832.jpg 1536w, https:\/\/dev4-ganymedes.nl\/wp-content\/uploads\/2025\/10\/Askar-91F-3-140x76.jpg 140w, https:\/\/dev4-ganymedes.nl\/wp-content\/uploads\/2025\/10\/Askar-91F-3-500x271.jpg 500w, https:\/\/dev4-ganymedes.nl\/wp-content\/uploads\/2025\/10\/Askar-91F-3-1280x693.jpg 1280w, https:\/\/dev4-ganymedes.nl\/wp-content\/uploads\/2025\/10\/Askar-91F-3.jpg 1679w\" sizes=\"auto, (max-width: 800px) 100vw, 800px\" \/><\/a><\/p>\n<p>Het mechanische ontwerp van de Askar 91F zelf is geheel in lijn met Askars consistente filosofie om rekening te houden met de gewoonten van de gebruiker en de onzichtbare kosten voor de gebruiker te minimaliseren.<\/p>\n<p>De Askar 91F is voorzien van een intrekbare dauwkap. Waardoor de totale lengte verder wordt verkort en de draagbaarheid wordt verbeterd. De binnenkant van de buis is beplakt met vilt om strooilicht beter te elimineren. Terwijl de buitenkant een strak blauw-wit kleurenschema heeft met hoogwaardige CNC-bewerking en een laklaag.<\/p>\n<h3>Montage<\/h3>\n<p>De handgreep van de Askar 91F is 130 mm lang en heeft een zoeker basiss leuf. Bovendien bevinden zich aan beide zijden van de focuser twee zoeker bases, waardoor niet alleen demontage bij het veranderen van de positie van de zoeker overbodig is, maar ook extra montagemogelijkheden voor andere astronomische accessoires ontstaan.<\/p>\n<p>Wat de focuser betreft, is de Askar 91F uitgerust met een R&amp;P 3-inch starre focuser met dubbele snelheid, die een fijn afstelling van 1:10 heeft en een 360\u00b0 geschaalde rotator aan de achterkant voor een nauwkeurige hoekafstelling. De 230 mm Vixen-stijl zwaluwstaartplaat is voorzien van 1\/4 inch en 3\/8 inch schroefgaten voor directe montage op een statief.<\/p>\n<h3>Levering van de Askar 91F Flat-Field Quadruplet omvat:<\/h3>\n<ul>\n<li>Askar 91F OTA<\/li>\n<li>Paar telescoopbeugels<\/li>\n<li>Draaghendel met sleuf voor Guide Scope<\/li>\n<li>Vixen zwaluwstaart<\/li>\n<li>Set fotografische adapters M64-M54 en M54-M48<\/li>\n<li>1.25 inch 45 graden diagonaal rechtopstaand beeld<\/li>\n<li>8 mm en 20 mm oculair<\/li>\n<\/ul>\n<p><a href=\"https:\/\/www.ganymedes.nl\/wp-content\/uploads\/2025\/10\/Askar-91F-4.jpg\"><img loading=\"lazy\" decoding=\"async\" class=\"alignnone wp-image-55046 size-vp_md\" src=\"https:\/\/www.ganymedes.nl\/wp-content\/uploads\/2025\/10\/Askar-91F-4-800x347.jpg\" alt=\"\" width=\"800\" height=\"347\" srcset=\"https:\/\/dev4-ganymedes.nl\/wp-content\/uploads\/2025\/10\/Askar-91F-4-800x347.jpg 800w, https:\/\/dev4-ganymedes.nl\/wp-content\/uploads\/2025\/10\/Askar-91F-4-324x141.jpg 324w, https:\/\/dev4-ganymedes.nl\/wp-content\/uploads\/2025\/10\/Askar-91F-4-416x180.jpg 416w, https:\/\/dev4-ganymedes.nl\/wp-content\/uploads\/2025\/10\/Askar-91F-4-300x130.jpg 300w, https:\/\/dev4-ganymedes.nl\/wp-content\/uploads\/2025\/10\/Askar-91F-4-1030x447.jpg 1030w, https:\/\/dev4-ganymedes.nl\/wp-content\/uploads\/2025\/10\/Askar-91F-4-768x333.jpg 768w, https:\/\/dev4-ganymedes.nl\/wp-content\/uploads\/2025\/10\/Askar-91F-4-1536x666.jpg 1536w, https:\/\/dev4-ganymedes.nl\/wp-content\/uploads\/2025\/10\/Askar-91F-4-140x61.jpg 140w, https:\/\/dev4-ganymedes.nl\/wp-content\/uploads\/2025\/10\/Askar-91F-4-500x217.jpg 500w, https:\/\/dev4-ganymedes.nl\/wp-content\/uploads\/2025\/10\/Askar-91F-4-1280x555.jpg 1280w, https:\/\/dev4-ganymedes.nl\/wp-content\/uploads\/2025\/10\/Askar-91F-4.jpg 1771w\" sizes=\"auto, (max-width: 800px) 100vw, 800px\" \/><\/a><\/p>\n<h3>Plaats je bestelling online of kom langs in de winkel<\/h3>\n<p>Heb je gevonden wat je zoekt en wil je bijvoorbeeld de Askar 91F apo telescoop bestellen? Dan doe je dit heel eenvoudig online. Bekijk je deze producten liever in het echt voordat je ze koopt? Ook dat is bij ons mogelijk. Je bent van harte welkom in onze showroom in Amstelveen van maandag tot vrijdag tussen 10.00 en 17.00 uur. Op zaterdag is de showroom ook geopend, maar dan van 10.00 tot 16.30 uur. Voor meer informatie en advies kun je ook telefonisch contact met ons opnemen via <a href=\"tel:0031206412083\">020-6412083<\/a>. We helpen je graag.<\/p>\n<p><iframe loading=\"lazy\" title=\"Askar 91F Promotion Video\" width=\"980\" height=\"551\" src=\"https:\/\/www.youtube.com\/embed\/qn-tNoQ6v60?feature=oembed&#038;enablejsapi=1&#038;origin=https:\/\/www.ganymedes.nl\" frameborder=\"0\" allow=\"accelerometer; autoplay; clipboard-write; encrypted-media; gyroscope; picture-in-picture; web-share\" referrerpolicy=\"strict-origin-when-cross-origin\" allowfullscreen><\/iframe><\/p>\n<p>&nbsp;<\/p>\n","protected":false},"excerpt":{"rendered":"<p>De Askar 91F is een OTA met een diafragma van 91 mm, een brandpuntsafstand van 609 mm en een native brandpuntsafstand van F6.7.<\/p>\n","protected":false},"featured_media":55024,"comment_status":"closed","ping_status":"closed","template":"","meta":{"_acf_changed":false,"_vp_format_video_url":"","_vp_image_focal_point":[],"_vp_custom_popup_image":0,"_vp_format_audio_url":"","_vp_custom_thumbnail":0,"_vp_custom_thumbnail_focal_point":[],"_vp_hover_thumbnail":0,"_vp_hover_thumbnail_focal_point":[]},"product_brand":[],"product_cat":[252,257,258,244,342,607,242],"product_tag":[],"class_list":{"0":"post-55023","1":"product","2":"type-product","3":"status-publish","4":"has-post-thumbnail","6":"product_cat-telescopes-refractor-all-refractor-telescopes-en","7":"product_cat-telescopes-refractor-apochromatic-triplet-en","8":"product_cat-telescopes-catadioptric-astrophotography-en","9":"product_cat-telescopes-astrophotography-telescopes-en","10":"product_cat-brands-en","11":"product_cat-sharpstar","12":"product_cat-telescopes-en","13":"pa_maat-753","15":"first","16":"instock","17":"taxable","18":"shipping-taxable","19":"purchasable","20":"product-type-simple"},"acf":[],"yoast_head":"<!-- This site is optimized with the Yoast SEO plugin v27.3 - https:\/\/yoast.com\/product\/yoast-seo-wordpress\/ -->\n<title>Askar 91F Flat-Field Quadruplet - Ganymedes<\/title>\n<meta name=\"description\" content=\"Askar 91F Flat-Field Quadruplet, de grootste uit de F lijn van Askar. Uitstekend te gebruiken voor visueel als voor astrofotgrafie. Allermans vriend!\" \/>\n<meta name=\"robots\" content=\"noindex, follow, max-snippet:-1, max-image-preview:large, max-video-preview:-1\" \/>\n<meta property=\"og:locale\" content=\"nl_NL\" \/>\n<meta property=\"og:type\" content=\"article\" \/>\n<meta property=\"og:title\" content=\"Askar 91F Flat-Field Quadruplet - Ganymedes\" \/>\n<meta property=\"og:description\" content=\"Askar 91F Flat-Field Quadruplet, de grootste uit de F lijn van Askar. Uitstekend te gebruiken voor visueel als voor astrofotgrafie. Allermans vriend!\" \/>\n<meta property=\"og:url\" content=\"https:\/\/dev4-ganymedes.nl\/en\/product\/askar-91f-flat-field-quadruplet\/\" \/>\n<meta property=\"og:site_name\" content=\"Ganymedes\" \/>\n<meta property=\"article:publisher\" content=\"https:\/\/www.facebook.com\/GanymedesTelescopen\/\" \/>\n<meta property=\"article:modified_time\" content=\"2025-10-28T09:18:49+00:00\" \/>\n<meta property=\"og:image\" content=\"https:\/\/dev4-ganymedes.nl\/wp-content\/uploads\/2025\/10\/Askar-91F-1.png\" \/>\n\t<meta property=\"og:image:width\" content=\"710\" \/>\n\t<meta property=\"og:image:height\" content=\"433\" \/>\n\t<meta property=\"og:image:type\" content=\"image\/png\" \/>\n<meta name=\"twitter:card\" content=\"summary_large_image\" \/>\n<meta name=\"twitter:site\" content=\"@Ganymedes_NL\" \/>\n<meta name=\"twitter:label1\" content=\"Geschatte leestijd\" \/>\n\t<meta name=\"twitter:data1\" content=\"4 minuten\" \/>\n<!-- \/ Yoast SEO plugin. -->","yoast_head_json":{"title":"Askar 91F Flat-Field Quadruplet - Ganymedes","description":"Askar 91F Flat-Field Quadruplet, de grootste uit de F lijn van Askar. Uitstekend te gebruiken voor visueel als voor astrofotgrafie. Allermans vriend!","robots":{"index":"noindex","follow":"follow","max-snippet":"max-snippet:-1","max-image-preview":"max-image-preview:large","max-video-preview":"max-video-preview:-1"},"og_locale":"nl_NL","og_type":"article","og_title":"Askar 91F Flat-Field Quadruplet - Ganymedes","og_description":"Askar 91F Flat-Field Quadruplet, de grootste uit de F lijn van Askar. Uitstekend te gebruiken voor visueel als voor astrofotgrafie. Allermans vriend!","og_url":"https:\/\/dev4-ganymedes.nl\/en\/product\/askar-91f-flat-field-quadruplet\/","og_site_name":"Ganymedes","article_publisher":"https:\/\/www.facebook.com\/GanymedesTelescopen\/","article_modified_time":"2025-10-28T09:18:49+00:00","og_image":[{"width":710,"height":433,"url":"https:\/\/dev4-ganymedes.nl\/wp-content\/uploads\/2025\/10\/Askar-91F-1.png","type":"image\/png"}],"twitter_card":"summary_large_image","twitter_site":"@Ganymedes_NL","twitter_misc":{"Geschatte leestijd":"4 minuten"},"schema":{"@context":"https:\/\/schema.org","@graph":[{"@type":"WebPage","@id":"https:\/\/dev4-ganymedes.nl\/en\/product\/askar-91f-flat-field-quadruplet\/","url":"https:\/\/dev4-ganymedes.nl\/en\/product\/askar-91f-flat-field-quadruplet\/","name":"Askar 91F Flat-Field Quadruplet - Ganymedes","isPartOf":{"@id":"https:\/\/dev4-ganymedes.nl\/en\/#website"},"primaryImageOfPage":{"@id":"https:\/\/dev4-ganymedes.nl\/en\/product\/askar-91f-flat-field-quadruplet\/#primaryimage"},"image":{"@id":"https:\/\/dev4-ganymedes.nl\/en\/product\/askar-91f-flat-field-quadruplet\/#primaryimage"},"thumbnailUrl":"https:\/\/dev4-ganymedes.nl\/wp-content\/uploads\/2025\/10\/Askar-91F-1.png","datePublished":"2025-10-02T12:53:33+00:00","dateModified":"2025-10-28T09:18:49+00:00","description":"Askar 91F Flat-Field Quadruplet, de grootste uit de F lijn van Askar. Uitstekend te gebruiken voor visueel als voor astrofotgrafie. Allermans vriend!","breadcrumb":{"@id":"https:\/\/dev4-ganymedes.nl\/en\/product\/askar-91f-flat-field-quadruplet\/#breadcrumb"},"inLanguage":"nl-NL","potentialAction":[{"@type":"ReadAction","target":["https:\/\/dev4-ganymedes.nl\/en\/product\/askar-91f-flat-field-quadruplet\/"]}]},{"@type":"ImageObject","inLanguage":"nl-NL","@id":"https:\/\/dev4-ganymedes.nl\/en\/product\/askar-91f-flat-field-quadruplet\/#primaryimage","url":"https:\/\/dev4-ganymedes.nl\/wp-content\/uploads\/2025\/10\/Askar-91F-1.png","contentUrl":"https:\/\/dev4-ganymedes.nl\/wp-content\/uploads\/2025\/10\/Askar-91F-1.png","width":710,"height":433,"caption":"Askar 91F Flat-Field Quadruplet"},{"@type":"BreadcrumbList","@id":"https:\/\/dev4-ganymedes.nl\/en\/product\/askar-91f-flat-field-quadruplet\/#breadcrumb","itemListElement":[{"@type":"ListItem","position":1,"name":"Home","item":"https:\/\/dev4-ganymedes.nl\/ganymedes-is-de-telescoopwinkel-voor-al-je-optische-instrumenten-en-technieken\/"},{"@type":"ListItem","position":2,"name":"Store","item":"https:\/\/dev4-ganymedes.nl\/store\/"},{"@type":"ListItem","position":3,"name":"Askar 91F Flat-Field Quadruplet"}]},{"@type":"WebSite","@id":"https:\/\/dev4-ganymedes.nl\/en\/#website","url":"https:\/\/dev4-ganymedes.nl\/en\/","name":"Ganymedes","description":"Ganymedes","publisher":{"@id":"https:\/\/dev4-ganymedes.nl\/en\/#organization"},"potentialAction":[{"@type":"SearchAction","target":{"@type":"EntryPoint","urlTemplate":"https:\/\/dev4-ganymedes.nl\/en\/?s={search_term_string}"},"query-input":{"@type":"PropertyValueSpecification","valueRequired":true,"valueName":"search_term_string"}}],"inLanguage":"nl-NL"},{"@type":"Organization","@id":"https:\/\/dev4-ganymedes.nl\/en\/#organization","name":"Ganymedes","url":"https:\/\/dev4-ganymedes.nl\/en\/","logo":{"@type":"ImageObject","inLanguage":"nl-NL","@id":"https:\/\/dev4-ganymedes.nl\/en\/#\/schema\/logo\/image\/","url":"https:\/\/www.ganymedes.nl\/wp-content\/uploads\/2019\/11\/GanymedesLogo_v1_small.png","contentUrl":"https:\/\/www.ganymedes.nl\/wp-content\/uploads\/2019\/11\/GanymedesLogo_v1_small.png","width":450,"height":90,"caption":"Ganymedes"},"image":{"@id":"https:\/\/dev4-ganymedes.nl\/en\/#\/schema\/logo\/image\/"},"sameAs":["https:\/\/www.facebook.com\/GanymedesTelescopen\/","https:\/\/x.com\/Ganymedes_NL"]}]}},"_links":{"self":[{"href":"https:\/\/dev4-ganymedes.nl\/en\/wp-json\/wp\/v2\/product\/55023","targetHints":{"allow":["GET"]}}],"collection":[{"href":"https:\/\/dev4-ganymedes.nl\/en\/wp-json\/wp\/v2\/product"}],"about":[{"href":"https:\/\/dev4-ganymedes.nl\/en\/wp-json\/wp\/v2\/types\/product"}],"replies":[{"embeddable":true,"href":"https:\/\/dev4-ganymedes.nl\/en\/wp-json\/wp\/v2\/comments?post=55023"}],"wp:featuredmedia":[{"embeddable":true,"href":"https:\/\/dev4-ganymedes.nl\/en\/wp-json\/wp\/v2\/media\/55024"}],"wp:attachment":[{"href":"https:\/\/dev4-ganymedes.nl\/en\/wp-json\/wp\/v2\/media?parent=55023"}],"wp:term":[{"taxonomy":"product_brand","embeddable":true,"href":"https:\/\/dev4-ganymedes.nl\/en\/wp-json\/wp\/v2\/product_brand?post=55023"},{"taxonomy":"product_cat","embeddable":true,"href":"https:\/\/dev4-ganymedes.nl\/en\/wp-json\/wp\/v2\/product_cat?post=55023"},{"taxonomy":"product_tag","embeddable":true,"href":"https:\/\/dev4-ganymedes.nl\/en\/wp-json\/wp\/v2\/product_tag?post=55023"}],"curies":[{"name":"wp","href":"https:\/\/api.w.org\/{rel}","templated":true}]}}