{"id":54416,"date":"2025-10-01T14:18:46","date_gmt":"2025-10-01T12:18:46","guid":{"rendered":"https:\/\/www.ganymedes.nl\/?post_type=product&#038;p=54416"},"modified":"2026-01-27T10:00:33","modified_gmt":"2026-01-27T09:00:33","slug":"askar-60f-flat-field-quadruplet","status":"publish","type":"product","link":"https:\/\/dev4-ganymedes.nl\/en\/product\/askar-60f-flat-field-quadruplet\/","title":{"rendered":"Askar 60F Flat-Field Quadruplet"},"content":{"rendered":"<h1>Kleine alleskunner van Askar in de F serie. 60 mm Quadruplet<\/h1>\n<p>De Askar 60F is een OTA met een diafragma van 60 mm, een brandpuntsafstand van 408 mm en een native brandpuntsafstand van F6.8, ontworpen voor astronomieliefhebbers die prioriteit geven aan draagbaarheid en een hoge beeldkwaliteit.<\/p>\n<p>De Askar 60F beschikt over een quadruplet optisch lensontwerp (drie voorste elementen en \u00e9\u00e9n achterste element), inclusief \u00e9\u00e9n stuk ED-glas, dat chromatische aberratie effectief kan verminderen. De Askar 60F ondersteunt 44mm full-frame fotografie met uitstekende prestaties van de omliggende sterpunten.<\/p>\n<p><a href=\"https:\/\/www.ganymedes.nl\/wp-content\/uploads\/2025\/09\/Askar-60F-1.jpg\"><img loading=\"lazy\" decoding=\"async\" class=\"alignnone wp-image-54980 size-vp_md\" title=\"Askar 60F Flat-Field Quadruplet\" src=\"https:\/\/www.ganymedes.nl\/wp-content\/uploads\/2025\/09\/Askar-60F-1-800x483.jpg\" alt=\"Askar 60F Flat-Field Quadruplet\" width=\"800\" height=\"483\" srcset=\"https:\/\/dev4-ganymedes.nl\/wp-content\/uploads\/2025\/09\/Askar-60F-1-800x483.jpg 800w, https:\/\/dev4-ganymedes.nl\/wp-content\/uploads\/2025\/09\/Askar-60F-1-324x196.jpg 324w, https:\/\/dev4-ganymedes.nl\/wp-content\/uploads\/2025\/09\/Askar-60F-1-416x251.jpg 416w, https:\/\/dev4-ganymedes.nl\/wp-content\/uploads\/2025\/09\/Askar-60F-1-300x181.jpg 300w, https:\/\/dev4-ganymedes.nl\/wp-content\/uploads\/2025\/09\/Askar-60F-1-768x464.jpg 768w, https:\/\/dev4-ganymedes.nl\/wp-content\/uploads\/2025\/09\/Askar-60F-1-140x85.jpg 140w, https:\/\/dev4-ganymedes.nl\/wp-content\/uploads\/2025\/09\/Askar-60F-1-500x302.jpg 500w, https:\/\/dev4-ganymedes.nl\/wp-content\/uploads\/2025\/09\/Askar-60F-1.jpg 883w\" sizes=\"auto, (max-width: 800px) 100vw, 800px\" \/><\/a><\/p>\n<p>Dankzij de ingebouwde veldafvlakker maakt de Askar 60F een extra afvlakker en complexe backfocusberekeningen overbodig. Sluit uw camera aan, stel scherp en u bent klaar om foto&#8217;s te maken, wat astrofotografie eenvoudiger en leuker maakt.<\/p>\n<p><a href=\"https:\/\/www.ganymedes.nl\/wp-content\/uploads\/2025\/09\/Askar-60F-2.png\"><img loading=\"lazy\" decoding=\"async\" class=\"alignnone wp-image-54984 size-vp_md\" src=\"https:\/\/www.ganymedes.nl\/wp-content\/uploads\/2025\/09\/Askar-60F-2-800x313.png\" alt=\"\" width=\"800\" height=\"313\" srcset=\"https:\/\/dev4-ganymedes.nl\/wp-content\/uploads\/2025\/09\/Askar-60F-2-800x313.png 800w, https:\/\/dev4-ganymedes.nl\/wp-content\/uploads\/2025\/09\/Askar-60F-2-324x127.png 324w, https:\/\/dev4-ganymedes.nl\/wp-content\/uploads\/2025\/09\/Askar-60F-2-416x163.png 416w, https:\/\/dev4-ganymedes.nl\/wp-content\/uploads\/2025\/09\/Askar-60F-2-300x117.png 300w, https:\/\/dev4-ganymedes.nl\/wp-content\/uploads\/2025\/09\/Askar-60F-2-1030x402.png 1030w, https:\/\/dev4-ganymedes.nl\/wp-content\/uploads\/2025\/09\/Askar-60F-2-768x300.png 768w, https:\/\/dev4-ganymedes.nl\/wp-content\/uploads\/2025\/09\/Askar-60F-2-140x55.png 140w, https:\/\/dev4-ganymedes.nl\/wp-content\/uploads\/2025\/09\/Askar-60F-2-500x195.png 500w, https:\/\/dev4-ganymedes.nl\/wp-content\/uploads\/2025\/09\/Askar-60F-2.png 1280w\" sizes=\"auto, (max-width: 800px) 100vw, 800px\" \/><\/a><\/p>\n<p>De Askar 60F OTA weegt slechts 2.5 kg en het brutogewicht is 3 kg (inclusief de buisringen en de zwaluwstaartplaat). Hij is compact en lichtgewicht, waardoor hij gemakkelijk mee te nemen is voor observaties of astrofotografie.<\/p>\n<p>De Askar 60F is ontworpen voor zowel visuele observaties als fotografie. Hij wordt geleverd met een fotografische verlengbuis met ingebouwde 2 inch filterdraad en heeft M48\u00d70.75 en M54\u00d70.75 adapters. waardoor hij compatibel is met DSLR&#8217;s en astronomische camera&#8217;s voor snelle aansluiting en direct fotograferen.<\/p>\n<p>Het mechanische ontwerp van de Askar 60F minimaliseert verborgen gebruikskosten en zorgt voor een soepele ervaring.<\/p>\n<p>De Askar 60F is voorzien van een intrekbare dauwkap. Waardoor de totale lengte verder wordt verkort en de draagbaarheid wordt verbeterd. De binnenkant van de buis is beplakt met mat vilt om strooilicht beter te elimineren. Terwijl de buitenkant een strak blauw-wit kleurenschema heeft met hoogwaardige CNC-bewerking en lakafwerking.<\/p>\n<h3>Montage<\/h3>\n<p>Op de buisringen van de Askar 60F bevindt zich een handvat met sleuf voor een guide scope. Daarnaast bevinden zich aan beide zijden van de focuser twee zoeker voetjes. Waardoor niet alleen demontage bij het veranderen van de positie van de zoeker overbodig is. Maar ook extra montagemogelijkheden ontstaan \u200b\u200bvoor andere astronomische accessoires.<\/p>\n<p>Wat betreft de focuser is de Askar 60F uitgerust met een R&amp;P 2.4-inch starre focuser met twee snelheden, die een fijn afstelling van 1:10 biedt. De fijn afstelknop heeft een antislip-afdekking en de achterkant is voorzien van een 360\u00b0 schaalrotator voor een nauwkeurige hoekinstelling.<\/p>\n<p>De zwaluwstaartplaat is een standaard Vixen-plaat van 230 mm met 1\/4 inch en 3\/8 inch schroefgaten, waardoor directe aansluiting op een statief mogelijk is.<\/p>\n<p>Met professionele prestaties voor een instapprijs is de Askar 60F uw ideale metgezel voor het verkennen van de kosmos en het vastleggen van de schoonheid van de natuur. Reis licht, ontdek meer \u2013 begin uw reis met de Askar 60F!<\/p>\n<p><a href=\"https:\/\/www.ganymedes.nl\/wp-content\/uploads\/2025\/10\/Askar-60F-4.jpg\"><img loading=\"lazy\" decoding=\"async\" class=\"alignnone wp-image-54994 size-vp_md\" title=\"Askar 60F Flat-Field Quadruplet\" src=\"https:\/\/www.ganymedes.nl\/wp-content\/uploads\/2025\/10\/Askar-60F-4-800x578.jpg\" alt=\"Askar 60F Flat-Field Quadruplet\" width=\"800\" height=\"578\" srcset=\"https:\/\/dev4-ganymedes.nl\/wp-content\/uploads\/2025\/10\/Askar-60F-4-800x578.jpg 800w, https:\/\/dev4-ganymedes.nl\/wp-content\/uploads\/2025\/10\/Askar-60F-4-324x234.jpg 324w, https:\/\/dev4-ganymedes.nl\/wp-content\/uploads\/2025\/10\/Askar-60F-4-416x300.jpg 416w, https:\/\/dev4-ganymedes.nl\/wp-content\/uploads\/2025\/10\/Askar-60F-4-300x217.jpg 300w, https:\/\/dev4-ganymedes.nl\/wp-content\/uploads\/2025\/10\/Askar-60F-4-768x554.jpg 768w, https:\/\/dev4-ganymedes.nl\/wp-content\/uploads\/2025\/10\/Askar-60F-4-140x101.jpg 140w, https:\/\/dev4-ganymedes.nl\/wp-content\/uploads\/2025\/10\/Askar-60F-4-500x361.jpg 500w, https:\/\/dev4-ganymedes.nl\/wp-content\/uploads\/2025\/10\/Askar-60F-4.jpg 960w\" sizes=\"auto, (max-width: 800px) 100vw, 800px\" \/><\/a><\/p>\n<h3>Levering van de Askar 60F Flat-Field Quadruplet omvat:<\/h3>\n<ul>\n<li>Askar 60F OTA<\/li>\n<li>Paar telescoopbeugels<\/li>\n<li>230 mm Vixen Zwaluwstaart<\/li>\n<li>Draag hendel<\/li>\n<li>2 stuks Zoeker voetjes<\/li>\n<li>Set fotografische adapters M64-M54 en M54-M48<\/li>\n<li>Dual speed focusseerinrichting<\/li>\n<\/ul>\n<p><a href=\"https:\/\/www.ganymedes.nl\/wp-content\/uploads\/2025\/10\/Askar-60F-6.jpg\"><img loading=\"lazy\" decoding=\"async\" class=\"alignnone wp-image-55012 size-vp_md\" src=\"https:\/\/www.ganymedes.nl\/wp-content\/uploads\/2025\/10\/Askar-60F-6-800x393.jpg\" alt=\"\" width=\"800\" height=\"393\" srcset=\"https:\/\/dev4-ganymedes.nl\/wp-content\/uploads\/2025\/10\/Askar-60F-6-800x393.jpg 800w, https:\/\/dev4-ganymedes.nl\/wp-content\/uploads\/2025\/10\/Askar-60F-6-324x159.jpg 324w, https:\/\/dev4-ganymedes.nl\/wp-content\/uploads\/2025\/10\/Askar-60F-6-416x204.jpg 416w, https:\/\/dev4-ganymedes.nl\/wp-content\/uploads\/2025\/10\/Askar-60F-6-300x147.jpg 300w, https:\/\/dev4-ganymedes.nl\/wp-content\/uploads\/2025\/10\/Askar-60F-6-1030x506.jpg 1030w, https:\/\/dev4-ganymedes.nl\/wp-content\/uploads\/2025\/10\/Askar-60F-6-768x377.jpg 768w, https:\/\/dev4-ganymedes.nl\/wp-content\/uploads\/2025\/10\/Askar-60F-6-140x69.jpg 140w, https:\/\/dev4-ganymedes.nl\/wp-content\/uploads\/2025\/10\/Askar-60F-6-500x246.jpg 500w, https:\/\/dev4-ganymedes.nl\/wp-content\/uploads\/2025\/10\/Askar-60F-6.jpg 1152w\" sizes=\"auto, (max-width: 800px) 100vw, 800px\" \/><\/a><\/p>\n<h4>Plaats je bestelling online of kom langs in de winkel<\/h4>\n<p>Heb je gevonden wat je zoekt en wil je bijvoorbeeld de Askar 60F apo telescoop bestellen? Dan doe je dit heel eenvoudig online. Bekijk je deze producten liever in het echt voordat je ze koopt? Ook dat is bij ons mogelijk. Je bent van harte welkom in onze showroom in Amstelveen van maandag tot vrijdag tussen 10.00 en 17.00 uur. Op zaterdag is de showroom ook geopend, maar dan van 10.00 tot 16.30 uur. Voor meer informatie en advies kun je ook telefonisch contact met ons opnemen via <a href=\"tel:0031206412083\">020-6412083<\/a>. We helpen je graag.<\/p>\n<p><iframe loading=\"lazy\" title=\"Askar 60F Promotion Video\" width=\"980\" height=\"551\" src=\"https:\/\/www.youtube.com\/embed\/xOv6gQuOnjo?feature=oembed&#038;enablejsapi=1&#038;origin=https:\/\/www.ganymedes.nl\" frameborder=\"0\" allow=\"accelerometer; autoplay; clipboard-write; encrypted-media; gyroscope; picture-in-picture; web-share\" referrerpolicy=\"strict-origin-when-cross-origin\" allowfullscreen><\/iframe><\/p>\n<p><a href=\"https:\/\/www.ganymedes.nl\/wp-content\/uploads\/2025\/10\/Askar-60F-7.jpg\"><img loading=\"lazy\" decoding=\"async\" class=\"alignnone wp-image-55016 size-vp_md\" src=\"https:\/\/www.ganymedes.nl\/wp-content\/uploads\/2025\/10\/Askar-60F-7-800x902.jpg\" alt=\"\" width=\"800\" height=\"902\" srcset=\"https:\/\/dev4-ganymedes.nl\/wp-content\/uploads\/2025\/10\/Askar-60F-7-800x902.jpg 800w, https:\/\/dev4-ganymedes.nl\/wp-content\/uploads\/2025\/10\/Askar-60F-7-324x365.jpg 324w, https:\/\/dev4-ganymedes.nl\/wp-content\/uploads\/2025\/10\/Askar-60F-7-416x469.jpg 416w, https:\/\/dev4-ganymedes.nl\/wp-content\/uploads\/2025\/10\/Askar-60F-7-266x300.jpg 266w, https:\/\/dev4-ganymedes.nl\/wp-content\/uploads\/2025\/10\/Askar-60F-7-913x1030.jpg 913w, https:\/\/dev4-ganymedes.nl\/wp-content\/uploads\/2025\/10\/Askar-60F-7-768x866.jpg 768w, https:\/\/dev4-ganymedes.nl\/wp-content\/uploads\/2025\/10\/Askar-60F-7-1362x1536.jpg 1362w, https:\/\/dev4-ganymedes.nl\/wp-content\/uploads\/2025\/10\/Askar-60F-7-117x132.jpg 117w, https:\/\/dev4-ganymedes.nl\/wp-content\/uploads\/2025\/10\/Askar-60F-7-500x564.jpg 500w, https:\/\/dev4-ganymedes.nl\/wp-content\/uploads\/2025\/10\/Askar-60F-7-1280x1444.jpg 1280w, https:\/\/dev4-ganymedes.nl\/wp-content\/uploads\/2025\/10\/Askar-60F-7.jpg 1703w\" sizes=\"auto, (max-width: 800px) 100vw, 800px\" \/><\/a><\/p>\n","protected":false},"excerpt":{"rendered":"<p>De Askar 60F is een compacte apochromatische refractor met ge\u00efntegreerde field flattener \u2013 ideaal voor full-frame astrofotografie zonder gedoe met backfocus. Licht, krachtig en reisvriendelijk.<\/p>\n","protected":false},"featured_media":54986,"comment_status":"closed","ping_status":"closed","template":"","meta":{"_acf_changed":false,"_vp_format_video_url":"","_vp_image_focal_point":[],"_vp_custom_popup_image":0,"_vp_format_audio_url":"","_vp_custom_thumbnail":0,"_vp_custom_thumbnail_focal_point":[],"_vp_hover_thumbnail":0,"_vp_hover_thumbnail_focal_point":[]},"product_brand":[],"product_cat":[258,244,342,251,607,242],"product_tag":[],"class_list":{"0":"post-54416","1":"product","2":"type-product","3":"status-publish","4":"has-post-thumbnail","6":"product_cat-telescopes-catadioptric-astrophotography-en","7":"product_cat-telescopes-astrophotography-telescopes-en","8":"product_cat-brands-en","9":"product_cat-telescopes-refractor-telescopes-en","10":"product_cat-sharpstar","11":"product_cat-telescopes-en","12":"pa_maat-752","14":"first","15":"instock","16":"taxable","17":"shipping-taxable","18":"purchasable","19":"product-type-simple"},"acf":[],"yoast_head":"<!-- This site is optimized with the Yoast SEO plugin v27.3 - https:\/\/yoast.com\/product\/yoast-seo-wordpress\/ -->\n<title>Askar 60F Flat-Field Quadruplet - Ganymedes<\/title>\n<meta name=\"description\" content=\"Askar 60F Flat-Field Quadruplet, de kleine alleskunner in de F serie van Askar. Klein, mobiel maar voorzien van vele extra&#039;s.\" \/>\n<meta name=\"robots\" content=\"noindex, follow, max-snippet:-1, max-image-preview:large, max-video-preview:-1\" \/>\n<meta property=\"og:locale\" content=\"en_US\" \/>\n<meta property=\"og:type\" content=\"article\" \/>\n<meta property=\"og:title\" content=\"Askar 60F Flat-Field Quadruplet - Ganymedes\" \/>\n<meta property=\"og:description\" content=\"Askar 60F Flat-Field Quadruplet, de kleine alleskunner in de F serie van Askar. Klein, mobiel maar voorzien van vele extra&#039;s.\" \/>\n<meta property=\"og:url\" content=\"https:\/\/dev4-ganymedes.nl\/en\/product\/askar-60f-flat-field-quadruplet\/\" \/>\n<meta property=\"og:site_name\" content=\"Ganymedes\" \/>\n<meta property=\"article:publisher\" content=\"https:\/\/www.facebook.com\/GanymedesTelescopen\/\" \/>\n<meta property=\"article:modified_time\" content=\"2026-01-27T09:00:33+00:00\" \/>\n<meta property=\"og:image\" content=\"https:\/\/dev4-ganymedes.nl\/wp-content\/uploads\/2025\/10\/Askar-60F-3.png\" \/>\n\t<meta property=\"og:image:width\" content=\"675\" \/>\n\t<meta property=\"og:image:height\" content=\"425\" \/>\n\t<meta property=\"og:image:type\" content=\"image\/png\" \/>\n<meta name=\"twitter:card\" content=\"summary_large_image\" \/>\n<meta name=\"twitter:site\" content=\"@Ganymedes_NL\" \/>\n<meta name=\"twitter:label1\" content=\"Est. reading time\" \/>\n\t<meta name=\"twitter:data1\" content=\"4 minutes\" \/>\n<!-- \/ Yoast SEO plugin. -->","yoast_head_json":{"title":"Askar 60F Flat-Field Quadruplet - Ganymedes","description":"Askar 60F Flat-Field Quadruplet, de kleine alleskunner in de F serie van Askar. Klein, mobiel maar voorzien van vele extra's.","robots":{"index":"noindex","follow":"follow","max-snippet":"max-snippet:-1","max-image-preview":"max-image-preview:large","max-video-preview":"max-video-preview:-1"},"og_locale":"en_US","og_type":"article","og_title":"Askar 60F Flat-Field Quadruplet - Ganymedes","og_description":"Askar 60F Flat-Field Quadruplet, de kleine alleskunner in de F serie van Askar. Klein, mobiel maar voorzien van vele extra's.","og_url":"https:\/\/dev4-ganymedes.nl\/en\/product\/askar-60f-flat-field-quadruplet\/","og_site_name":"Ganymedes","article_publisher":"https:\/\/www.facebook.com\/GanymedesTelescopen\/","article_modified_time":"2026-01-27T09:00:33+00:00","og_image":[{"width":675,"height":425,"url":"https:\/\/dev4-ganymedes.nl\/wp-content\/uploads\/2025\/10\/Askar-60F-3.png","type":"image\/png"}],"twitter_card":"summary_large_image","twitter_site":"@Ganymedes_NL","twitter_misc":{"Est. reading time":"4 minutes"},"schema":{"@context":"https:\/\/schema.org","@graph":[{"@type":"WebPage","@id":"https:\/\/dev4-ganymedes.nl\/en\/product\/askar-60f-flat-field-quadruplet\/","url":"https:\/\/dev4-ganymedes.nl\/en\/product\/askar-60f-flat-field-quadruplet\/","name":"Askar 60F Flat-Field Quadruplet - Ganymedes","isPartOf":{"@id":"https:\/\/dev4-ganymedes.nl\/en\/#website"},"primaryImageOfPage":{"@id":"https:\/\/dev4-ganymedes.nl\/en\/product\/askar-60f-flat-field-quadruplet\/#primaryimage"},"image":{"@id":"https:\/\/dev4-ganymedes.nl\/en\/product\/askar-60f-flat-field-quadruplet\/#primaryimage"},"thumbnailUrl":"https:\/\/dev4-ganymedes.nl\/wp-content\/uploads\/2025\/10\/Askar-60F-3.png","datePublished":"2025-10-01T12:18:46+00:00","dateModified":"2026-01-27T09:00:33+00:00","description":"Askar 60F Flat-Field Quadruplet, de kleine alleskunner in de F serie van Askar. Klein, mobiel maar voorzien van vele extra's.","breadcrumb":{"@id":"https:\/\/dev4-ganymedes.nl\/en\/product\/askar-60f-flat-field-quadruplet\/#breadcrumb"},"inLanguage":"en-US","potentialAction":[{"@type":"ReadAction","target":["https:\/\/dev4-ganymedes.nl\/en\/product\/askar-60f-flat-field-quadruplet\/"]}]},{"@type":"ImageObject","inLanguage":"en-US","@id":"https:\/\/dev4-ganymedes.nl\/en\/product\/askar-60f-flat-field-quadruplet\/#primaryimage","url":"https:\/\/dev4-ganymedes.nl\/wp-content\/uploads\/2025\/10\/Askar-60F-3.png","contentUrl":"https:\/\/dev4-ganymedes.nl\/wp-content\/uploads\/2025\/10\/Askar-60F-3.png","width":675,"height":425,"caption":"Askar 60F Flat-Field Quadruplet"},{"@type":"BreadcrumbList","@id":"https:\/\/dev4-ganymedes.nl\/en\/product\/askar-60f-flat-field-quadruplet\/#breadcrumb","itemListElement":[{"@type":"ListItem","position":1,"name":"Home","item":"https:\/\/dev4-ganymedes.nl\/ganymedes-is-de-telescoopwinkel-voor-al-je-optische-instrumenten-en-technieken\/"},{"@type":"ListItem","position":2,"name":"Store","item":"https:\/\/dev4-ganymedes.nl\/store\/"},{"@type":"ListItem","position":3,"name":"Askar 60F Flat-Field Quadruplet"}]},{"@type":"WebSite","@id":"https:\/\/dev4-ganymedes.nl\/en\/#website","url":"https:\/\/dev4-ganymedes.nl\/en\/","name":"Ganymedes","description":"Ganymedes","publisher":{"@id":"https:\/\/dev4-ganymedes.nl\/en\/#organization"},"potentialAction":[{"@type":"SearchAction","target":{"@type":"EntryPoint","urlTemplate":"https:\/\/dev4-ganymedes.nl\/en\/?s={search_term_string}"},"query-input":{"@type":"PropertyValueSpecification","valueRequired":true,"valueName":"search_term_string"}}],"inLanguage":"en-US"},{"@type":"Organization","@id":"https:\/\/dev4-ganymedes.nl\/en\/#organization","name":"Ganymedes","url":"https:\/\/dev4-ganymedes.nl\/en\/","logo":{"@type":"ImageObject","inLanguage":"en-US","@id":"https:\/\/dev4-ganymedes.nl\/en\/#\/schema\/logo\/image\/","url":"https:\/\/www.ganymedes.nl\/wp-content\/uploads\/2019\/11\/GanymedesLogo_v1_small.png","contentUrl":"https:\/\/www.ganymedes.nl\/wp-content\/uploads\/2019\/11\/GanymedesLogo_v1_small.png","width":450,"height":90,"caption":"Ganymedes"},"image":{"@id":"https:\/\/dev4-ganymedes.nl\/en\/#\/schema\/logo\/image\/"},"sameAs":["https:\/\/www.facebook.com\/GanymedesTelescopen\/","https:\/\/x.com\/Ganymedes_NL"]}]}},"_links":{"self":[{"href":"https:\/\/dev4-ganymedes.nl\/en\/wp-json\/wp\/v2\/product\/54416","targetHints":{"allow":["GET"]}}],"collection":[{"href":"https:\/\/dev4-ganymedes.nl\/en\/wp-json\/wp\/v2\/product"}],"about":[{"href":"https:\/\/dev4-ganymedes.nl\/en\/wp-json\/wp\/v2\/types\/product"}],"replies":[{"embeddable":true,"href":"https:\/\/dev4-ganymedes.nl\/en\/wp-json\/wp\/v2\/comments?post=54416"}],"wp:featuredmedia":[{"embeddable":true,"href":"https:\/\/dev4-ganymedes.nl\/en\/wp-json\/wp\/v2\/media\/54986"}],"wp:attachment":[{"href":"https:\/\/dev4-ganymedes.nl\/en\/wp-json\/wp\/v2\/media?parent=54416"}],"wp:term":[{"taxonomy":"product_brand","embeddable":true,"href":"https:\/\/dev4-ganymedes.nl\/en\/wp-json\/wp\/v2\/product_brand?post=54416"},{"taxonomy":"product_cat","embeddable":true,"href":"https:\/\/dev4-ganymedes.nl\/en\/wp-json\/wp\/v2\/product_cat?post=54416"},{"taxonomy":"product_tag","embeddable":true,"href":"https:\/\/dev4-ganymedes.nl\/en\/wp-json\/wp\/v2\/product_tag?post=54416"}],"curies":[{"name":"wp","href":"https:\/\/api.w.org\/{rel}","templated":true}]}}