{"id":53303,"date":"2025-06-14T15:28:52","date_gmt":"2025-06-14T13:28:52","guid":{"rendered":"https:\/\/www.ganymedes.nl\/?post_type=product&#038;p=53303"},"modified":"2026-03-03T14:55:51","modified_gmt":"2026-03-03T13:55:51","slug":"zwo-asi585mc-air-camera","status":"publish","type":"product","link":"https:\/\/dev4-ganymedes.nl\/en\/product\/zwo-asi585mc-air-camera\/","title":{"rendered":"ZWO ASI585MC Air smart camera"},"content":{"rendered":"<h2>De nieuwste ontwikkeling van ZWO: De ASI585MC Air<\/h2>\n<p data-start=\"296\" data-end=\"617\">Maak kennis met de nieuwste innovatie van ZWO: de ASI585MC Air. Deze geavanceerde deep-sky camera combineert een krachtige hoofdbeeldsensor, een ge\u00efntegreerde guide-sensor \u00e9n een slimme controller in \u00e9\u00e9n compact en draadloos ontwerp. Dankzij deze unieke 3-in-1 oplossing wordt astrofotografie toegankelijker dan ooit.<\/p>\n<p data-start=\"296\" data-end=\"617\"><a href=\"https:\/\/www.ganymedes.nl\/wp-content\/uploads\/2025\/06\/Asi-585-mc-air.webp\"><img loading=\"lazy\" decoding=\"async\" class=\"alignnone wp-image-53309 size-vp_md\" title=\"ZWO ASI585MC Air smart camera\" src=\"https:\/\/www.ganymedes.nl\/wp-content\/uploads\/2025\/06\/Asi-585-mc-air-800x387.webp\" alt=\"ZWO ASI585MC Air smart camera\" width=\"800\" height=\"387\" srcset=\"https:\/\/dev4-ganymedes.nl\/wp-content\/uploads\/2025\/06\/Asi-585-mc-air-800x387.webp 800w, https:\/\/dev4-ganymedes.nl\/wp-content\/uploads\/2025\/06\/Asi-585-mc-air-324x157.webp 324w, https:\/\/dev4-ganymedes.nl\/wp-content\/uploads\/2025\/06\/Asi-585-mc-air-416x201.webp 416w, https:\/\/dev4-ganymedes.nl\/wp-content\/uploads\/2025\/06\/Asi-585-mc-air-300x145.webp 300w, https:\/\/dev4-ganymedes.nl\/wp-content\/uploads\/2025\/06\/Asi-585-mc-air-1030x498.webp 1030w, https:\/\/dev4-ganymedes.nl\/wp-content\/uploads\/2025\/06\/Asi-585-mc-air-768x371.webp 768w, https:\/\/dev4-ganymedes.nl\/wp-content\/uploads\/2025\/06\/Asi-585-mc-air-140x68.webp 140w, https:\/\/dev4-ganymedes.nl\/wp-content\/uploads\/2025\/06\/Asi-585-mc-air-500x242.webp 500w, https:\/\/dev4-ganymedes.nl\/wp-content\/uploads\/2025\/06\/Asi-585-mc-air.webp 1200w\" sizes=\"auto, (max-width: 800px) 100vw, 800px\" \/><\/a><\/p>\n<h2 data-start=\"296\" data-end=\"617\">D\u00e9 oplossing voor draadloze astrofotografie<\/h2>\n<p data-start=\"671\" data-end=\"946\">Met de ASI585MC Air behoren ingewikkelde kabelstructuren en losse apparaten tot het verleden. De camera is voorzien van ZWO\u2019s eigen \u201cDual Sensor + ASIAIR\u201d-technologie, waardoor je moeiteloos en volledig draadloos kunt fotograferen, rechtstreeks vanaf je smartphone of tablet.<\/p>\n<p>&nbsp;<\/p>\n<h3 data-start=\"948\" data-end=\"990\">Belangrijkste voordelen op een rij<\/h3>\n<ul>\n<li data-start=\"993\" data-end=\"1071\">3-in-1 ontwerp: Beeldsensor, guiding en slimme besturing in \u00e9\u00e9n apparaat<\/li>\n<li data-start=\"1074\" data-end=\"1152\">256 GB interne eMMC-opslag: Razendsnelle en betrouwbare opslagcapaciteit<\/li>\n<li data-start=\"1155\" data-end=\"1228\">4K STARVIS 2-sensor: Superieure gevoeligheid, hoog dynamisch bereik<\/li>\n<li data-start=\"1231\" data-end=\"1301\">Geen amp glow: Schone opnamen, zelfs bij lange belichtingstijden<\/li>\n<li data-start=\"1304\" data-end=\"1385\">Intelligente live-stacking: Direct zichtbaar resultaat, ook tijdens opnames<\/li>\n<li data-start=\"1388\" data-end=\"1457\">Hoge signaal-ruisverhouding: Perfecte beelden met minimale ruis<\/li>\n<li data-start=\"1460\" data-end=\"1536\">5G\/2.4G Wi-Fi en Bluetooth: Stabiele draadloze verbinding tot 20 meter<\/li>\n<li data-start=\"1539\" data-end=\"1603\">Spraakuitvoer: Belangrijke statusmeldingen direct hoorbaar<\/li>\n<li data-start=\"1606\" data-end=\"1707\">Volledige controle via ASIAIR app en PC: Inclusief ASIStudio en ondersteuning voor ASCOM Alpaca<\/li>\n<li data-start=\"1710\" data-end=\"1782\">OTA-updates: Automatisch nieuwe functies en verbeteringen via de app<\/li>\n<li data-start=\"1784\" data-end=\"1821\">Uitzonderlijke beeldkwaliteit<\/li>\n<\/ul>\n<p data-start=\"1822\" data-end=\"2090\">De ASI585MC Air is uitgerust met de geavanceerde STARVIS 2 CMOS-sensor, die beelden levert met een hoge resolutie en een indrukwekkend dynamisch bereik. Dankzij de lage leesruis (0,7e) en de HCG-modus blijft de beeldkwaliteit optimaal, zelfs bij hoge gain.<\/p>\n<h3 data-start=\"2092\" data-end=\"2141\">Ruime opslag en uitbreidingsmogelijkheden<\/h3>\n<p data-start=\"2142\" data-end=\"2333\">Met maar liefst 256 GB ingebouwde eMMC-opslag kun je probleemloos meerdere objecten in \u00e9\u00e9n nacht vastleggen. Via de USB 2.0-poorten is het eenvoudig om externe opslag tot 1 TB aan te sluiten.<\/p>\n<h3 data-start=\"2335\" data-end=\"2375\"><a href=\"https:\/\/www.ganymedes.nl\/wp-content\/uploads\/2025\/06\/asi-585-mc-air-storage.webp\"><img loading=\"lazy\" decoding=\"async\" class=\"alignnone wp-image-53313 size-vp_md\" title=\"ZWO ASI585MC Air smart camera\" src=\"https:\/\/www.ganymedes.nl\/wp-content\/uploads\/2025\/06\/asi-585-mc-air-storage-800x392.webp\" alt=\"ZWO ASI585MC Air smart camera\" width=\"800\" height=\"392\" srcset=\"https:\/\/dev4-ganymedes.nl\/wp-content\/uploads\/2025\/06\/asi-585-mc-air-storage-800x392.webp 800w, https:\/\/dev4-ganymedes.nl\/wp-content\/uploads\/2025\/06\/asi-585-mc-air-storage-324x159.webp 324w, https:\/\/dev4-ganymedes.nl\/wp-content\/uploads\/2025\/06\/asi-585-mc-air-storage-416x204.webp 416w, https:\/\/dev4-ganymedes.nl\/wp-content\/uploads\/2025\/06\/asi-585-mc-air-storage-300x147.webp 300w, https:\/\/dev4-ganymedes.nl\/wp-content\/uploads\/2025\/06\/asi-585-mc-air-storage-1030x505.webp 1030w, https:\/\/dev4-ganymedes.nl\/wp-content\/uploads\/2025\/06\/asi-585-mc-air-storage-768x376.webp 768w, https:\/\/dev4-ganymedes.nl\/wp-content\/uploads\/2025\/06\/asi-585-mc-air-storage-140x69.webp 140w, https:\/\/dev4-ganymedes.nl\/wp-content\/uploads\/2025\/06\/asi-585-mc-air-storage-500x245.webp 500w, https:\/\/dev4-ganymedes.nl\/wp-content\/uploads\/2025\/06\/asi-585-mc-air-storage.webp 1200w\" sizes=\"auto, (max-width: 800px) 100vw, 800px\" \/><\/a><\/h3>\n<h3 data-start=\"2335\" data-end=\"2375\">Slimme connectiviteit en voeding<\/h3>\n<p data-start=\"2376\" data-end=\"2402\">De camera is voorzien van:<\/p>\n<ul>\n<li data-start=\"2405\" data-end=\"2458\">4x USB 2.0 voor je focuser, filterwiel of montering<\/li>\n<li data-start=\"2461\" data-end=\"2514\">2x DC12V 10A aansluitingen voor betrouwbare voeding<\/li>\n<li data-start=\"2517\" data-end=\"2644\">1x USB-C voor snelle data-overdracht<br data-start=\"2553\" data-end=\"2556\" \/>Zo heb je alles in huis om je hele astrofotografie-setup te beheren vanuit \u00e9\u00e9n apparaat.<\/li>\n<\/ul>\n<h3 data-start=\"2646\" data-end=\"2677\"><a href=\"https:\/\/www.ganymedes.nl\/wp-content\/uploads\/2025\/06\/ASI-585-mc-air-specs.webp\"><img loading=\"lazy\" decoding=\"async\" class=\"alignnone wp-image-53311 size-vp_md\" src=\"https:\/\/www.ganymedes.nl\/wp-content\/uploads\/2025\/06\/ASI-585-mc-air-specs-800x333.webp\" alt=\"\" width=\"800\" height=\"333\" srcset=\"https:\/\/dev4-ganymedes.nl\/wp-content\/uploads\/2025\/06\/ASI-585-mc-air-specs-800x333.webp 800w, https:\/\/dev4-ganymedes.nl\/wp-content\/uploads\/2025\/06\/ASI-585-mc-air-specs-324x135.webp 324w, https:\/\/dev4-ganymedes.nl\/wp-content\/uploads\/2025\/06\/ASI-585-mc-air-specs-416x173.webp 416w, https:\/\/dev4-ganymedes.nl\/wp-content\/uploads\/2025\/06\/ASI-585-mc-air-specs-300x125.webp 300w, https:\/\/dev4-ganymedes.nl\/wp-content\/uploads\/2025\/06\/ASI-585-mc-air-specs-1030x429.webp 1030w, https:\/\/dev4-ganymedes.nl\/wp-content\/uploads\/2025\/06\/ASI-585-mc-air-specs-768x320.webp 768w, https:\/\/dev4-ganymedes.nl\/wp-content\/uploads\/2025\/06\/ASI-585-mc-air-specs-140x58.webp 140w, https:\/\/dev4-ganymedes.nl\/wp-content\/uploads\/2025\/06\/ASI-585-mc-air-specs-500x208.webp 500w, https:\/\/dev4-ganymedes.nl\/wp-content\/uploads\/2025\/06\/ASI-585-mc-air-specs.webp 1200w\" sizes=\"auto, (max-width: 800px) 100vw, 800px\" \/><\/a>Geavanceerd koelsysteem<\/h3>\n<p data-start=\"2678\" data-end=\"2893\">Dankzij het ingebouwde twee-traps TEC-koelsysteem wordt de sensor tot 30\u201335\u00b0C onder omgevingstemperatuur gekoeld. Dit vermindert ruis en dark current aanzienlijk en maakt lange belichtingstijden n\u00f3g effectiever.<\/p>\n<h3 data-start=\"2895\" data-end=\"2927\"><span style=\"font-size: 16px\"><a style=\"font-size: 16px\" href=\"https:\/\/www.ganymedes.nl\/wp-content\/uploads\/2025\/06\/asi-585-mc-air-koeling.webp\"><img loading=\"lazy\" decoding=\"async\" class=\"alignnone wp-image-53315 size-vp_sm\" title=\"ZWO ASI585MC Air smart camera\" src=\"https:\/\/www.ganymedes.nl\/wp-content\/uploads\/2025\/06\/asi-585-mc-air-koeling-500x251.webp\" alt=\"ZWO ASI585MC Air smart camera\" width=\"500\" height=\"251\" srcset=\"https:\/\/dev4-ganymedes.nl\/wp-content\/uploads\/2025\/06\/asi-585-mc-air-koeling-500x251.webp 500w, https:\/\/dev4-ganymedes.nl\/wp-content\/uploads\/2025\/06\/asi-585-mc-air-koeling-324x163.webp 324w, https:\/\/dev4-ganymedes.nl\/wp-content\/uploads\/2025\/06\/asi-585-mc-air-koeling-416x209.webp 416w, https:\/\/dev4-ganymedes.nl\/wp-content\/uploads\/2025\/06\/asi-585-mc-air-koeling-300x151.webp 300w, https:\/\/dev4-ganymedes.nl\/wp-content\/uploads\/2025\/06\/asi-585-mc-air-koeling-1030x518.webp 1030w, https:\/\/dev4-ganymedes.nl\/wp-content\/uploads\/2025\/06\/asi-585-mc-air-koeling-768x386.webp 768w, https:\/\/dev4-ganymedes.nl\/wp-content\/uploads\/2025\/06\/asi-585-mc-air-koeling-140x70.webp 140w, https:\/\/dev4-ganymedes.nl\/wp-content\/uploads\/2025\/06\/asi-585-mc-air-koeling-800x402.webp 800w, https:\/\/dev4-ganymedes.nl\/wp-content\/uploads\/2025\/06\/asi-585-mc-air-koeling.webp 1200w\" sizes=\"auto, (max-width: 500px) 100vw, 500px\" \/><\/a><\/span><\/h3>\n<p>&nbsp;<\/p>\n<h3 data-start=\"2895\" data-end=\"2927\">Direct bewerken en delen<\/h3>\n<p data-start=\"2928\" data-end=\"3134\">Tijdens je sessie kun je direct live-stacken, beeldinstellingen aanpassen en de resultaten onmiddellijk delen via sociale media of astrofotografieplatforms. Jouw meesterwerk is direct zichtbaar \u00e9n deelbaar.<\/p>\n<h3 data-start=\"3136\" data-end=\"3170\"><a href=\"https:\/\/www.ganymedes.nl\/wp-content\/uploads\/2025\/06\/asi-585-mc-air-app.webp\"><img loading=\"lazy\" decoding=\"async\" class=\"alignnone wp-image-53317 size-vp_md\" src=\"https:\/\/www.ganymedes.nl\/wp-content\/uploads\/2025\/06\/asi-585-mc-air-app-800x467.webp\" alt=\"\" width=\"800\" height=\"467\" srcset=\"https:\/\/dev4-ganymedes.nl\/wp-content\/uploads\/2025\/06\/asi-585-mc-air-app-800x467.webp 800w, https:\/\/dev4-ganymedes.nl\/wp-content\/uploads\/2025\/06\/asi-585-mc-air-app-324x189.webp 324w, https:\/\/dev4-ganymedes.nl\/wp-content\/uploads\/2025\/06\/asi-585-mc-air-app-416x243.webp 416w, https:\/\/dev4-ganymedes.nl\/wp-content\/uploads\/2025\/06\/asi-585-mc-air-app-300x175.webp 300w, https:\/\/dev4-ganymedes.nl\/wp-content\/uploads\/2025\/06\/asi-585-mc-air-app-1030x601.webp 1030w, https:\/\/dev4-ganymedes.nl\/wp-content\/uploads\/2025\/06\/asi-585-mc-air-app-768x448.webp 768w, https:\/\/dev4-ganymedes.nl\/wp-content\/uploads\/2025\/06\/asi-585-mc-air-app-140x82.webp 140w, https:\/\/dev4-ganymedes.nl\/wp-content\/uploads\/2025\/06\/asi-585-mc-air-app-500x292.webp 500w, https:\/\/dev4-ganymedes.nl\/wp-content\/uploads\/2025\/06\/asi-585-mc-air-app.webp 1200w\" sizes=\"auto, (max-width: 800px) 100vw, 800px\" \/><\/a><\/h3>\n<h3 data-start=\"3136\" data-end=\"3170\">Quantum Efficiency tot 91%<\/h3>\n<p data-start=\"3171\" data-end=\"3311\">Met een piek-QE van 91% benut je elke foton maximaal \u2013 ideaal voor het vastleggen van zwakke deep-sky objecten met minimale belichtingstijd.<\/p>\n<p data-start=\"3171\" data-end=\"3311\">Kortom: de ASI585MC Air is d\u00e9 ideale camera voor wie serieus met astrofotografie aan de slag wil, zonder gedoe met losse componenten en bekabeling. Start jouw reis door het heelal met \u00e9\u00e9n druk op de knop.<\/p>\n<h3 data-start=\"3171\" data-end=\"3311\">Wat zit er in de doos:<\/h3>\n<ul>\n<li>ZWO ASI585MC Air<\/li>\n<li>Camera tas<\/li>\n<li>DC 1.5M male-female extension kabel<\/li>\n<li>DC 1m kabel<\/li>\n<li>USB 2.0 kabel (2x)<\/li>\n<li>T2 extender (21mm)<\/li>\n<li>T2-M48 extender<\/li>\n<li>M42-M48 tilter<\/li>\n<li>1m klittenband<\/li>\n<li>Handleiding<\/li>\n<li>2mm Inbussleutel<\/li>\n<li>Antenna<\/li>\n<\/ul>\n<p>&nbsp;<\/p>\n<p><a href=\"https:\/\/www.ganymedes.nl\/wp-content\/uploads\/2025\/06\/ZWO-ASI-585MC-Air.webp\"><img loading=\"lazy\" decoding=\"async\" class=\"alignnone wp-image-53307 size-vp_md\" src=\"https:\/\/www.ganymedes.nl\/wp-content\/uploads\/2025\/06\/ZWO-ASI-585MC-Air-800x705.webp\" alt=\"\" width=\"800\" height=\"705\" srcset=\"https:\/\/dev4-ganymedes.nl\/wp-content\/uploads\/2025\/06\/ZWO-ASI-585MC-Air-800x705.webp 800w, https:\/\/dev4-ganymedes.nl\/wp-content\/uploads\/2025\/06\/ZWO-ASI-585MC-Air-324x285.webp 324w, https:\/\/dev4-ganymedes.nl\/wp-content\/uploads\/2025\/06\/ZWO-ASI-585MC-Air-416x366.webp 416w, https:\/\/dev4-ganymedes.nl\/wp-content\/uploads\/2025\/06\/ZWO-ASI-585MC-Air-300x264.webp 300w, https:\/\/dev4-ganymedes.nl\/wp-content\/uploads\/2025\/06\/ZWO-ASI-585MC-Air-1030x907.webp 1030w, https:\/\/dev4-ganymedes.nl\/wp-content\/uploads\/2025\/06\/ZWO-ASI-585MC-Air-768x676.webp 768w, https:\/\/dev4-ganymedes.nl\/wp-content\/uploads\/2025\/06\/ZWO-ASI-585MC-Air-140x123.webp 140w, https:\/\/dev4-ganymedes.nl\/wp-content\/uploads\/2025\/06\/ZWO-ASI-585MC-Air-500x440.webp 500w, https:\/\/dev4-ganymedes.nl\/wp-content\/uploads\/2025\/06\/ZWO-ASI-585MC-Air.webp 1200w\" sizes=\"auto, (max-width: 800px) 100vw, 800px\" \/><\/a><\/p>\n<h3>Plaats je bestelling online of kom langs in de winkel<\/h3>\n<p>Heb je gevonden wat je zoekt en wil je bijvoorbeeld de ZWO ASI585MC Air bestellen? Dan doe je dit heel eenvoudig online. Bekijk je deze producten liever in het echt voordat je ze koopt? Ook dat is bij ons mogelijk. Je bent van harte welkom in onze showroom in Amstelveen van maandag tot vrijdag tussen 10.00 en 17.00 uur. Op zaterdag is de showroom ook geopend, maar dan van 10.00 tot 16.30 uur. Voor meer informatie en advies kun je ook telefonisch contact met ons opnemen via <a href=\"tel:0031206412083\">020-6412083<\/a>. We helpen je graag.<\/p>\n<p><iframe loading=\"lazy\" title=\"ASI585MC AIR unboxing,  installatie en eerste test\" width=\"980\" height=\"551\" src=\"https:\/\/www.youtube.com\/embed\/tAor8eTz2e4?feature=oembed&#038;enablejsapi=1&#038;origin=https:\/\/www.ganymedes.nl\" frameborder=\"0\" allow=\"accelerometer; autoplay; clipboard-write; encrypted-media; gyroscope; picture-in-picture; web-share\" referrerpolicy=\"strict-origin-when-cross-origin\" allowfullscreen><\/iframe><\/p>\n","protected":false},"excerpt":{"rendered":"<p>De ZWO ASI585MC Air is een draadloze 3-in-1 deep-sky camera met 4K STARVIS 2-sensor, ingebouwde guiding en slimme besturing. Perfect voor eenvoudige en krachtige astrofotografie, direct vanaf je smartphone of tablet.<\/p>\n","protected":false},"featured_media":53319,"comment_status":"closed","ping_status":"closed","template":"","meta":{"_acf_changed":false,"_vp_format_video_url":"","_vp_image_focal_point":[],"_vp_custom_popup_image":0,"_vp_format_audio_url":"","_vp_custom_thumbnail":0,"_vp_custom_thumbnail_focal_point":[],"_vp_hover_thumbnail":0,"_vp_hover_thumbnail_focal_point":[]},"product_brand":[],"product_cat":[73,74,117,119],"product_tag":[],"class_list":{"0":"post-53303","1":"product","2":"type-product","3":"status-publish","4":"has-post-thumbnail","6":"product_cat-astrofotografie","7":"product_cat-astrofotografie-cameras","8":"product_cat-merken","9":"product_cat-merken-zwo","11":"first","12":"instock","13":"taxable","14":"shipping-taxable","15":"purchasable","16":"product-type-simple"},"acf":[],"yoast_head":"<!-- This site is optimized with the Yoast SEO plugin v27.3 - https:\/\/yoast.com\/product\/yoast-seo-wordpress\/ -->\n<title>ZWO ASI585MC Air smart camera - Ganymedes<\/title>\n<meta name=\"description\" content=\"ZWO ASI585MC Air: draadloze 3-in-1 deep-sky camera met een 4K sensor en slimme besturing. Nu ook bij Ganymedes verkrijgbaar.\" \/>\n<meta name=\"robots\" content=\"noindex, follow, max-snippet:-1, max-image-preview:large, max-video-preview:-1\" \/>\n<meta property=\"og:locale\" content=\"nl_NL\" \/>\n<meta property=\"og:type\" content=\"article\" \/>\n<meta property=\"og:title\" content=\"ZWO ASI585MC Air smart camera - Ganymedes\" \/>\n<meta property=\"og:description\" content=\"ZWO ASI585MC Air: draadloze 3-in-1 deep-sky camera met een 4K sensor en slimme besturing. Nu ook bij Ganymedes verkrijgbaar.\" \/>\n<meta property=\"og:url\" content=\"https:\/\/dev4-ganymedes.nl\/en\/product\/zwo-asi585mc-air-camera\/\" \/>\n<meta property=\"og:site_name\" content=\"Ganymedes\" \/>\n<meta property=\"article:publisher\" content=\"https:\/\/www.facebook.com\/GanymedesTelescopen\/\" \/>\n<meta property=\"article:modified_time\" content=\"2026-03-03T13:55:51+00:00\" \/>\n<meta property=\"og:image\" content=\"https:\/\/dev4-ganymedes.nl\/wp-content\/uploads\/2025\/06\/asi-585-mc-air-edit-paint.png\" \/>\n\t<meta property=\"og:image:width\" content=\"684\" \/>\n\t<meta property=\"og:image:height\" content=\"684\" \/>\n\t<meta property=\"og:image:type\" content=\"image\/png\" \/>\n<meta name=\"twitter:card\" content=\"summary_large_image\" \/>\n<meta name=\"twitter:site\" content=\"@Ganymedes_NL\" \/>\n<meta name=\"twitter:label1\" content=\"Geschatte leestijd\" \/>\n\t<meta name=\"twitter:data1\" content=\"5 minuten\" \/>\n<!-- \/ Yoast SEO plugin. -->","yoast_head_json":{"title":"ZWO ASI585MC Air smart camera - Ganymedes","description":"ZWO ASI585MC Air: draadloze 3-in-1 deep-sky camera met een 4K sensor en slimme besturing. Nu ook bij Ganymedes verkrijgbaar.","robots":{"index":"noindex","follow":"follow","max-snippet":"max-snippet:-1","max-image-preview":"max-image-preview:large","max-video-preview":"max-video-preview:-1"},"og_locale":"nl_NL","og_type":"article","og_title":"ZWO ASI585MC Air smart camera - Ganymedes","og_description":"ZWO ASI585MC Air: draadloze 3-in-1 deep-sky camera met een 4K sensor en slimme besturing. Nu ook bij Ganymedes verkrijgbaar.","og_url":"https:\/\/dev4-ganymedes.nl\/en\/product\/zwo-asi585mc-air-camera\/","og_site_name":"Ganymedes","article_publisher":"https:\/\/www.facebook.com\/GanymedesTelescopen\/","article_modified_time":"2026-03-03T13:55:51+00:00","og_image":[{"width":684,"height":684,"url":"https:\/\/dev4-ganymedes.nl\/wp-content\/uploads\/2025\/06\/asi-585-mc-air-edit-paint.png","type":"image\/png"}],"twitter_card":"summary_large_image","twitter_site":"@Ganymedes_NL","twitter_misc":{"Geschatte leestijd":"5 minuten"},"schema":{"@context":"https:\/\/schema.org","@graph":[{"@type":"WebPage","@id":"https:\/\/dev4-ganymedes.nl\/en\/product\/zwo-asi585mc-air-camera\/","url":"https:\/\/dev4-ganymedes.nl\/en\/product\/zwo-asi585mc-air-camera\/","name":"ZWO ASI585MC Air smart camera - Ganymedes","isPartOf":{"@id":"https:\/\/dev4-ganymedes.nl\/en\/#website"},"primaryImageOfPage":{"@id":"https:\/\/dev4-ganymedes.nl\/en\/product\/zwo-asi585mc-air-camera\/#primaryimage"},"image":{"@id":"https:\/\/dev4-ganymedes.nl\/en\/product\/zwo-asi585mc-air-camera\/#primaryimage"},"thumbnailUrl":"https:\/\/dev4-ganymedes.nl\/wp-content\/uploads\/2025\/06\/asi-585-mc-air-edit-paint.png","datePublished":"2025-06-14T13:28:52+00:00","dateModified":"2026-03-03T13:55:51+00:00","description":"ZWO ASI585MC Air: draadloze 3-in-1 deep-sky camera met een 4K sensor en slimme besturing. Nu ook bij Ganymedes verkrijgbaar.","breadcrumb":{"@id":"https:\/\/dev4-ganymedes.nl\/en\/product\/zwo-asi585mc-air-camera\/#breadcrumb"},"inLanguage":"nl-NL","potentialAction":[{"@type":"ReadAction","target":["https:\/\/dev4-ganymedes.nl\/en\/product\/zwo-asi585mc-air-camera\/"]}]},{"@type":"ImageObject","inLanguage":"nl-NL","@id":"https:\/\/dev4-ganymedes.nl\/en\/product\/zwo-asi585mc-air-camera\/#primaryimage","url":"https:\/\/dev4-ganymedes.nl\/wp-content\/uploads\/2025\/06\/asi-585-mc-air-edit-paint.png","contentUrl":"https:\/\/dev4-ganymedes.nl\/wp-content\/uploads\/2025\/06\/asi-585-mc-air-edit-paint.png","width":684,"height":684,"caption":"ZWO ASI585MC Air smart camera"},{"@type":"BreadcrumbList","@id":"https:\/\/dev4-ganymedes.nl\/en\/product\/zwo-asi585mc-air-camera\/#breadcrumb","itemListElement":[{"@type":"ListItem","position":1,"name":"Home","item":"https:\/\/dev4-ganymedes.nl\/ganymedes-is-de-telescoopwinkel-voor-al-je-optische-instrumenten-en-technieken\/"},{"@type":"ListItem","position":2,"name":"Store","item":"https:\/\/dev4-ganymedes.nl\/store\/"},{"@type":"ListItem","position":3,"name":"ZWO ASI585MC Air smart camera"}]},{"@type":"WebSite","@id":"https:\/\/dev4-ganymedes.nl\/en\/#website","url":"https:\/\/dev4-ganymedes.nl\/en\/","name":"Ganymedes","description":"Ganymedes","publisher":{"@id":"https:\/\/dev4-ganymedes.nl\/en\/#organization"},"potentialAction":[{"@type":"SearchAction","target":{"@type":"EntryPoint","urlTemplate":"https:\/\/dev4-ganymedes.nl\/en\/?s={search_term_string}"},"query-input":{"@type":"PropertyValueSpecification","valueRequired":true,"valueName":"search_term_string"}}],"inLanguage":"nl-NL"},{"@type":"Organization","@id":"https:\/\/dev4-ganymedes.nl\/en\/#organization","name":"Ganymedes","url":"https:\/\/dev4-ganymedes.nl\/en\/","logo":{"@type":"ImageObject","inLanguage":"nl-NL","@id":"https:\/\/dev4-ganymedes.nl\/en\/#\/schema\/logo\/image\/","url":"https:\/\/www.ganymedes.nl\/wp-content\/uploads\/2019\/11\/GanymedesLogo_v1_small.png","contentUrl":"https:\/\/www.ganymedes.nl\/wp-content\/uploads\/2019\/11\/GanymedesLogo_v1_small.png","width":450,"height":90,"caption":"Ganymedes"},"image":{"@id":"https:\/\/dev4-ganymedes.nl\/en\/#\/schema\/logo\/image\/"},"sameAs":["https:\/\/www.facebook.com\/GanymedesTelescopen\/","https:\/\/x.com\/Ganymedes_NL"]}]}},"_links":{"self":[{"href":"https:\/\/dev4-ganymedes.nl\/en\/wp-json\/wp\/v2\/product\/53303","targetHints":{"allow":["GET"]}}],"collection":[{"href":"https:\/\/dev4-ganymedes.nl\/en\/wp-json\/wp\/v2\/product"}],"about":[{"href":"https:\/\/dev4-ganymedes.nl\/en\/wp-json\/wp\/v2\/types\/product"}],"replies":[{"embeddable":true,"href":"https:\/\/dev4-ganymedes.nl\/en\/wp-json\/wp\/v2\/comments?post=53303"}],"wp:featuredmedia":[{"embeddable":true,"href":"https:\/\/dev4-ganymedes.nl\/en\/wp-json\/wp\/v2\/media\/53319"}],"wp:attachment":[{"href":"https:\/\/dev4-ganymedes.nl\/en\/wp-json\/wp\/v2\/media?parent=53303"}],"wp:term":[{"taxonomy":"product_brand","embeddable":true,"href":"https:\/\/dev4-ganymedes.nl\/en\/wp-json\/wp\/v2\/product_brand?post=53303"},{"taxonomy":"product_cat","embeddable":true,"href":"https:\/\/dev4-ganymedes.nl\/en\/wp-json\/wp\/v2\/product_cat?post=53303"},{"taxonomy":"product_tag","embeddable":true,"href":"https:\/\/dev4-ganymedes.nl\/en\/wp-json\/wp\/v2\/product_tag?post=53303"}],"curies":[{"name":"wp","href":"https:\/\/api.w.org\/{rel}","templated":true}]}}