{"id":53101,"date":"2025-06-05T13:17:52","date_gmt":"2025-06-05T11:17:52","guid":{"rendered":"https:\/\/www.ganymedes.nl\/?post_type=product&#038;p=53101"},"modified":"2026-02-25T15:48:25","modified_gmt":"2026-02-25T14:48:25","slug":"touptek-stellavita-astrostation-controller","status":"publish","type":"product","link":"https:\/\/dev4-ganymedes.nl\/en\/product\/touptek-stellavita-astrostation-controller\/","title":{"rendered":"ToupTek StellaVita Astrostation controller"},"content":{"rendered":"<h2>De ToupTek StellaVita Astrostation controller is een alles-in-\u00e9\u00e9n besturingssysteem en compatibel met diverse merken astronomische apparatuur<\/h2>\n<p>De<strong>\u00a0ToupTek StellaVita Astrostation controller<\/strong> is een krachtige, draadloze Wi-Fi-controller die compatibel is met diverse merken astronomische apparatuur. Dankzij de open-ecosysteemtechnologie biedt StellaVita een complete oplossing met alle benodigde software en stuurprogramma&#8217;s vooraf ge\u00efnstalleerd, waardoor extra installaties overbodig zijn. Het intu\u00eftieve alles-in-\u00e9\u00e9n besturingssysteem vereenvoudigt je opnamesessies en maakt deep-sky fotografie moeiteloos en effici\u00ebnt.<\/p>\n<p>&nbsp;<\/p>\n<p><img loading=\"lazy\" decoding=\"async\" class=\"alignleft wp-image-53117 size-vp_md\" title=\"ToupTek StellaVita smart controller head\" src=\"https:\/\/www.ganymedes.nl\/wp-content\/uploads\/2025\/06\/StellaVita_head-800x400.webp\" alt=\"ToupTek StellaVita smart controller head\" width=\"800\" height=\"400\" srcset=\"https:\/\/dev4-ganymedes.nl\/wp-content\/uploads\/2025\/06\/StellaVita_head-800x400.webp 800w, https:\/\/dev4-ganymedes.nl\/wp-content\/uploads\/2025\/06\/StellaVita_head-scaled-324x162.webp 324w, https:\/\/dev4-ganymedes.nl\/wp-content\/uploads\/2025\/06\/StellaVita_head-scaled-416x208.webp 416w, https:\/\/dev4-ganymedes.nl\/wp-content\/uploads\/2025\/06\/StellaVita_head-300x150.webp 300w, https:\/\/dev4-ganymedes.nl\/wp-content\/uploads\/2025\/06\/StellaVita_head-1030x515.webp 1030w, https:\/\/dev4-ganymedes.nl\/wp-content\/uploads\/2025\/06\/StellaVita_head-768x384.webp 768w, https:\/\/dev4-ganymedes.nl\/wp-content\/uploads\/2025\/06\/StellaVita_head-1536x768.webp 1536w, https:\/\/dev4-ganymedes.nl\/wp-content\/uploads\/2025\/06\/StellaVita_head-2048x1024.webp 2048w, https:\/\/dev4-ganymedes.nl\/wp-content\/uploads\/2025\/06\/StellaVita_head-140x70.webp 140w, https:\/\/dev4-ganymedes.nl\/wp-content\/uploads\/2025\/06\/StellaVita_head-500x250.webp 500w, https:\/\/dev4-ganymedes.nl\/wp-content\/uploads\/2025\/06\/StellaVita_head-1280x640.webp 1280w, https:\/\/dev4-ganymedes.nl\/wp-content\/uploads\/2025\/06\/StellaVita_head-1920x960.webp 1920w\" sizes=\"auto, (max-width: 800px) 100vw, 800px\" \/><\/p>\n<p>&nbsp;<\/p>\n<p>&nbsp;<\/p>\n<p>&nbsp;<\/p>\n<p>&nbsp;<\/p>\n<p>&nbsp;<\/p>\n<p>&nbsp;<\/p>\n<p>&nbsp;<\/p>\n<p>&nbsp;<\/p>\n<p>&nbsp;<\/p>\n<p>Ontworpen met compromisloze kwaliteit en grondig getest, zorgen de innovatieve hardware, elektronica en software voor uitzonderlijke stabiliteit en betrouwbaarheid.<br \/>\nGebruikers krijgen moeiteloos controle over hun astrofotografie-opstelling, waarmee ze onbeperkte creatieve mogelijkheden ontsluiten voor het vastleggen van verbluffende deep-sky beelden.<\/p>\n<p><img loading=\"lazy\" decoding=\"async\" class=\"wp-image-53119 size-vp_md alignnone\" title=\"ToupTek StellaVita smart controller independant\" src=\"https:\/\/www.ganymedes.nl\/wp-content\/uploads\/2025\/06\/StellaVita_IndependentlyDeveloped-800x400.webp\" alt=\"ToupTek StellaVita smart controller independant\" width=\"800\" height=\"400\" srcset=\"https:\/\/dev4-ganymedes.nl\/wp-content\/uploads\/2025\/06\/StellaVita_IndependentlyDeveloped-800x400.webp 800w, https:\/\/dev4-ganymedes.nl\/wp-content\/uploads\/2025\/06\/StellaVita_IndependentlyDeveloped-scaled-324x162.webp 324w, https:\/\/dev4-ganymedes.nl\/wp-content\/uploads\/2025\/06\/StellaVita_IndependentlyDeveloped-scaled-416x208.webp 416w, https:\/\/dev4-ganymedes.nl\/wp-content\/uploads\/2025\/06\/StellaVita_IndependentlyDeveloped-300x150.webp 300w, https:\/\/dev4-ganymedes.nl\/wp-content\/uploads\/2025\/06\/StellaVita_IndependentlyDeveloped-1030x515.webp 1030w, https:\/\/dev4-ganymedes.nl\/wp-content\/uploads\/2025\/06\/StellaVita_IndependentlyDeveloped-768x384.webp 768w, https:\/\/dev4-ganymedes.nl\/wp-content\/uploads\/2025\/06\/StellaVita_IndependentlyDeveloped-1536x768.webp 1536w, https:\/\/dev4-ganymedes.nl\/wp-content\/uploads\/2025\/06\/StellaVita_IndependentlyDeveloped-2048x1024.webp 2048w, https:\/\/dev4-ganymedes.nl\/wp-content\/uploads\/2025\/06\/StellaVita_IndependentlyDeveloped-140x70.webp 140w, https:\/\/dev4-ganymedes.nl\/wp-content\/uploads\/2025\/06\/StellaVita_IndependentlyDeveloped-500x250.webp 500w, https:\/\/dev4-ganymedes.nl\/wp-content\/uploads\/2025\/06\/StellaVita_IndependentlyDeveloped-1280x640.webp 1280w, https:\/\/dev4-ganymedes.nl\/wp-content\/uploads\/2025\/06\/StellaVita_IndependentlyDeveloped-1920x960.webp 1920w\" sizes=\"auto, (max-width: 800px) 100vw, 800px\" \/><\/p>\n<p>Met een universeel en open systeem voor naadloze integratie en Wi-Fi-bediening van diverse astrofotografie-instrumenten, stelt de StellaVita je in staat eenvoudig DSO gekoelde camera&#8217;s, gidscamera&#8217;s, planetaire camera&#8217;s, de Astro Auto Focuser (AAF), het Astro Filter Wheel (AFW), equatoriale monturen en andere compatibele apparatuur te beheren.<\/p>\n<h3>Applicatie<\/h3>\n<p>Download simpelweg de StellaVita-app, en dankzij de verbeterde antenne geniet je van een sterk Wi-Fi-signaal en stabiele communicatie.<br \/>\nOf je nu een deep-sky fotograaf bent of een liefhebber van planetaire opnames, deze Wi-Fi-controller tilt je astrofotografie-workflow naar een hoger niveau.<\/p>\n<p><img loading=\"lazy\" decoding=\"async\" class=\"wp-image-53111 size-vp_md alignnone\" title=\"ToupTek StellaVita smart controller broad compatibility\" src=\"https:\/\/www.ganymedes.nl\/wp-content\/uploads\/2025\/06\/StellaVita_BroadCompatibility-800x400.webp\" alt=\"ToupTek StellaVita smart controller broad compatibility\" width=\"800\" height=\"400\" srcset=\"https:\/\/dev4-ganymedes.nl\/wp-content\/uploads\/2025\/06\/StellaVita_BroadCompatibility-800x400.webp 800w, https:\/\/dev4-ganymedes.nl\/wp-content\/uploads\/2025\/06\/StellaVita_BroadCompatibility-scaled-324x162.webp 324w, https:\/\/dev4-ganymedes.nl\/wp-content\/uploads\/2025\/06\/StellaVita_BroadCompatibility-scaled-416x208.webp 416w, https:\/\/dev4-ganymedes.nl\/wp-content\/uploads\/2025\/06\/StellaVita_BroadCompatibility-300x150.webp 300w, https:\/\/dev4-ganymedes.nl\/wp-content\/uploads\/2025\/06\/StellaVita_BroadCompatibility-1030x515.webp 1030w, https:\/\/dev4-ganymedes.nl\/wp-content\/uploads\/2025\/06\/StellaVita_BroadCompatibility-768x384.webp 768w, https:\/\/dev4-ganymedes.nl\/wp-content\/uploads\/2025\/06\/StellaVita_BroadCompatibility-1536x768.webp 1536w, https:\/\/dev4-ganymedes.nl\/wp-content\/uploads\/2025\/06\/StellaVita_BroadCompatibility-2048x1024.webp 2048w, https:\/\/dev4-ganymedes.nl\/wp-content\/uploads\/2025\/06\/StellaVita_BroadCompatibility-140x70.webp 140w, https:\/\/dev4-ganymedes.nl\/wp-content\/uploads\/2025\/06\/StellaVita_BroadCompatibility-500x250.webp 500w, https:\/\/dev4-ganymedes.nl\/wp-content\/uploads\/2025\/06\/StellaVita_BroadCompatibility-1280x640.webp 1280w, https:\/\/dev4-ganymedes.nl\/wp-content\/uploads\/2025\/06\/StellaVita_BroadCompatibility-1920x960.webp 1920w\" sizes=\"auto, (max-width: 800px) 100vw, 800px\" \/><\/p>\n<p>De <strong data-start=\"3\" data-end=\"17\">StellaVita<\/strong> tilt astrofotografie naar een hoger niveau dankzij de dual-band (2.4G &amp; 5G) Wi-Fi-technologie, die zorgt voor een snelle en stabiele draadloze verbinding.<br data-start=\"172\" data-end=\"175\" \/>Voorzien van een externe high-gain dual-band antenne, biedt het apparaat een indrukwekkend bereik tot wel 10 meter met krachtige signaaloverdracht.<\/p>\n<p>De <strong data-start=\"3\" data-end=\"17\">StellaVita<\/strong> is uitgerust met Gigabit Ethernet en meerdere USB-poorten (2\u00d7 USB 3.0, 2\u00d7 USB 2.0) voor snelle en betrouwbare gegevensoverdracht.<br data-start=\"147\" data-end=\"150\" \/>Het apparaat beschikt over een 12V 8A stroomingang en meerdere DC 12V-uitgangen (4\u00d7 DC 12V, 12V 3A per poort) om je deep-sky camera, equatoriale montering, automatische focuser en andere apparatuur van stroom te voorzien.<br data-start=\"371\" data-end=\"374\" \/>Met gebruikersgestuurde energiebeheerfuncties en diverse stroomindicatoren biedt de StellaVita nauwkeurige controle over het energieverbruik.<br data-start=\"515\" data-end=\"518\" \/>Bovendien maakt de SD-kaartuitbreiding eenvoudige gegevensopslag mogelijk en is deze compatibel met standaard geheugenkaarten van camera\u2019s.<\/p>\n<p><img loading=\"lazy\" decoding=\"async\" class=\"wp-image-53113 size-vp_md alignnone\" title=\"ToupTek StellaVita smart controller broad compatibility\" src=\"https:\/\/www.ganymedes.nl\/wp-content\/uploads\/2025\/06\/StellaVita_DiversePorts-800x400.webp\" alt=\"ToupTek StellaVita smart controller broad compatibility\" width=\"800\" height=\"400\" srcset=\"https:\/\/dev4-ganymedes.nl\/wp-content\/uploads\/2025\/06\/StellaVita_DiversePorts-800x400.webp 800w, https:\/\/dev4-ganymedes.nl\/wp-content\/uploads\/2025\/06\/StellaVita_DiversePorts-scaled-324x162.webp 324w, https:\/\/dev4-ganymedes.nl\/wp-content\/uploads\/2025\/06\/StellaVita_DiversePorts-scaled-416x208.webp 416w, https:\/\/dev4-ganymedes.nl\/wp-content\/uploads\/2025\/06\/StellaVita_DiversePorts-300x150.webp 300w, https:\/\/dev4-ganymedes.nl\/wp-content\/uploads\/2025\/06\/StellaVita_DiversePorts-1030x515.webp 1030w, https:\/\/dev4-ganymedes.nl\/wp-content\/uploads\/2025\/06\/StellaVita_DiversePorts-768x384.webp 768w, https:\/\/dev4-ganymedes.nl\/wp-content\/uploads\/2025\/06\/StellaVita_DiversePorts-1536x768.webp 1536w, https:\/\/dev4-ganymedes.nl\/wp-content\/uploads\/2025\/06\/StellaVita_DiversePorts-2048x1024.webp 2048w, https:\/\/dev4-ganymedes.nl\/wp-content\/uploads\/2025\/06\/StellaVita_DiversePorts-140x70.webp 140w, https:\/\/dev4-ganymedes.nl\/wp-content\/uploads\/2025\/06\/StellaVita_DiversePorts-500x250.webp 500w, https:\/\/dev4-ganymedes.nl\/wp-content\/uploads\/2025\/06\/StellaVita_DiversePorts-1280x640.webp 1280w, https:\/\/dev4-ganymedes.nl\/wp-content\/uploads\/2025\/06\/StellaVita_DiversePorts-1920x960.webp 1920w\" sizes=\"auto, (max-width: 800px) 100vw, 800px\" \/><\/p>\n<p>De <strong data-start=\"3\" data-end=\"21\">StellaVita App<\/strong> is een astrofotografie-app die speciaal is ontwikkeld voor zowel beginners als professionals en biedt draadloze Wi-Fi-bediening op afstand van camera\u2019s.<br data-start=\"174\" data-end=\"177\" \/>De app maakt het mogelijk om eenvoudig verschillende apparatuur te beheren, waaronder equatoriale monturen, elektronische focusers, astrofotografiecamera\u2019s en bijbehorende accessoires.<\/p>\n<p><img loading=\"lazy\" decoding=\"async\" class=\"wp-image-53123 size-vp_md alignnone\" title=\"ToupTek StellaVita smart controller remote control\" src=\"https:\/\/www.ganymedes.nl\/wp-content\/uploads\/2025\/06\/StellaVita_RemoteControl-800x400.jpg\" alt=\"ToupTek StellaVita smart controller remote control\" width=\"800\" height=\"400\" srcset=\"https:\/\/dev4-ganymedes.nl\/wp-content\/uploads\/2025\/06\/StellaVita_RemoteControl-800x400.jpg 800w, https:\/\/dev4-ganymedes.nl\/wp-content\/uploads\/2025\/06\/StellaVita_RemoteControl-scaled-324x162.jpg 324w, https:\/\/dev4-ganymedes.nl\/wp-content\/uploads\/2025\/06\/StellaVita_RemoteControl-scaled-416x208.jpg 416w, https:\/\/dev4-ganymedes.nl\/wp-content\/uploads\/2025\/06\/StellaVita_RemoteControl-300x150.jpg 300w, https:\/\/dev4-ganymedes.nl\/wp-content\/uploads\/2025\/06\/StellaVita_RemoteControl-1030x515.jpg 1030w, https:\/\/dev4-ganymedes.nl\/wp-content\/uploads\/2025\/06\/StellaVita_RemoteControl-768x384.jpg 768w, https:\/\/dev4-ganymedes.nl\/wp-content\/uploads\/2025\/06\/StellaVita_RemoteControl-1536x768.jpg 1536w, https:\/\/dev4-ganymedes.nl\/wp-content\/uploads\/2025\/06\/StellaVita_RemoteControl-2048x1024.jpg 2048w, https:\/\/dev4-ganymedes.nl\/wp-content\/uploads\/2025\/06\/StellaVita_RemoteControl-140x70.jpg 140w, https:\/\/dev4-ganymedes.nl\/wp-content\/uploads\/2025\/06\/StellaVita_RemoteControl-500x250.jpg 500w, https:\/\/dev4-ganymedes.nl\/wp-content\/uploads\/2025\/06\/StellaVita_RemoteControl-1280x640.jpg 1280w, https:\/\/dev4-ganymedes.nl\/wp-content\/uploads\/2025\/06\/StellaVita_RemoteControl-1920x960.jpg 1920w\" sizes=\"auto, (max-width: 800px) 100vw, 800px\" \/><\/p>\n<p data-start=\"0\" data-end=\"165\">De <strong data-start=\"3\" data-end=\"21\">StellaVita App<\/strong> maakt astrofotografie eenvoudiger dan ooit met een krachtige sterrenkaartweergave (FOV), realtime preview en geavanceerde instellingen op maat.<\/p>\n<p data-start=\"167\" data-end=\"319\">Plan je opnames moeiteloos met een nauwkeurig opnameplan, pas belichtingsinstellingen aan, wissel tussen camera\u2019s en bereik een perfecte pooluitlijning.<\/p>\n<p data-start=\"321\" data-end=\"589\" data-is-last-node=\"\" data-is-only-node=\"\">De interactieve sterrenkaart helpt je om hemelobjecten te visualiseren binnen het gezichtsveld (FOV) van je telescoop. De kaart bevat meer dan 10.000 doelobjecten, met duidelijk gelabelde sterrennamen en hoge resolutie zoommogelijkheden voor nauwkeurige kadrering.<\/p>\n<p><img loading=\"lazy\" decoding=\"async\" class=\"alignleft wp-image-53115 size-vp_md\" title=\"ToupTek StellaVita smart controller export\" src=\"https:\/\/www.ganymedes.nl\/wp-content\/uploads\/2025\/06\/StellaVita_DSOImagingExpert-800x400.webp\" alt=\"ToupTek StellaVita smart controller export\" width=\"800\" height=\"400\" srcset=\"https:\/\/dev4-ganymedes.nl\/wp-content\/uploads\/2025\/06\/StellaVita_DSOImagingExpert-800x400.webp 800w, https:\/\/dev4-ganymedes.nl\/wp-content\/uploads\/2025\/06\/StellaVita_DSOImagingExpert-scaled-324x162.webp 324w, https:\/\/dev4-ganymedes.nl\/wp-content\/uploads\/2025\/06\/StellaVita_DSOImagingExpert-scaled-416x208.webp 416w, https:\/\/dev4-ganymedes.nl\/wp-content\/uploads\/2025\/06\/StellaVita_DSOImagingExpert-300x150.webp 300w, https:\/\/dev4-ganymedes.nl\/wp-content\/uploads\/2025\/06\/StellaVita_DSOImagingExpert-1030x515.webp 1030w, https:\/\/dev4-ganymedes.nl\/wp-content\/uploads\/2025\/06\/StellaVita_DSOImagingExpert-768x384.webp 768w, https:\/\/dev4-ganymedes.nl\/wp-content\/uploads\/2025\/06\/StellaVita_DSOImagingExpert-1536x768.webp 1536w, https:\/\/dev4-ganymedes.nl\/wp-content\/uploads\/2025\/06\/StellaVita_DSOImagingExpert-2048x1024.webp 2048w, https:\/\/dev4-ganymedes.nl\/wp-content\/uploads\/2025\/06\/StellaVita_DSOImagingExpert-140x70.webp 140w, https:\/\/dev4-ganymedes.nl\/wp-content\/uploads\/2025\/06\/StellaVita_DSOImagingExpert-500x250.webp 500w, https:\/\/dev4-ganymedes.nl\/wp-content\/uploads\/2025\/06\/StellaVita_DSOImagingExpert-1280x640.webp 1280w, https:\/\/dev4-ganymedes.nl\/wp-content\/uploads\/2025\/06\/StellaVita_DSOImagingExpert-1920x960.webp 1920w\" sizes=\"auto, (max-width: 800px) 100vw, 800px\" \/><\/p>\n<h2>Merken \/ apparaten die ondersteund worden door de StellaVita:<\/h2>\n<ul>\n<li>ToupTek Astro (Alle apparaten), ZWO (Camera&#8217;s), QHYCCD (Camera&#8217;s)<\/li>\n<\/ul>\n<p>Compatibele fabrikanten\/apparaten met het INDI-platform:<\/p>\n<ul>\n<li>ZWO (Filterwielen, electronische focusers, equatorial monteringen)<\/li>\n<li>QHYCCD (Filterwielen, electronische focusers)<\/li>\n<li>PlayerOne (Alle apparaten)<\/li>\n<li>ATIK (Camera&#8217;s)<\/li>\n<li>Equatorial monteringen gebaseerd op Onstep settingen (Meow, EasyMount, WarpAstron, CLEARSKY, JUWEI, BlackHole, etc.)<\/li>\n<li>Gemini (electronische focusers)<\/li>\n<li>Astroasis (electronische focusers, filterwielen)<\/li>\n<li>Sky-Watcher (Equatoriale monteringen)<\/li>\n<li>iOptron (Alle apparaten)<\/li>\n<li>Celestron (Equatoriale monteringen)<\/li>\n<\/ul>\n<h3>Levering van de Touptek StellaVita Astrostation Controller omvat:<\/h3>\n<p><img loading=\"lazy\" decoding=\"async\" class=\"alignnone wp-image-53121 size-vp_md\" title=\"ToupTek StellaVita smart controller packinglist\" src=\"https:\/\/www.ganymedes.nl\/wp-content\/uploads\/2025\/06\/StellaVita_packinglist-800x400.webp\" alt=\"ToupTek StellaVita smart controller packinglist\" width=\"800\" height=\"400\" srcset=\"https:\/\/dev4-ganymedes.nl\/wp-content\/uploads\/2025\/06\/StellaVita_packinglist-800x400.webp 800w, https:\/\/dev4-ganymedes.nl\/wp-content\/uploads\/2025\/06\/StellaVita_packinglist-scaled-324x162.webp 324w, https:\/\/dev4-ganymedes.nl\/wp-content\/uploads\/2025\/06\/StellaVita_packinglist-scaled-416x208.webp 416w, https:\/\/dev4-ganymedes.nl\/wp-content\/uploads\/2025\/06\/StellaVita_packinglist-300x150.webp 300w, https:\/\/dev4-ganymedes.nl\/wp-content\/uploads\/2025\/06\/StellaVita_packinglist-1030x515.webp 1030w, https:\/\/dev4-ganymedes.nl\/wp-content\/uploads\/2025\/06\/StellaVita_packinglist-768x384.webp 768w, https:\/\/dev4-ganymedes.nl\/wp-content\/uploads\/2025\/06\/StellaVita_packinglist-1536x768.webp 1536w, https:\/\/dev4-ganymedes.nl\/wp-content\/uploads\/2025\/06\/StellaVita_packinglist-2048x1024.webp 2048w, https:\/\/dev4-ganymedes.nl\/wp-content\/uploads\/2025\/06\/StellaVita_packinglist-140x70.webp 140w, https:\/\/dev4-ganymedes.nl\/wp-content\/uploads\/2025\/06\/StellaVita_packinglist-500x250.webp 500w, https:\/\/dev4-ganymedes.nl\/wp-content\/uploads\/2025\/06\/StellaVita_packinglist-1280x640.webp 1280w, https:\/\/dev4-ganymedes.nl\/wp-content\/uploads\/2025\/06\/StellaVita_packinglist-1920x960.webp 1920w\" sizes=\"auto, (max-width: 800px) 100vw, 800px\" \/><\/p>\n<p>&nbsp;<\/p>\n<p><strong>Let op:\u00a0<\/strong>een losse voeding voor de ToupTek StellaVita Astrostation controller wordt niet meegeleverd. De StellaVita wordt van 12v stroom voorzien door middel van een 2.1mm plug, je kan bijvoorbeeld <a href=\"\/product\/zwo-12v-5a-ac-to-dc-adapter-for-cooled-cameras\/\">deze erbij bestellen<\/a>.<\/p>\n<p><strong>Let op<\/strong>: voor SkyWatcher monteringen kan het zijn dat een\u00a0<a href=\"\/product\/pegasus-astro-eqdir-usb-stick-for-eqmod\/\">EQDir kabel<\/a>\u00a0nodig is. De verbinding met het USB-RS232 kabel wilt niet altijd lukken!<\/p>\n<h3>Profiteer van de topkwaliteit van deze aansturing<\/h3>\n<p>Bestel jouw ToupTek StellaVita Astrostation controller eenvoudig online bij Ganymedes en ga aan de slag met dit geweldige apparaat. Je bent ook van harte welkom in onze showroom in Amstelveen, waar je onze collectie kunt bekijken en eventueel kunt testen. Ontdek ook producten van andere merken uit ons assortiment, zoals <a href=\"https:\/\/www.ganymedes.nl\/product-categorie\/merken\/merken-zwo\/\" target=\"_blank\" rel=\"noopener\">ZWO<\/a> en <a href=\"\/product-categorie\/merken\/merken-pegasus-astro\/\">Pegasus Astro<\/a>. Heb je vragen? We helpen je graag via\u00a0<a href=\"tel:0031206412083\">020-6412083<\/a>.<\/p>\n","protected":false},"excerpt":{"rendered":"<p>De ToupTek StellaVita Astrostation controller is een alles-in-\u00e9\u00e9n besturingssysteem en compatibel met diverse merken astronomische apparatuur<\/p>\n","protected":false},"featured_media":53103,"comment_status":"open","ping_status":"closed","template":"","meta":{"_acf_changed":false,"_vp_format_video_url":"","_vp_image_focal_point":[],"_vp_custom_popup_image":0,"_vp_format_audio_url":"","_vp_custom_thumbnail":0,"_vp_custom_thumbnail_focal_point":[],"_vp_hover_thumbnail":0,"_vp_hover_thumbnail_focal_point":[]},"product_brand":[],"product_cat":[267,342,283,738],"product_tag":[],"class_list":{"0":"post-53101","1":"product","2":"type-product","3":"status-publish","4":"has-post-thumbnail","6":"product_cat-astrophotography-en","7":"product_cat-brands-en","8":"product_cat-astrophotography-smart-accessories-en","9":"product_cat-merken-touptek","11":"first","12":"instock","13":"taxable","14":"shipping-taxable","15":"purchasable","16":"product-type-simple"},"acf":[],"yoast_head":"<!-- This site is optimized with the Yoast SEO plugin v27.3 - https:\/\/yoast.com\/product\/yoast-seo-wordpress\/ -->\n<title>ToupTek StellaVita Astrostation controller - Ganymedes<\/title>\n<meta name=\"description\" content=\"De ToupTek StellaVita Astrostation controller is een alles-in-\u00e9\u00e9n besturingssysteem en compatibel met diverse merken astronomische apparatuur\" \/>\n<meta name=\"robots\" content=\"noindex, follow, max-snippet:-1, max-image-preview:large, max-video-preview:-1\" \/>\n<meta property=\"og:locale\" content=\"nl_NL\" \/>\n<meta property=\"og:type\" content=\"article\" \/>\n<meta property=\"og:title\" content=\"ToupTek StellaVita Astrostation controller - Ganymedes\" \/>\n<meta property=\"og:description\" content=\"De ToupTek StellaVita Astrostation controller is een alles-in-\u00e9\u00e9n besturingssysteem en compatibel met diverse merken astronomische apparatuur\" \/>\n<meta property=\"og:url\" content=\"https:\/\/dev4-ganymedes.nl\/en\/product\/touptek-stellavita-astrostation-controller\/\" \/>\n<meta property=\"og:site_name\" content=\"Ganymedes\" \/>\n<meta property=\"article:publisher\" content=\"https:\/\/www.facebook.com\/GanymedesTelescopen\/\" \/>\n<meta property=\"article:modified_time\" content=\"2026-02-25T14:48:25+00:00\" \/>\n<meta property=\"og:image\" content=\"https:\/\/dev4-ganymedes.nl\/wp-content\/uploads\/2025\/06\/pro_StellaVita1.webp\" \/>\n\t<meta property=\"og:image:width\" content=\"1000\" \/>\n\t<meta property=\"og:image:height\" content=\"1000\" \/>\n\t<meta property=\"og:image:type\" content=\"image\/webp\" \/>\n<meta name=\"twitter:card\" content=\"summary_large_image\" \/>\n<meta name=\"twitter:site\" content=\"@Ganymedes_NL\" \/>\n<meta name=\"twitter:label1\" content=\"Geschatte leestijd\" \/>\n\t<meta name=\"twitter:data1\" content=\"5 minuten\" \/>\n<!-- \/ Yoast SEO plugin. -->","yoast_head_json":{"title":"ToupTek StellaVita Astrostation controller - Ganymedes","description":"De ToupTek StellaVita Astrostation controller is een alles-in-\u00e9\u00e9n besturingssysteem en compatibel met diverse merken astronomische apparatuur","robots":{"index":"noindex","follow":"follow","max-snippet":"max-snippet:-1","max-image-preview":"max-image-preview:large","max-video-preview":"max-video-preview:-1"},"og_locale":"nl_NL","og_type":"article","og_title":"ToupTek StellaVita Astrostation controller - Ganymedes","og_description":"De ToupTek StellaVita Astrostation controller is een alles-in-\u00e9\u00e9n besturingssysteem en compatibel met diverse merken astronomische apparatuur","og_url":"https:\/\/dev4-ganymedes.nl\/en\/product\/touptek-stellavita-astrostation-controller\/","og_site_name":"Ganymedes","article_publisher":"https:\/\/www.facebook.com\/GanymedesTelescopen\/","article_modified_time":"2026-02-25T14:48:25+00:00","og_image":[{"width":1000,"height":1000,"url":"https:\/\/dev4-ganymedes.nl\/wp-content\/uploads\/2025\/06\/pro_StellaVita1.webp","type":"image\/webp"}],"twitter_card":"summary_large_image","twitter_site":"@Ganymedes_NL","twitter_misc":{"Geschatte leestijd":"5 minuten"},"schema":{"@context":"https:\/\/schema.org","@graph":[{"@type":"WebPage","@id":"https:\/\/dev4-ganymedes.nl\/en\/product\/touptek-stellavita-astrostation-controller\/","url":"https:\/\/dev4-ganymedes.nl\/en\/product\/touptek-stellavita-astrostation-controller\/","name":"ToupTek StellaVita Astrostation controller - Ganymedes","isPartOf":{"@id":"https:\/\/dev4-ganymedes.nl\/en\/#website"},"primaryImageOfPage":{"@id":"https:\/\/dev4-ganymedes.nl\/en\/product\/touptek-stellavita-astrostation-controller\/#primaryimage"},"image":{"@id":"https:\/\/dev4-ganymedes.nl\/en\/product\/touptek-stellavita-astrostation-controller\/#primaryimage"},"thumbnailUrl":"https:\/\/dev4-ganymedes.nl\/wp-content\/uploads\/2025\/06\/pro_StellaVita1.webp","datePublished":"2025-06-05T11:17:52+00:00","dateModified":"2026-02-25T14:48:25+00:00","description":"De ToupTek StellaVita Astrostation controller is een alles-in-\u00e9\u00e9n besturingssysteem en compatibel met diverse merken astronomische apparatuur","breadcrumb":{"@id":"https:\/\/dev4-ganymedes.nl\/en\/product\/touptek-stellavita-astrostation-controller\/#breadcrumb"},"inLanguage":"nl-NL","potentialAction":[{"@type":"ReadAction","target":["https:\/\/dev4-ganymedes.nl\/en\/product\/touptek-stellavita-astrostation-controller\/"]}]},{"@type":"ImageObject","inLanguage":"nl-NL","@id":"https:\/\/dev4-ganymedes.nl\/en\/product\/touptek-stellavita-astrostation-controller\/#primaryimage","url":"https:\/\/dev4-ganymedes.nl\/wp-content\/uploads\/2025\/06\/pro_StellaVita1.webp","contentUrl":"https:\/\/dev4-ganymedes.nl\/wp-content\/uploads\/2025\/06\/pro_StellaVita1.webp","width":1000,"height":1000,"caption":"ToupTek StellaVita smart controller"},{"@type":"BreadcrumbList","@id":"https:\/\/dev4-ganymedes.nl\/en\/product\/touptek-stellavita-astrostation-controller\/#breadcrumb","itemListElement":[{"@type":"ListItem","position":1,"name":"Home","item":"https:\/\/dev4-ganymedes.nl\/ganymedes-is-de-telescoopwinkel-voor-al-je-optische-instrumenten-en-technieken\/"},{"@type":"ListItem","position":2,"name":"Store","item":"https:\/\/dev4-ganymedes.nl\/store\/"},{"@type":"ListItem","position":3,"name":"ToupTek StellaVita Astrostation controller"}]},{"@type":"WebSite","@id":"https:\/\/dev4-ganymedes.nl\/en\/#website","url":"https:\/\/dev4-ganymedes.nl\/en\/","name":"Ganymedes","description":"Ganymedes","publisher":{"@id":"https:\/\/dev4-ganymedes.nl\/en\/#organization"},"potentialAction":[{"@type":"SearchAction","target":{"@type":"EntryPoint","urlTemplate":"https:\/\/dev4-ganymedes.nl\/en\/?s={search_term_string}"},"query-input":{"@type":"PropertyValueSpecification","valueRequired":true,"valueName":"search_term_string"}}],"inLanguage":"nl-NL"},{"@type":"Organization","@id":"https:\/\/dev4-ganymedes.nl\/en\/#organization","name":"Ganymedes","url":"https:\/\/dev4-ganymedes.nl\/en\/","logo":{"@type":"ImageObject","inLanguage":"nl-NL","@id":"https:\/\/dev4-ganymedes.nl\/en\/#\/schema\/logo\/image\/","url":"https:\/\/www.ganymedes.nl\/wp-content\/uploads\/2019\/11\/GanymedesLogo_v1_small.png","contentUrl":"https:\/\/www.ganymedes.nl\/wp-content\/uploads\/2019\/11\/GanymedesLogo_v1_small.png","width":450,"height":90,"caption":"Ganymedes"},"image":{"@id":"https:\/\/dev4-ganymedes.nl\/en\/#\/schema\/logo\/image\/"},"sameAs":["https:\/\/www.facebook.com\/GanymedesTelescopen\/","https:\/\/x.com\/Ganymedes_NL"]}]}},"_links":{"self":[{"href":"https:\/\/dev4-ganymedes.nl\/en\/wp-json\/wp\/v2\/product\/53101","targetHints":{"allow":["GET"]}}],"collection":[{"href":"https:\/\/dev4-ganymedes.nl\/en\/wp-json\/wp\/v2\/product"}],"about":[{"href":"https:\/\/dev4-ganymedes.nl\/en\/wp-json\/wp\/v2\/types\/product"}],"replies":[{"embeddable":true,"href":"https:\/\/dev4-ganymedes.nl\/en\/wp-json\/wp\/v2\/comments?post=53101"}],"wp:featuredmedia":[{"embeddable":true,"href":"https:\/\/dev4-ganymedes.nl\/en\/wp-json\/wp\/v2\/media\/53103"}],"wp:attachment":[{"href":"https:\/\/dev4-ganymedes.nl\/en\/wp-json\/wp\/v2\/media?parent=53101"}],"wp:term":[{"taxonomy":"product_brand","embeddable":true,"href":"https:\/\/dev4-ganymedes.nl\/en\/wp-json\/wp\/v2\/product_brand?post=53101"},{"taxonomy":"product_cat","embeddable":true,"href":"https:\/\/dev4-ganymedes.nl\/en\/wp-json\/wp\/v2\/product_cat?post=53101"},{"taxonomy":"product_tag","embeddable":true,"href":"https:\/\/dev4-ganymedes.nl\/en\/wp-json\/wp\/v2\/product_tag?post=53101"}],"curies":[{"name":"wp","href":"https:\/\/api.w.org\/{rel}","templated":true}]}}