{"id":47937,"date":"2024-11-14T14:02:03","date_gmt":"2024-11-14T13:02:03","guid":{"rendered":"https:\/\/www.ganymedes.nl\/?post_type=product&#038;p=47937"},"modified":"2025-12-16T14:47:13","modified_gmt":"2025-12-16T13:47:13","slug":"daystar-quark-chromosphere-refractor-f-4-f-9","status":"publish","type":"product","link":"https:\/\/dev4-ganymedes.nl\/en\/product\/daystar-quark-chromosphere-refractor-f-4-f-9\/","title":{"rendered":"Daystar Quark Chromosphere Refractor f\/4-f\/9"},"content":{"rendered":"<h3>Hydrogen Alpha filter voor refractors, Chromosphere<\/h3>\n<p>Daystar Quark Chromosphere Refractor f\/4-f\/9 is het eerste Hydrogen Alpha &#8220;Oculair&#8221;. Dit nieuwe, All-In-One ontwerp combineert hoogwaardige componenten van een telecentrische barlow, adapters, snuiten en Daystar waterstof alfa filter in \u00e9\u00e9n enkele assemblage. Door ontwerpeffici\u00ebntie en optimalisatie kunnen gebruikers nu genieten van de bekende hoogwaardige optica van Daystar Filters voor een betaalbare prijs.<\/p>\n<p>Voor gebruik op refractors van F\/4 tot F\/9 hoeft de gebruiker zich geen zorgen te maken over configuraties. Plaats gewoon uw diagonaal, voeg een oculair toe en bekijk. De QUARK bevat een aangepaste Daystar Instruments 4.2X telecentrische barlow lens die volledig is geoptimaliseerd in coatings en optisch ontwerp, specifiek voor de waterstof alfa golflengte. Deze zeer gespecialiseerde telecentrische lens biedt superieure vlakheid van het veld. De exacte filterbandpass zal vari\u00ebren op basis van de uiteindelijke telescooptoepassing, dus QUARK assemblages zijn gekwalificeerd om ofwel prominentie of oppervlak (chromosfeer) te tonen.<\/p>\n<p><a href=\"https:\/\/www.ganymedes.nl\/wp-content\/uploads\/2024\/11\/DS-Quark-1.webp\"><img loading=\"lazy\" decoding=\"async\" class=\"alignnone size-full wp-image-47948\" src=\"https:\/\/www.ganymedes.nl\/wp-content\/uploads\/2024\/11\/DS-Quark-1.webp\" alt=\"\" width=\"297\" height=\"444\" srcset=\"https:\/\/dev4-ganymedes.nl\/wp-content\/uploads\/2024\/11\/DS-Quark-1.webp 297w, https:\/\/dev4-ganymedes.nl\/wp-content\/uploads\/2024\/11\/DS-Quark-1-201x300.webp 201w, https:\/\/dev4-ganymedes.nl\/wp-content\/uploads\/2024\/11\/DS-Quark-1-88x132.webp 88w\" sizes=\"auto, (max-width: 297px) 100vw, 297px\" \/><\/a><\/p>\n<p>Er is geen specifieke FWHM bandpass aangewezen. Nu kunnen waarnemers een filter kopen op basis van hun gewenste observatiedoelen in plaats van hun budget. Kies protuberansen en oppervlakte (Chromosfeer) details. Beide zijn beschikbaar voor dezelfde lage prijs! Het volledig geoptimaliseerde ontwerp maakt adapters overbodig. Het is allemaal gecombineerd in \u00e9\u00e9n lichtgewicht oculairformaat apparaat. De nieuwe, compacte ontwerpconfiguratie elimineert onnodige componenten, gewicht en bijbehorende kosten. We hebben zelfs het stroomverbruik verminderd, dus de Quark kan nu de hele dag werken op een kleine, handzame optionele batterij. Er zijn schotten toegevoegd om het contrast te vergroten en AR-coatings zijn geoptimaliseerd voor de golflengte van 656 nm.<\/p>\n<p><span style=\"font-size: 1.618em\">Specificaties van de <\/span><span style=\"font-size: 1.618em\">Daystar Quark Chromosphere Refractor f\/4-f\/9 zijn:<\/span><\/p>\n<ul>\n<li>1.25 inch of 2.0 inch combo oculair snuiten met veiligheidsinkeping gleuf direct in uw diagonaal<\/li>\n<li>Messing compressie ring om oculair te beschermen.<\/li>\n<li>Gebruikt USB-voeding, 5v 1.5amp<\/li>\n<li>Inclusief 90-240VAC wandadapter met internationale stekkeradapters.<\/li>\n<li>Afstelknop maakt vleugelverschuiving mogelijk +\/- 0.5\u00c3 met vergrendelingen bij elke 0.1\u00c3<\/li>\n<li>LED-indicator voor voeding, opwarmen, gereed, storing<\/li>\n<li>5 jaar garantie,<\/li>\n<li>Ge\u00efntegreerde, volledig afgeschermde 2 elementen telecentrische 4.2X barlow geoptimaliseerd voor 656nm<\/li>\n<li>Ge\u00efntegreerd 12mm blokkerend filter<\/li>\n<li>21mm helder filter diafragma<\/li>\n<li>Beste prestaties met F\/4 &#8211; F\/8 refractors<\/li>\n<li>Volledige schijfweergave mogelijk op refractors tot ~450mm brandpuntsafstand refractors<\/li>\n<li>Geen diafragmabeperkingen. Mogelijk gebruikt op grotere refractors voor hogere vergrotingsbeelden<\/li>\n<li>Wordt geleverd in handige Twist-Case voor veilige, stofvrije opslag.<\/li>\n<li>Niet geschikt voor off-axis-toepassingen.<\/li>\n<\/ul>\n<h3>Levering omvat:<\/h3>\n<ul>\n<li>DayStar Quark Chromosphere voor refractors<\/li>\n<li>Beschermende plastic hoes<\/li>\n<li>Voeding met EU stekker en andere adapters<\/li>\n<li>USB kabel<\/li>\n<li>Eclips bril<\/li>\n<li>Handleiding<\/li>\n<\/ul>\n<h4>Plaats je bestelling online of bezoek de showroom in Amstelveen<\/h4>\n<p>Heb je gevonden wat je zoekt en wil je bijvoorbeeld de Quark bestellen? Bestel deze slider eenvoudig online bij Ganymedes of kom langs in onze showroom in Amstelveen. Je bent hier welkom op weekdagen tussen 10.00 en 17.00 uur of op zaterdagen tussen 10.00 en 16.30 uur. Heb je vragen over onze producten? We staan te allen tijde klaar met <a href=\"https:\/\/www.ganymedes.nl\/service\/\">goede service<\/a>. Bel naar\u00a0<a href=\"tel:0031206412083\">020-6412083<\/a>\u00a0en we helpen je graa<\/p>\n","protected":false},"excerpt":{"rendered":"<p>Dit nieuwe All-In-One ontwerp combineert hoogwaardige componenten van een telecentrische barlow, adapters, snuiten en Daystar waterstof-alfafilter in \u00e9\u00e9n eenvoudige constructie.<\/p>\n","protected":false},"featured_media":47946,"comment_status":"closed","ping_status":"closed","template":"","meta":{"_acf_changed":false,"_vp_format_video_url":"","_vp_image_focal_point":[],"_vp_custom_popup_image":0,"_vp_format_audio_url":"","_vp_custom_thumbnail":0,"_vp_custom_thumbnail_focal_point":[],"_vp_hover_thumbnail":0,"_vp_hover_thumbnail_focal_point":[]},"product_brand":[],"product_cat":[288,342,282],"product_tag":[],"class_list":{"0":"post-47937","1":"product","2":"type-product","3":"status-publish","4":"has-post-thumbnail","6":"product_cat-accessories-en","7":"product_cat-brands-en","8":"product_cat-accessories-smart-accessories-en","10":"first","11":"instock","12":"taxable","13":"shipping-taxable","14":"purchasable","15":"product-type-simple"},"acf":[],"yoast_head":"<!-- This site is optimized with the Yoast SEO plugin v27.3 - https:\/\/yoast.com\/product\/yoast-seo-wordpress\/ -->\n<title>Daystar Quark Chromosphere Refractor f\/4-f\/9 - Ganymedes<\/title>\n<meta name=\"description\" content=\"Daystar Quark Chromosphere Refractor f\/4-f\/9. Hydrogen Alpha filter voor het visueel waarnemen van de zon met een refractor.\" \/>\n<meta name=\"robots\" content=\"noindex, follow, max-snippet:-1, max-image-preview:large, max-video-preview:-1\" \/>\n<meta property=\"og:locale\" content=\"nl_NL\" \/>\n<meta property=\"og:type\" content=\"article\" \/>\n<meta property=\"og:title\" content=\"Daystar Quark Chromosphere Refractor f\/4-f\/9 - Ganymedes\" \/>\n<meta property=\"og:description\" content=\"Daystar Quark Chromosphere Refractor f\/4-f\/9. Hydrogen Alpha filter voor het visueel waarnemen van de zon met een refractor.\" \/>\n<meta property=\"og:url\" content=\"https:\/\/dev4-ganymedes.nl\/en\/product\/daystar-quark-chromosphere-refractor-f-4-f-9\/\" \/>\n<meta property=\"og:site_name\" content=\"Ganymedes\" \/>\n<meta property=\"article:publisher\" content=\"https:\/\/www.facebook.com\/GanymedesTelescopen\/\" \/>\n<meta property=\"article:modified_time\" content=\"2025-12-16T13:47:13+00:00\" \/>\n<meta property=\"og:image\" content=\"https:\/\/dev4-ganymedes.nl\/wp-content\/uploads\/2024\/11\/DS-Quark.jpg\" \/>\n\t<meta property=\"og:image:width\" content=\"435\" \/>\n\t<meta property=\"og:image:height\" content=\"500\" \/>\n\t<meta property=\"og:image:type\" content=\"image\/jpeg\" \/>\n<meta name=\"twitter:card\" content=\"summary_large_image\" \/>\n<meta name=\"twitter:site\" content=\"@Ganymedes_NL\" \/>\n<meta name=\"twitter:label1\" content=\"Geschatte leestijd\" \/>\n\t<meta name=\"twitter:data1\" content=\"3 minuten\" \/>\n<!-- \/ Yoast SEO plugin. -->","yoast_head_json":{"title":"Daystar Quark Chromosphere Refractor f\/4-f\/9 - Ganymedes","description":"Daystar Quark Chromosphere Refractor f\/4-f\/9. Hydrogen Alpha filter voor het visueel waarnemen van de zon met een refractor.","robots":{"index":"noindex","follow":"follow","max-snippet":"max-snippet:-1","max-image-preview":"max-image-preview:large","max-video-preview":"max-video-preview:-1"},"og_locale":"nl_NL","og_type":"article","og_title":"Daystar Quark Chromosphere Refractor f\/4-f\/9 - Ganymedes","og_description":"Daystar Quark Chromosphere Refractor f\/4-f\/9. Hydrogen Alpha filter voor het visueel waarnemen van de zon met een refractor.","og_url":"https:\/\/dev4-ganymedes.nl\/en\/product\/daystar-quark-chromosphere-refractor-f-4-f-9\/","og_site_name":"Ganymedes","article_publisher":"https:\/\/www.facebook.com\/GanymedesTelescopen\/","article_modified_time":"2025-12-16T13:47:13+00:00","og_image":[{"width":435,"height":500,"url":"https:\/\/dev4-ganymedes.nl\/wp-content\/uploads\/2024\/11\/DS-Quark.jpg","type":"image\/jpeg"}],"twitter_card":"summary_large_image","twitter_site":"@Ganymedes_NL","twitter_misc":{"Geschatte leestijd":"3 minuten"},"schema":{"@context":"https:\/\/schema.org","@graph":[{"@type":"WebPage","@id":"https:\/\/dev4-ganymedes.nl\/en\/product\/daystar-quark-chromosphere-refractor-f-4-f-9\/","url":"https:\/\/dev4-ganymedes.nl\/en\/product\/daystar-quark-chromosphere-refractor-f-4-f-9\/","name":"Daystar Quark Chromosphere Refractor f\/4-f\/9 - Ganymedes","isPartOf":{"@id":"https:\/\/dev4-ganymedes.nl\/en\/#website"},"primaryImageOfPage":{"@id":"https:\/\/dev4-ganymedes.nl\/en\/product\/daystar-quark-chromosphere-refractor-f-4-f-9\/#primaryimage"},"image":{"@id":"https:\/\/dev4-ganymedes.nl\/en\/product\/daystar-quark-chromosphere-refractor-f-4-f-9\/#primaryimage"},"thumbnailUrl":"https:\/\/dev4-ganymedes.nl\/wp-content\/uploads\/2024\/11\/DS-Quark.jpg","datePublished":"2024-11-14T13:02:03+00:00","dateModified":"2025-12-16T13:47:13+00:00","description":"Daystar Quark Chromosphere Refractor f\/4-f\/9. Hydrogen Alpha filter voor het visueel waarnemen van de zon met een refractor.","breadcrumb":{"@id":"https:\/\/dev4-ganymedes.nl\/en\/product\/daystar-quark-chromosphere-refractor-f-4-f-9\/#breadcrumb"},"inLanguage":"nl-NL","potentialAction":[{"@type":"ReadAction","target":["https:\/\/dev4-ganymedes.nl\/en\/product\/daystar-quark-chromosphere-refractor-f-4-f-9\/"]}]},{"@type":"ImageObject","inLanguage":"nl-NL","@id":"https:\/\/dev4-ganymedes.nl\/en\/product\/daystar-quark-chromosphere-refractor-f-4-f-9\/#primaryimage","url":"https:\/\/dev4-ganymedes.nl\/wp-content\/uploads\/2024\/11\/DS-Quark.jpg","contentUrl":"https:\/\/dev4-ganymedes.nl\/wp-content\/uploads\/2024\/11\/DS-Quark.jpg","width":435,"height":500,"caption":"Daystar Quark Chromosphere Refractor f\/4-f\/9"},{"@type":"BreadcrumbList","@id":"https:\/\/dev4-ganymedes.nl\/en\/product\/daystar-quark-chromosphere-refractor-f-4-f-9\/#breadcrumb","itemListElement":[{"@type":"ListItem","position":1,"name":"Home","item":"https:\/\/dev4-ganymedes.nl\/ganymedes-is-de-telescoopwinkel-voor-al-je-optische-instrumenten-en-technieken\/"},{"@type":"ListItem","position":2,"name":"Store","item":"https:\/\/dev4-ganymedes.nl\/store\/"},{"@type":"ListItem","position":3,"name":"Daystar Quark Chromosphere Refractor f\/4-f\/9"}]},{"@type":"WebSite","@id":"https:\/\/dev4-ganymedes.nl\/en\/#website","url":"https:\/\/dev4-ganymedes.nl\/en\/","name":"Ganymedes","description":"Ganymedes","publisher":{"@id":"https:\/\/dev4-ganymedes.nl\/en\/#organization"},"potentialAction":[{"@type":"SearchAction","target":{"@type":"EntryPoint","urlTemplate":"https:\/\/dev4-ganymedes.nl\/en\/?s={search_term_string}"},"query-input":{"@type":"PropertyValueSpecification","valueRequired":true,"valueName":"search_term_string"}}],"inLanguage":"nl-NL"},{"@type":"Organization","@id":"https:\/\/dev4-ganymedes.nl\/en\/#organization","name":"Ganymedes","url":"https:\/\/dev4-ganymedes.nl\/en\/","logo":{"@type":"ImageObject","inLanguage":"nl-NL","@id":"https:\/\/dev4-ganymedes.nl\/en\/#\/schema\/logo\/image\/","url":"https:\/\/www.ganymedes.nl\/wp-content\/uploads\/2019\/11\/GanymedesLogo_v1_small.png","contentUrl":"https:\/\/www.ganymedes.nl\/wp-content\/uploads\/2019\/11\/GanymedesLogo_v1_small.png","width":450,"height":90,"caption":"Ganymedes"},"image":{"@id":"https:\/\/dev4-ganymedes.nl\/en\/#\/schema\/logo\/image\/"},"sameAs":["https:\/\/www.facebook.com\/GanymedesTelescopen\/","https:\/\/x.com\/Ganymedes_NL"]}]}},"_links":{"self":[{"href":"https:\/\/dev4-ganymedes.nl\/en\/wp-json\/wp\/v2\/product\/47937","targetHints":{"allow":["GET"]}}],"collection":[{"href":"https:\/\/dev4-ganymedes.nl\/en\/wp-json\/wp\/v2\/product"}],"about":[{"href":"https:\/\/dev4-ganymedes.nl\/en\/wp-json\/wp\/v2\/types\/product"}],"replies":[{"embeddable":true,"href":"https:\/\/dev4-ganymedes.nl\/en\/wp-json\/wp\/v2\/comments?post=47937"}],"wp:featuredmedia":[{"embeddable":true,"href":"https:\/\/dev4-ganymedes.nl\/en\/wp-json\/wp\/v2\/media\/47946"}],"wp:attachment":[{"href":"https:\/\/dev4-ganymedes.nl\/en\/wp-json\/wp\/v2\/media?parent=47937"}],"wp:term":[{"taxonomy":"product_brand","embeddable":true,"href":"https:\/\/dev4-ganymedes.nl\/en\/wp-json\/wp\/v2\/product_brand?post=47937"},{"taxonomy":"product_cat","embeddable":true,"href":"https:\/\/dev4-ganymedes.nl\/en\/wp-json\/wp\/v2\/product_cat?post=47937"},{"taxonomy":"product_tag","embeddable":true,"href":"https:\/\/dev4-ganymedes.nl\/en\/wp-json\/wp\/v2\/product_tag?post=47937"}],"curies":[{"name":"wp","href":"https:\/\/api.w.org\/{rel}","templated":true}]}}