{"id":47544,"date":"2024-10-29T13:25:56","date_gmt":"2024-10-29T12:25:56","guid":{"rendered":"https:\/\/www.ganymedes.nl\/?post_type=product&#038;p=47544"},"modified":"2026-01-27T16:54:13","modified_gmt":"2026-01-27T15:54:13","slug":"askar-sqa55-af-kit","status":"publish","type":"product","link":"https:\/\/dev4-ganymedes.nl\/en\/product\/askar-sqa55-af-kit\/","title":{"rendered":"Askar SQA55 AF Kit"},"content":{"rendered":"<h2>Montage kit voor auto focus motors<\/h2>\n<p>De Askar SQA55 AF Kit is een astronomische accessoire die speciaal is ontworpen voor de SQA55, die kan worden gebruikt met bijna alle merken elektronische focusers om automatische focussering te realiseren. Door deze kit te gebruiken, kunnen gebruikers gemakkelijker focusaanpassingen maken aan hun telescopen, waardoor de precisie en effici\u00ebntie van astronomische observaties worden verbeterd.<\/p>\n<h3>SQA55 AF-kit bevat veel onderdelen:<\/h3>\n<p>Drie verschillende lengtes MXL-synchrone riem, \u00e9\u00e9n MXL-synchrone katrol, \u00e9\u00e9n spanrol, drie verschillende typen inbussleutels, twee M4 x 10 mm-schroeven, \u00e9\u00e9n M4 x 14 x 5 mm-schroef, \u00e9\u00e9n M3 x 40 mm-schroef, \u00e9\u00e9n M4 x 6 mm-schroef, twee M3 x 10 mm-schroeven, twee M4 x 12 mm-schroeven.<\/p>\n<p>Let op: De SQA55 en alle elektronische focusers die in de illustraties voorkomen, zijn niet inbegrepen in deze kit en zijn alleen ter illustratie.<\/p>\n<p><a href=\"https:\/\/www.ganymedes.nl\/wp-content\/uploads\/2024\/10\/Askar-SQA55-AF-kit-1.jpg\"><img loading=\"lazy\" decoding=\"async\" class=\"alignnone wp-image-47547 size-vp_md\" src=\"https:\/\/www.ganymedes.nl\/wp-content\/uploads\/2024\/10\/Askar-SQA55-AF-kit-1-800x565.jpg\" alt=\"\" width=\"800\" height=\"565\" srcset=\"https:\/\/dev4-ganymedes.nl\/wp-content\/uploads\/2024\/10\/Askar-SQA55-AF-kit-1-800x565.jpg 800w, https:\/\/dev4-ganymedes.nl\/wp-content\/uploads\/2024\/10\/Askar-SQA55-AF-kit-1-324x229.jpg 324w, https:\/\/dev4-ganymedes.nl\/wp-content\/uploads\/2024\/10\/Askar-SQA55-AF-kit-1-416x294.jpg 416w, https:\/\/dev4-ganymedes.nl\/wp-content\/uploads\/2024\/10\/Askar-SQA55-AF-kit-1-300x212.jpg 300w, https:\/\/dev4-ganymedes.nl\/wp-content\/uploads\/2024\/10\/Askar-SQA55-AF-kit-1-768x542.jpg 768w, https:\/\/dev4-ganymedes.nl\/wp-content\/uploads\/2024\/10\/Askar-SQA55-AF-kit-1-140x99.jpg 140w, https:\/\/dev4-ganymedes.nl\/wp-content\/uploads\/2024\/10\/Askar-SQA55-AF-kit-1-500x353.jpg 500w, https:\/\/dev4-ganymedes.nl\/wp-content\/uploads\/2024\/10\/Askar-SQA55-AF-kit-1.jpg 960w\" sizes=\"auto, (max-width: 800px) 100vw, 800px\" \/><\/a><\/p>\n<h3>Levering van de Askar SQA55 AF Kit omvat:<a href=\"https:\/\/www.ganymedes.nl\/wp-content\/uploads\/2024\/10\/Askar-SQA55-AF-kit-2.jpg\"><br \/>\n<img loading=\"lazy\" decoding=\"async\" class=\"alignnone wp-image-47549 size-vp_md\" src=\"https:\/\/www.ganymedes.nl\/wp-content\/uploads\/2024\/10\/Askar-SQA55-AF-kit-2-800x565.jpg\" alt=\"\" width=\"800\" height=\"565\" srcset=\"https:\/\/dev4-ganymedes.nl\/wp-content\/uploads\/2024\/10\/Askar-SQA55-AF-kit-2-800x565.jpg 800w, https:\/\/dev4-ganymedes.nl\/wp-content\/uploads\/2024\/10\/Askar-SQA55-AF-kit-2-324x229.jpg 324w, https:\/\/dev4-ganymedes.nl\/wp-content\/uploads\/2024\/10\/Askar-SQA55-AF-kit-2-416x294.jpg 416w, https:\/\/dev4-ganymedes.nl\/wp-content\/uploads\/2024\/10\/Askar-SQA55-AF-kit-2-300x212.jpg 300w, https:\/\/dev4-ganymedes.nl\/wp-content\/uploads\/2024\/10\/Askar-SQA55-AF-kit-2-768x542.jpg 768w, https:\/\/dev4-ganymedes.nl\/wp-content\/uploads\/2024\/10\/Askar-SQA55-AF-kit-2-140x99.jpg 140w, https:\/\/dev4-ganymedes.nl\/wp-content\/uploads\/2024\/10\/Askar-SQA55-AF-kit-2-500x353.jpg 500w, https:\/\/dev4-ganymedes.nl\/wp-content\/uploads\/2024\/10\/Askar-SQA55-AF-kit-2.jpg 960w\" sizes=\"auto, (max-width: 800px) 100vw, 800px\" \/><\/a><\/h3>\n<p><iframe loading=\"lazy\" title=\"The Instruction of Askar SQA55 AF KIT Installation\" width=\"980\" height=\"551\" src=\"https:\/\/www.youtube.com\/embed\/FsEf-MfAGbg?feature=oembed&#038;enablejsapi=1&#038;origin=https:\/\/www.ganymedes.nl\" frameborder=\"0\" allow=\"accelerometer; autoplay; clipboard-write; encrypted-media; gyroscope; picture-in-picture; web-share\" referrerpolicy=\"strict-origin-when-cross-origin\" allowfullscreen><\/iframe><\/p>\n<h4>Plaats je bestelling online of kom langs in de winkel<\/h4>\n<p>Heb je gevonden wat je zoekt en wil je bijvoorbeeld de Askar AF kit voor FMA180 telescoop bestellen? Dan doe je dit heel eenvoudig online. Bekijk je deze producten liever in het echt voordat je ze koopt? Ook dat is bij ons mogelijk. Je bent van harte welkom in onze showroom in Amstelveen van maandag tot vrijdag tussen 10.00 en 17.00 uur. Op zaterdag is de showroom ook geopend, maar dan van 10.00 tot 16.30 uur. Voor meer informatie en advies kun je ook telefonisch contact met ons opnemen via\u00a0<a href=\"tel:0031206412083\">020-6412083<\/a>. We helpen je graag.<\/p>\n","protected":false},"excerpt":{"rendered":"<p>The SQA55 AFkit can be used with most electronic focusers, regardless of brand restrictions, for easier and faster installation.<\/p>\n","protected":false},"featured_media":47545,"comment_status":"closed","ping_status":"closed","template":"","meta":{"_acf_changed":false,"_vp_format_video_url":"","_vp_image_focal_point":[],"_vp_custom_popup_image":0,"_vp_format_audio_url":"","_vp_custom_thumbnail":0,"_vp_custom_thumbnail_focal_point":[],"_vp_hover_thumbnail":0,"_vp_hover_thumbnail_focal_point":[]},"product_brand":[],"product_cat":[267,342,281,607],"product_tag":[],"class_list":{"0":"post-47544","1":"product","2":"type-product","3":"status-publish","4":"has-post-thumbnail","6":"product_cat-astrophotography-en","7":"product_cat-brands-en","8":"product_cat-astrophotography-motor-focusers-en","9":"product_cat-sharpstar","11":"first","12":"instock","13":"taxable","14":"shipping-taxable","15":"purchasable","16":"product-type-simple"},"acf":[],"yoast_head":"<!-- This site is optimized with the Yoast SEO plugin v27.3 - https:\/\/yoast.com\/product\/yoast-seo-wordpress\/ -->\n<title>Askar SQA55 AF Kit - Ganymedes<\/title>\n<meta name=\"description\" content=\"Askar SQA55 AF Kit, met deze kit kan de bijna elke auto focus motor monteren op de SQA55 telescoop en heel precies afstellen en getande riem strak monteren.\" \/>\n<meta name=\"robots\" content=\"noindex, follow, max-snippet:-1, max-image-preview:large, max-video-preview:-1\" \/>\n<meta property=\"og:locale\" content=\"en_US\" \/>\n<meta property=\"og:type\" content=\"article\" \/>\n<meta property=\"og:title\" content=\"Askar SQA55 AF Kit - Ganymedes\" \/>\n<meta property=\"og:description\" content=\"Askar SQA55 AF Kit, met deze kit kan de bijna elke auto focus motor monteren op de SQA55 telescoop en heel precies afstellen en getande riem strak monteren.\" \/>\n<meta property=\"og:url\" content=\"https:\/\/dev4-ganymedes.nl\/en\/product\/askar-sqa55-af-kit\/\" \/>\n<meta property=\"og:site_name\" content=\"Ganymedes\" \/>\n<meta property=\"article:publisher\" content=\"https:\/\/www.facebook.com\/GanymedesTelescopen\/\" \/>\n<meta property=\"article:modified_time\" content=\"2026-01-27T15:54:13+00:00\" \/>\n<meta property=\"og:image\" content=\"https:\/\/dev4-ganymedes.nl\/wp-content\/uploads\/2024\/10\/Askar-SQA55-AF-kit.png\" \/>\n\t<meta property=\"og:image:width\" content=\"800\" \/>\n\t<meta property=\"og:image:height\" content=\"596\" \/>\n\t<meta property=\"og:image:type\" content=\"image\/png\" \/>\n<meta name=\"twitter:card\" content=\"summary_large_image\" \/>\n<meta name=\"twitter:site\" content=\"@Ganymedes_NL\" \/>\n<meta name=\"twitter:label1\" content=\"Est. reading time\" \/>\n\t<meta name=\"twitter:data1\" content=\"2 minutes\" \/>\n<!-- \/ Yoast SEO plugin. -->","yoast_head_json":{"title":"Askar SQA55 AF Kit - Ganymedes","description":"Askar SQA55 AF Kit, met deze kit kan de bijna elke auto focus motor monteren op de SQA55 telescoop en heel precies afstellen en getande riem strak monteren.","robots":{"index":"noindex","follow":"follow","max-snippet":"max-snippet:-1","max-image-preview":"max-image-preview:large","max-video-preview":"max-video-preview:-1"},"og_locale":"en_US","og_type":"article","og_title":"Askar SQA55 AF Kit - Ganymedes","og_description":"Askar SQA55 AF Kit, met deze kit kan de bijna elke auto focus motor monteren op de SQA55 telescoop en heel precies afstellen en getande riem strak monteren.","og_url":"https:\/\/dev4-ganymedes.nl\/en\/product\/askar-sqa55-af-kit\/","og_site_name":"Ganymedes","article_publisher":"https:\/\/www.facebook.com\/GanymedesTelescopen\/","article_modified_time":"2026-01-27T15:54:13+00:00","og_image":[{"width":800,"height":596,"url":"https:\/\/dev4-ganymedes.nl\/wp-content\/uploads\/2024\/10\/Askar-SQA55-AF-kit.png","type":"image\/png"}],"twitter_card":"summary_large_image","twitter_site":"@Ganymedes_NL","twitter_misc":{"Est. reading time":"2 minutes"},"schema":{"@context":"https:\/\/schema.org","@graph":[{"@type":"WebPage","@id":"https:\/\/dev4-ganymedes.nl\/en\/product\/askar-sqa55-af-kit\/","url":"https:\/\/dev4-ganymedes.nl\/en\/product\/askar-sqa55-af-kit\/","name":"Askar SQA55 AF Kit - Ganymedes","isPartOf":{"@id":"https:\/\/dev4-ganymedes.nl\/en\/#website"},"primaryImageOfPage":{"@id":"https:\/\/dev4-ganymedes.nl\/en\/product\/askar-sqa55-af-kit\/#primaryimage"},"image":{"@id":"https:\/\/dev4-ganymedes.nl\/en\/product\/askar-sqa55-af-kit\/#primaryimage"},"thumbnailUrl":"https:\/\/dev4-ganymedes.nl\/wp-content\/uploads\/2024\/10\/Askar-SQA55-AF-kit.png","datePublished":"2024-10-29T12:25:56+00:00","dateModified":"2026-01-27T15:54:13+00:00","description":"Askar SQA55 AF Kit, met deze kit kan de bijna elke auto focus motor monteren op de SQA55 telescoop en heel precies afstellen en getande riem strak monteren.","breadcrumb":{"@id":"https:\/\/dev4-ganymedes.nl\/en\/product\/askar-sqa55-af-kit\/#breadcrumb"},"inLanguage":"en-US","potentialAction":[{"@type":"ReadAction","target":["https:\/\/dev4-ganymedes.nl\/en\/product\/askar-sqa55-af-kit\/"]}]},{"@type":"ImageObject","inLanguage":"en-US","@id":"https:\/\/dev4-ganymedes.nl\/en\/product\/askar-sqa55-af-kit\/#primaryimage","url":"https:\/\/dev4-ganymedes.nl\/wp-content\/uploads\/2024\/10\/Askar-SQA55-AF-kit.png","contentUrl":"https:\/\/dev4-ganymedes.nl\/wp-content\/uploads\/2024\/10\/Askar-SQA55-AF-kit.png","width":800,"height":596,"caption":"Askar SQA55 AF Kit"},{"@type":"BreadcrumbList","@id":"https:\/\/dev4-ganymedes.nl\/en\/product\/askar-sqa55-af-kit\/#breadcrumb","itemListElement":[{"@type":"ListItem","position":1,"name":"Home","item":"https:\/\/dev4-ganymedes.nl\/ganymedes-is-de-telescoopwinkel-voor-al-je-optische-instrumenten-en-technieken\/"},{"@type":"ListItem","position":2,"name":"Store","item":"https:\/\/dev4-ganymedes.nl\/store\/"},{"@type":"ListItem","position":3,"name":"Askar SQA55 AF Kit"}]},{"@type":"WebSite","@id":"https:\/\/dev4-ganymedes.nl\/en\/#website","url":"https:\/\/dev4-ganymedes.nl\/en\/","name":"Ganymedes","description":"Ganymedes","publisher":{"@id":"https:\/\/dev4-ganymedes.nl\/en\/#organization"},"potentialAction":[{"@type":"SearchAction","target":{"@type":"EntryPoint","urlTemplate":"https:\/\/dev4-ganymedes.nl\/en\/?s={search_term_string}"},"query-input":{"@type":"PropertyValueSpecification","valueRequired":true,"valueName":"search_term_string"}}],"inLanguage":"en-US"},{"@type":"Organization","@id":"https:\/\/dev4-ganymedes.nl\/en\/#organization","name":"Ganymedes","url":"https:\/\/dev4-ganymedes.nl\/en\/","logo":{"@type":"ImageObject","inLanguage":"en-US","@id":"https:\/\/dev4-ganymedes.nl\/en\/#\/schema\/logo\/image\/","url":"https:\/\/www.ganymedes.nl\/wp-content\/uploads\/2019\/11\/GanymedesLogo_v1_small.png","contentUrl":"https:\/\/www.ganymedes.nl\/wp-content\/uploads\/2019\/11\/GanymedesLogo_v1_small.png","width":450,"height":90,"caption":"Ganymedes"},"image":{"@id":"https:\/\/dev4-ganymedes.nl\/en\/#\/schema\/logo\/image\/"},"sameAs":["https:\/\/www.facebook.com\/GanymedesTelescopen\/","https:\/\/x.com\/Ganymedes_NL"]}]}},"_links":{"self":[{"href":"https:\/\/dev4-ganymedes.nl\/en\/wp-json\/wp\/v2\/product\/47544","targetHints":{"allow":["GET"]}}],"collection":[{"href":"https:\/\/dev4-ganymedes.nl\/en\/wp-json\/wp\/v2\/product"}],"about":[{"href":"https:\/\/dev4-ganymedes.nl\/en\/wp-json\/wp\/v2\/types\/product"}],"replies":[{"embeddable":true,"href":"https:\/\/dev4-ganymedes.nl\/en\/wp-json\/wp\/v2\/comments?post=47544"}],"wp:featuredmedia":[{"embeddable":true,"href":"https:\/\/dev4-ganymedes.nl\/en\/wp-json\/wp\/v2\/media\/47545"}],"wp:attachment":[{"href":"https:\/\/dev4-ganymedes.nl\/en\/wp-json\/wp\/v2\/media?parent=47544"}],"wp:term":[{"taxonomy":"product_brand","embeddable":true,"href":"https:\/\/dev4-ganymedes.nl\/en\/wp-json\/wp\/v2\/product_brand?post=47544"},{"taxonomy":"product_cat","embeddable":true,"href":"https:\/\/dev4-ganymedes.nl\/en\/wp-json\/wp\/v2\/product_cat?post=47544"},{"taxonomy":"product_tag","embeddable":true,"href":"https:\/\/dev4-ganymedes.nl\/en\/wp-json\/wp\/v2\/product_tag?post=47544"}],"curies":[{"name":"wp","href":"https:\/\/api.w.org\/{rel}","templated":true}]}}