{"id":45620,"date":"2024-07-25T14:00:05","date_gmt":"2024-07-25T12:00:05","guid":{"rendered":"https:\/\/www.ganymedes.nl\/?post_type=product&#038;p=45620"},"modified":"2025-11-01T13:21:09","modified_gmt":"2025-11-01T12:21:09","slug":"askar-103apo-0-8x-full-frame-reducer","status":"publish","type":"product","link":"https:\/\/dev4-ganymedes.nl\/en\/product\/askar-103apo-0-8x-full-frame-reducer\/","title":{"rendered":"Askar 103APO 0.8x Full-frame Reducer"},"content":{"rendered":"<h2>Full Frame flatter en reducer 0.8x voor de 103APO<\/h2>\n<p>Met de Askar 0.8x Full-frame Reducer wordt de brandpuntverhouding van de 103APO teruggebracht naar F5.4. Dit is een standaard reducer die ook voor een vlak beeldveld zorgt. Dankzij een kortere brandpuntverhouding heeft de OTA een breder gezichtsveld en snellere belichtingstijden. Hierdoor is hij geschikt voor het vastleggen van grote gebieden met nevels, sterrenhopen en zwakke, snel bewegende hemellichamen.<\/p>\n<p>De 0.8x reducer heeft een triplet-ontwerp en ondersteunt een full-frame beeldcirkel van 44 mm. Het totale gewicht bedraagt \u200b\u200b0.48 kg. De backfocus van de M48-schroefdraad is standaard 55 mm. De voorste draad is M84*1. Aan de camerazijde is deze uitgerust met M54*0.75 en M48*0.75 adapters van twee formaten, die handig zijn voor aansluiting. Tegelijkertijd heeft het een ingebouwde M48*0.75 2-inch filterdraad, die direct kan worden ge\u00efnstalleerd en gebruikt. De algehele CNC-gefreesde metalen doppen met beide uiteinden voorkomen as wanneer ze niet worden gebruikt.<\/p>\n<p><a href=\"https:\/\/www.ganymedes.nl\/wp-content\/uploads\/2024\/07\/Askar-0.8-reducer-for-103APO-2.jpg\"><img loading=\"lazy\" decoding=\"async\" class=\"alignnone wp-image-45623 size-vp_sm\" src=\"https:\/\/www.ganymedes.nl\/wp-content\/uploads\/2024\/07\/Askar-0.8-reducer-for-103APO-2-500x443.jpg\" alt=\"\" width=\"500\" height=\"443\" srcset=\"https:\/\/dev4-ganymedes.nl\/wp-content\/uploads\/2024\/07\/Askar-0.8-reducer-for-103APO-2-500x443.jpg 500w, https:\/\/dev4-ganymedes.nl\/wp-content\/uploads\/2024\/07\/Askar-0.8-reducer-for-103APO-2-324x287.jpg 324w, https:\/\/dev4-ganymedes.nl\/wp-content\/uploads\/2024\/07\/Askar-0.8-reducer-for-103APO-2-416x368.jpg 416w, https:\/\/dev4-ganymedes.nl\/wp-content\/uploads\/2024\/07\/Askar-0.8-reducer-for-103APO-2-300x266.jpg 300w, https:\/\/dev4-ganymedes.nl\/wp-content\/uploads\/2024\/07\/Askar-0.8-reducer-for-103APO-2-140x124.jpg 140w, https:\/\/dev4-ganymedes.nl\/wp-content\/uploads\/2024\/07\/Askar-0.8-reducer-for-103APO-2.jpg 629w\" sizes=\"auto, (max-width: 500px) 100vw, 500px\" \/><\/a><\/p>\n<h3>Specificaties van de Askar 103APO 0.8x Full-frame Reducer zijn:<\/h3>\n<ul>\n<li>Bandpunt na montage op telescoop: 560.32<\/li>\n<li>Brandpunt ratio na montage op telescoop: f\/5.44<\/li>\n<li>Lens ontwerp: Triplet<\/li>\n<li>Back Focus: 55mm<\/li>\n<li>Gewicht: 0.48 kg<\/li>\n<li>Montage: M54\u00d70.75-M48\u00d70.75 (M48\u00d70.75 filter thread inside)<\/li>\n<\/ul>\n<h3>Levering van de Askar 103APO 0.8x Full-frame Reducer omvat:<\/h3>\n<ul>\n<li>0.8x Full Frame reducer<\/li>\n<\/ul>\n<h4>Plaats je bestelling online of kom langs in de winkel<\/h4>\n<p>Heb je gevonden wat je zoekt en wil je bijvoorbeeld de Askar 0.8x reducer bestellen? Dan doe je dit heel eenvoudig online. Bekijk je deze producten liever in het echt voordat je ze koopt? Ook dat is bij ons mogelijk. Je bent van harte welkom in onze showroom in Amstelveen van maandag tot vrijdag tussen 10.00 en 17.00 uur. Op zaterdag is de showroom ook geopend, maar dan van 10.00 tot 16.30 uur. Voor meer informatie en advies kun je ook telefonisch contact met ons opnemen via <a href=\"tel:0031206412083\">020-6412083<\/a>. We helpen je graag.<\/p>\n<p><iframe loading=\"lazy\" title=\"Instruction Video-0.8x Reducer for Askar 103APO\" width=\"980\" height=\"551\" src=\"https:\/\/www.youtube.com\/embed\/4FGtWT-VWuQ?feature=oembed&#038;enablejsapi=1&#038;origin=https:\/\/www.ganymedes.nl\" frameborder=\"0\" allow=\"accelerometer; autoplay; clipboard-write; encrypted-media; gyroscope; picture-in-picture; web-share\" referrerpolicy=\"strict-origin-when-cross-origin\" allowfullscreen><\/iframe><\/p>\n","protected":false},"excerpt":{"rendered":"<p>De Askar 103 APO wordt geleverd met drie optionele premium accessoires, een 1,0x flattener, een 0,8x reducer en een 0,6x reducer. Hier ge\u00efntroduceerd is het 0,8x verloopstuk, dat is geoptimaliseerd voor de Askar 103APO, en meer mogelijkheden kan bieden voor telescoopgebruik.<\/p>\n","protected":false},"featured_media":45621,"comment_status":"closed","ping_status":"closed","template":"","meta":{"_acf_changed":false,"_vp_format_video_url":"","_vp_image_focal_point":[],"_vp_custom_popup_image":0,"_vp_format_audio_url":"","_vp_custom_thumbnail":0,"_vp_custom_thumbnail_focal_point":[],"_vp_hover_thumbnail":0,"_vp_hover_thumbnail_focal_point":[]},"product_brand":[],"product_cat":[267,277,341,342,607],"product_tag":[],"class_list":{"0":"post-45620","1":"product","2":"type-product","3":"status-publish","4":"has-post-thumbnail","6":"product_cat-astrophotography-en","7":"product_cat-astrophotography-focal-reducers-en","8":"product_cat-no-category-en","9":"product_cat-brands-en","10":"product_cat-sharpstar","12":"first","13":"instock","14":"taxable","15":"shipping-taxable","16":"purchasable","17":"product-type-simple"},"acf":[],"yoast_head":"<!-- This site is optimized with the Yoast SEO plugin v27.3 - https:\/\/yoast.com\/product\/yoast-seo-wordpress\/ -->\n<title>Askar 103APO 0.8x Full-frame Reducer - Ganymedes<\/title>\n<meta name=\"description\" content=\"Askar 103APO 0.8x Full-frame Reducer met flattener. Geschikt voor de Askar 103APO telescoop en maakt het brandpunt korter voor groter gezichtsveld.\" \/>\n<meta name=\"robots\" content=\"noindex, follow, max-snippet:-1, max-image-preview:large, max-video-preview:-1\" \/>\n<meta property=\"og:locale\" content=\"en_US\" \/>\n<meta property=\"og:type\" content=\"article\" \/>\n<meta property=\"og:title\" content=\"Askar 103APO 0.8x Full-frame Reducer - Ganymedes\" \/>\n<meta property=\"og:description\" content=\"Askar 103APO 0.8x Full-frame Reducer met flattener. Geschikt voor de Askar 103APO telescoop en maakt het brandpunt korter voor groter gezichtsveld.\" \/>\n<meta property=\"og:url\" content=\"https:\/\/dev4-ganymedes.nl\/en\/product\/askar-103apo-0-8x-full-frame-reducer\/\" \/>\n<meta property=\"og:site_name\" content=\"Ganymedes\" \/>\n<meta property=\"article:publisher\" content=\"https:\/\/www.facebook.com\/GanymedesTelescopen\/\" \/>\n<meta property=\"article:modified_time\" content=\"2025-11-01T12:21:09+00:00\" \/>\n<meta property=\"og:image\" content=\"https:\/\/dev4-ganymedes.nl\/wp-content\/uploads\/2024\/07\/Askar-0.8-reducer-for-103APO-1.jpg\" \/>\n\t<meta property=\"og:image:width\" content=\"800\" \/>\n\t<meta property=\"og:image:height\" content=\"596\" \/>\n\t<meta property=\"og:image:type\" content=\"image\/jpeg\" \/>\n<meta name=\"twitter:card\" content=\"summary_large_image\" \/>\n<meta name=\"twitter:site\" content=\"@Ganymedes_NL\" \/>\n<meta name=\"twitter:label1\" content=\"Est. reading time\" \/>\n\t<meta name=\"twitter:data1\" content=\"2 minutes\" \/>\n<!-- \/ Yoast SEO plugin. -->","yoast_head_json":{"title":"Askar 103APO 0.8x Full-frame Reducer - Ganymedes","description":"Askar 103APO 0.8x Full-frame Reducer met flattener. Geschikt voor de Askar 103APO telescoop en maakt het brandpunt korter voor groter gezichtsveld.","robots":{"index":"noindex","follow":"follow","max-snippet":"max-snippet:-1","max-image-preview":"max-image-preview:large","max-video-preview":"max-video-preview:-1"},"og_locale":"en_US","og_type":"article","og_title":"Askar 103APO 0.8x Full-frame Reducer - Ganymedes","og_description":"Askar 103APO 0.8x Full-frame Reducer met flattener. Geschikt voor de Askar 103APO telescoop en maakt het brandpunt korter voor groter gezichtsveld.","og_url":"https:\/\/dev4-ganymedes.nl\/en\/product\/askar-103apo-0-8x-full-frame-reducer\/","og_site_name":"Ganymedes","article_publisher":"https:\/\/www.facebook.com\/GanymedesTelescopen\/","article_modified_time":"2025-11-01T12:21:09+00:00","og_image":[{"width":800,"height":596,"url":"https:\/\/dev4-ganymedes.nl\/wp-content\/uploads\/2024\/07\/Askar-0.8-reducer-for-103APO-1.jpg","type":"image\/jpeg"}],"twitter_card":"summary_large_image","twitter_site":"@Ganymedes_NL","twitter_misc":{"Est. reading time":"2 minutes"},"schema":{"@context":"https:\/\/schema.org","@graph":[{"@type":"WebPage","@id":"https:\/\/dev4-ganymedes.nl\/en\/product\/askar-103apo-0-8x-full-frame-reducer\/","url":"https:\/\/dev4-ganymedes.nl\/en\/product\/askar-103apo-0-8x-full-frame-reducer\/","name":"Askar 103APO 0.8x Full-frame Reducer - Ganymedes","isPartOf":{"@id":"https:\/\/dev4-ganymedes.nl\/en\/#website"},"primaryImageOfPage":{"@id":"https:\/\/dev4-ganymedes.nl\/en\/product\/askar-103apo-0-8x-full-frame-reducer\/#primaryimage"},"image":{"@id":"https:\/\/dev4-ganymedes.nl\/en\/product\/askar-103apo-0-8x-full-frame-reducer\/#primaryimage"},"thumbnailUrl":"https:\/\/dev4-ganymedes.nl\/wp-content\/uploads\/2024\/07\/Askar-0.8-reducer-for-103APO-1.jpg","datePublished":"2024-07-25T12:00:05+00:00","dateModified":"2025-11-01T12:21:09+00:00","description":"Askar 103APO 0.8x Full-frame Reducer met flattener. Geschikt voor de Askar 103APO telescoop en maakt het brandpunt korter voor groter gezichtsveld.","breadcrumb":{"@id":"https:\/\/dev4-ganymedes.nl\/en\/product\/askar-103apo-0-8x-full-frame-reducer\/#breadcrumb"},"inLanguage":"en-US","potentialAction":[{"@type":"ReadAction","target":["https:\/\/dev4-ganymedes.nl\/en\/product\/askar-103apo-0-8x-full-frame-reducer\/"]}]},{"@type":"ImageObject","inLanguage":"en-US","@id":"https:\/\/dev4-ganymedes.nl\/en\/product\/askar-103apo-0-8x-full-frame-reducer\/#primaryimage","url":"https:\/\/dev4-ganymedes.nl\/wp-content\/uploads\/2024\/07\/Askar-0.8-reducer-for-103APO-1.jpg","contentUrl":"https:\/\/dev4-ganymedes.nl\/wp-content\/uploads\/2024\/07\/Askar-0.8-reducer-for-103APO-1.jpg","width":800,"height":596,"caption":"Askar 103APO 0.8x Full-frame Reducer"},{"@type":"BreadcrumbList","@id":"https:\/\/dev4-ganymedes.nl\/en\/product\/askar-103apo-0-8x-full-frame-reducer\/#breadcrumb","itemListElement":[{"@type":"ListItem","position":1,"name":"Home","item":"https:\/\/dev4-ganymedes.nl\/ganymedes-is-de-telescoopwinkel-voor-al-je-optische-instrumenten-en-technieken\/"},{"@type":"ListItem","position":2,"name":"Store","item":"https:\/\/dev4-ganymedes.nl\/store\/"},{"@type":"ListItem","position":3,"name":"Askar 103APO 0.8x Full-frame Reducer"}]},{"@type":"WebSite","@id":"https:\/\/dev4-ganymedes.nl\/en\/#website","url":"https:\/\/dev4-ganymedes.nl\/en\/","name":"Ganymedes","description":"Ganymedes","publisher":{"@id":"https:\/\/dev4-ganymedes.nl\/en\/#organization"},"potentialAction":[{"@type":"SearchAction","target":{"@type":"EntryPoint","urlTemplate":"https:\/\/dev4-ganymedes.nl\/en\/?s={search_term_string}"},"query-input":{"@type":"PropertyValueSpecification","valueRequired":true,"valueName":"search_term_string"}}],"inLanguage":"en-US"},{"@type":"Organization","@id":"https:\/\/dev4-ganymedes.nl\/en\/#organization","name":"Ganymedes","url":"https:\/\/dev4-ganymedes.nl\/en\/","logo":{"@type":"ImageObject","inLanguage":"en-US","@id":"https:\/\/dev4-ganymedes.nl\/en\/#\/schema\/logo\/image\/","url":"https:\/\/www.ganymedes.nl\/wp-content\/uploads\/2019\/11\/GanymedesLogo_v1_small.png","contentUrl":"https:\/\/www.ganymedes.nl\/wp-content\/uploads\/2019\/11\/GanymedesLogo_v1_small.png","width":450,"height":90,"caption":"Ganymedes"},"image":{"@id":"https:\/\/dev4-ganymedes.nl\/en\/#\/schema\/logo\/image\/"},"sameAs":["https:\/\/www.facebook.com\/GanymedesTelescopen\/","https:\/\/x.com\/Ganymedes_NL"]}]}},"_links":{"self":[{"href":"https:\/\/dev4-ganymedes.nl\/en\/wp-json\/wp\/v2\/product\/45620","targetHints":{"allow":["GET"]}}],"collection":[{"href":"https:\/\/dev4-ganymedes.nl\/en\/wp-json\/wp\/v2\/product"}],"about":[{"href":"https:\/\/dev4-ganymedes.nl\/en\/wp-json\/wp\/v2\/types\/product"}],"replies":[{"embeddable":true,"href":"https:\/\/dev4-ganymedes.nl\/en\/wp-json\/wp\/v2\/comments?post=45620"}],"wp:featuredmedia":[{"embeddable":true,"href":"https:\/\/dev4-ganymedes.nl\/en\/wp-json\/wp\/v2\/media\/45621"}],"wp:attachment":[{"href":"https:\/\/dev4-ganymedes.nl\/en\/wp-json\/wp\/v2\/media?parent=45620"}],"wp:term":[{"taxonomy":"product_brand","embeddable":true,"href":"https:\/\/dev4-ganymedes.nl\/en\/wp-json\/wp\/v2\/product_brand?post=45620"},{"taxonomy":"product_cat","embeddable":true,"href":"https:\/\/dev4-ganymedes.nl\/en\/wp-json\/wp\/v2\/product_cat?post=45620"},{"taxonomy":"product_tag","embeddable":true,"href":"https:\/\/dev4-ganymedes.nl\/en\/wp-json\/wp\/v2\/product_tag?post=45620"}],"curies":[{"name":"wp","href":"https:\/\/api.w.org\/{rel}","templated":true}]}}