{"id":40579,"date":"2023-11-07T15:19:55","date_gmt":"2023-11-07T14:19:55","guid":{"rendered":"https:\/\/www.ganymedes.nl\/?post_type=product&#038;p=40579"},"modified":"2025-08-25T15:25:28","modified_gmt":"2025-08-25T13:25:28","slug":"astro-essentials-4-kanalen-dauw-controller","status":"publish","type":"product","link":"https:\/\/dev4-ganymedes.nl\/en\/product\/astro-essentials-4-kanalen-dauw-controller\/","title":{"rendered":"Astro Essentials 4 kanalen dauw controller"},"content":{"rendered":"<h2>Dauw controller voor het controleren van 4 dauw linten.<\/h2>\n<p>Astro Essentials 4 kanalen dauw controller. Met 4knoppen en vier poorten kunt u de dauwcontroller aansluiten en regelen op twee individuele verwarming strips (niet inbegrepen). De meeste verwarming strips van alle grote fabrikanten worden ondersteund via gewone RCA-aansluitingen.<\/p>\n<p>Totaal uitgangsvermogen tot 8 Amp\u00e8re. (Zorg ervoor dat uw voeding voldoende stroom kan leveren voor uw vereisten, houd er rekening mee dat andere apparatuur, zoals uw houder en camera\u2019s, ook stroom nodig heeft).<\/p>\n<p>Er wordt een sigarettenaansteker stekker met een zekering van 8 Amp\u00e8re en een 2 meter hoogwaardige, superflexibele, koudebestendige siliconenkabel meegeleverd.<\/p>\n<p>Vereist een centrale positieve DC-voeding.<\/p>\n<p>2 jaar garantie.<\/p>\n<p>Belangrijk: Overschrijd het totale uitgangsvermogen van 8 Amp\u00e8re niet.<\/p>\n<p><img loading=\"lazy\" decoding=\"async\" class=\"alignnone wp-image-40582 size-vp_sm\" src=\"https:\/\/www.ganymedes.nl\/wp-content\/uploads\/2023\/11\/Astro-Essentials-Dauwcontroller-4-poorten-1-500x245.jpg\" alt=\"\" width=\"500\" height=\"245\" srcset=\"https:\/\/dev4-ganymedes.nl\/wp-content\/uploads\/2023\/11\/Astro-Essentials-Dauwcontroller-4-poorten-1-500x245.jpg 500w, https:\/\/dev4-ganymedes.nl\/wp-content\/uploads\/2023\/11\/Astro-Essentials-Dauwcontroller-4-poorten-1-324x159.jpg 324w, https:\/\/dev4-ganymedes.nl\/wp-content\/uploads\/2023\/11\/Astro-Essentials-Dauwcontroller-4-poorten-1-416x204.jpg 416w, https:\/\/dev4-ganymedes.nl\/wp-content\/uploads\/2023\/11\/Astro-Essentials-Dauwcontroller-4-poorten-1-300x147.jpg 300w, https:\/\/dev4-ganymedes.nl\/wp-content\/uploads\/2023\/11\/Astro-Essentials-Dauwcontroller-4-poorten-1-1030x505.jpg 1030w, https:\/\/dev4-ganymedes.nl\/wp-content\/uploads\/2023\/11\/Astro-Essentials-Dauwcontroller-4-poorten-1-768x377.jpg 768w, https:\/\/dev4-ganymedes.nl\/wp-content\/uploads\/2023\/11\/Astro-Essentials-Dauwcontroller-4-poorten-1-140x69.jpg 140w, https:\/\/dev4-ganymedes.nl\/wp-content\/uploads\/2023\/11\/Astro-Essentials-Dauwcontroller-4-poorten-1-800x393.jpg 800w, https:\/\/dev4-ganymedes.nl\/wp-content\/uploads\/2023\/11\/Astro-Essentials-Dauwcontroller-4-poorten-1-1280x628.jpg 1280w, https:\/\/dev4-ganymedes.nl\/wp-content\/uploads\/2023\/11\/Astro-Essentials-Dauwcontroller-4-poorten-1.jpg 1390w\" sizes=\"auto, (max-width: 500px) 100vw, 500px\" \/><\/p>\n<h3>Specificaties van de Astro Essentials 4 kanalen dauw controller zijn:<\/h3>\n<h4>Stroomaansluiting:<\/h4>\n<ul>\n<li>Vereist een positieve DC-voeding in het midden.<\/li>\n<li>Flexibele siliconenkabel van 2 meter, geschikt voor 15 Amp\u00e8re.<\/li>\n<li>De sigarettenplug heeft een vermogen van 15 Amp\u00e8re en is voorzien van een zekering van 8 Amp\u00e8re. Het bevat ook een rode LED-stroomindicator.<\/li>\n<li>Minimale spanning 10V, maximale spanning 15V (wij raden 12-13.8V aan).<\/li>\n<li>Voorzien van trekontlasting om beschadigingen te voorkomen.<\/li>\n<\/ul>\n<h4>Uitgangen van de dauwverwarmer:<\/h4>\n<ul>\n<li>RCA \/ Phono-stijl connector, positieve tip.<\/li>\n<li>Geschikt voor gebruik met de meeste dauwverwarmingstapes van grote fabrikanten.<\/li>\n<li>2.5 Amp\u00e8re continu uitgangsvermogen per kanaal (max. 3 Amp\u00e8re piek). Overschrijd het totale amp\u00e8revermogen van het apparaat niet.<\/li>\n<\/ul>\n<h4>Behuizing \/ doos:<\/h4>\n<ul>\n<li>Slijtvaste, duurzame, zwarte ABS-behuizing.<\/li>\n<li>Rode LED-vermogensindicator voor elk verwarmingskanaal \u2013 helderheid varieert afhankelijk van de vermogensinstelling.<\/li>\n<li>De intensiteit van de rode LED\u2019s wordt verlaagd om de aanpassing aan het donker te behouden.<\/li>\n<li>Met klittenband aan de achterkant en bijpassend kleverig klittenbandkussen voor eenvoudige bevestiging aan uw houder\/pier\/statief\/zwaluwstaart\/etc.<\/li>\n<li>Hoogwaardige plastic knoppen en volledig metalen potentiometers voor duurzaamheid en soepelheid.<\/li>\n<\/ul>\n<h4>Vereisten voor stroomvoorziening:<\/h4>\n<p>Je moet de sigarettenplug aansluiten op een centrale positieve voeding die tussen de 10 en 15 V kan leveren, idealiter 12 tot 13.8 V.<\/p>\n<p>Belangrijk: De voeding moet de juiste centrum-positieve polariteit hebben en in staat zijn de vereiste stroom (amp\u00e8re) en spanning te leveren. Als u er niet zeker van bent, neem dan contact met ons op voor advies.<\/p>\n<p>Bepaal de benodigde versterkers voor elk item dat op de dauwcontroller is aangesloten. Bij elkaar opgeteld mag het totaal niet meer dan 3 Amp\u00e8re bedragen. Als deze informatie niet beschikbaar is, neem dan contact op met de fabrikant van uw apparaat.<\/p>\n<h3>Levering van de Astro Essentials 4 kanalen dauw controller omvat:<\/h3>\n<ul>\n<li>Controller met 4 uitgangen voor4 dauw linten<\/li>\n<li>Kabel met sigaretten plug<\/li>\n<li>4 knoppen om de uitgangen te regelen<\/li>\n<\/ul>\n<h4>Plaats je bestelling online of kom langs in de winkel<\/h4>\n<p>Heb je gevonden wat je zoekt en wil je bijvoorbeeld het Celestron TableTop statief bestellen? Dan doe je dit heel eenvoudig online. Bekijk je deze producten liever in het echt voordat je ze koopt? Ook dat is bij ons mogelijk. Je bent van harte welkom in onze showroom in Amstelveen van maandag tot vrijdag tussen 10.00 en 17.00 uur. Op zaterdag is de showroom ook geopend, maar dan van 10.00 tot 16.30 uur. Voor meer informatie en advies kun je ook telefonisch contact met ons opnemen via\u00a0<a href=\"tel:0031206412083\">020-6412083<\/a>. We helpen je graag.<\/p>\n","protected":false},"excerpt":{"rendered":"<p>2 kanalen controller voor het regelen van je dauwlinten. Met 1 knop kan je beide kanalen regelen. Voeding van de controller gaat via de sigarettenplug.<\/p>\n","protected":false},"featured_media":40580,"comment_status":"closed","ping_status":"closed","template":"","meta":{"_acf_changed":false,"_vp_format_video_url":"","_vp_image_focal_point":[],"_vp_custom_popup_image":0,"_vp_format_audio_url":"","_vp_custom_thumbnail":0,"_vp_custom_thumbnail_focal_point":[],"_vp_hover_thumbnail":0,"_vp_hover_thumbnail_focal_point":[]},"product_brand":[],"product_cat":[288,296,342],"product_tag":[],"class_list":{"0":"post-40579","1":"product","2":"type-product","3":"status-publish","4":"has-post-thumbnail","6":"product_cat-accessories-en","7":"product_cat-accessories-dewcontrol-en","8":"product_cat-brands-en","10":"first","11":"instock","12":"taxable","13":"shipping-taxable","14":"purchasable","15":"product-type-simple"},"acf":[],"yoast_head":"<!-- This site is optimized with the Yoast SEO plugin v27.3 - https:\/\/yoast.com\/product\/yoast-seo-wordpress\/ -->\n<title>Astro Essentials 4 kanalen dauw controller - Ganymedes<\/title>\n<meta name=\"description\" content=\"Astro Essentials 4 kanalen dauw controller. Nieuw merk maar vergelijkbaar als de Hitec Astro variant. Hoge kwaliteit tegen een scherpe prijs.\" \/>\n<meta name=\"robots\" content=\"noindex, follow, max-snippet:-1, max-image-preview:large, max-video-preview:-1\" \/>\n<meta property=\"og:locale\" content=\"en_US\" \/>\n<meta property=\"og:type\" content=\"article\" \/>\n<meta property=\"og:title\" content=\"Astro Essentials 4 kanalen dauw controller - Ganymedes\" \/>\n<meta property=\"og:description\" content=\"Astro Essentials 4 kanalen dauw controller. Nieuw merk maar vergelijkbaar als de Hitec Astro variant. Hoge kwaliteit tegen een scherpe prijs.\" \/>\n<meta property=\"og:url\" content=\"https:\/\/dev4-ganymedes.nl\/en\/product\/astro-essentials-4-kanalen-dauw-controller\/\" \/>\n<meta property=\"og:site_name\" content=\"Ganymedes\" \/>\n<meta property=\"article:publisher\" content=\"https:\/\/www.facebook.com\/GanymedesTelescopen\/\" \/>\n<meta property=\"article:modified_time\" content=\"2025-08-25T13:25:28+00:00\" \/>\n<meta property=\"og:image\" content=\"https:\/\/dev4-ganymedes.nl\/wp-content\/uploads\/2023\/11\/Astro-Essentials-Dauwcontroller-4-poorten.jpg\" \/>\n\t<meta property=\"og:image:width\" content=\"1517\" \/>\n\t<meta property=\"og:image:height\" content=\"820\" \/>\n\t<meta property=\"og:image:type\" content=\"image\/jpeg\" \/>\n<meta name=\"twitter:card\" content=\"summary_large_image\" \/>\n<meta name=\"twitter:site\" content=\"@Ganymedes_NL\" \/>\n<meta name=\"twitter:label1\" content=\"Est. reading time\" \/>\n\t<meta name=\"twitter:data1\" content=\"3 minutes\" \/>\n<!-- \/ Yoast SEO plugin. -->","yoast_head_json":{"title":"Astro Essentials 4 kanalen dauw controller - Ganymedes","description":"Astro Essentials 4 kanalen dauw controller. Nieuw merk maar vergelijkbaar als de Hitec Astro variant. Hoge kwaliteit tegen een scherpe prijs.","robots":{"index":"noindex","follow":"follow","max-snippet":"max-snippet:-1","max-image-preview":"max-image-preview:large","max-video-preview":"max-video-preview:-1"},"og_locale":"en_US","og_type":"article","og_title":"Astro Essentials 4 kanalen dauw controller - Ganymedes","og_description":"Astro Essentials 4 kanalen dauw controller. Nieuw merk maar vergelijkbaar als de Hitec Astro variant. Hoge kwaliteit tegen een scherpe prijs.","og_url":"https:\/\/dev4-ganymedes.nl\/en\/product\/astro-essentials-4-kanalen-dauw-controller\/","og_site_name":"Ganymedes","article_publisher":"https:\/\/www.facebook.com\/GanymedesTelescopen\/","article_modified_time":"2025-08-25T13:25:28+00:00","og_image":[{"width":1517,"height":820,"url":"https:\/\/dev4-ganymedes.nl\/wp-content\/uploads\/2023\/11\/Astro-Essentials-Dauwcontroller-4-poorten.jpg","type":"image\/jpeg"}],"twitter_card":"summary_large_image","twitter_site":"@Ganymedes_NL","twitter_misc":{"Est. reading time":"3 minutes"},"schema":{"@context":"https:\/\/schema.org","@graph":[{"@type":"WebPage","@id":"https:\/\/dev4-ganymedes.nl\/en\/product\/astro-essentials-4-kanalen-dauw-controller\/","url":"https:\/\/dev4-ganymedes.nl\/en\/product\/astro-essentials-4-kanalen-dauw-controller\/","name":"Astro Essentials 4 kanalen dauw controller - Ganymedes","isPartOf":{"@id":"https:\/\/dev4-ganymedes.nl\/en\/#website"},"primaryImageOfPage":{"@id":"https:\/\/dev4-ganymedes.nl\/en\/product\/astro-essentials-4-kanalen-dauw-controller\/#primaryimage"},"image":{"@id":"https:\/\/dev4-ganymedes.nl\/en\/product\/astro-essentials-4-kanalen-dauw-controller\/#primaryimage"},"thumbnailUrl":"https:\/\/dev4-ganymedes.nl\/wp-content\/uploads\/2023\/11\/Astro-Essentials-Dauwcontroller-4-poorten.jpg","datePublished":"2023-11-07T14:19:55+00:00","dateModified":"2025-08-25T13:25:28+00:00","description":"Astro Essentials 4 kanalen dauw controller. Nieuw merk maar vergelijkbaar als de Hitec Astro variant. Hoge kwaliteit tegen een scherpe prijs.","breadcrumb":{"@id":"https:\/\/dev4-ganymedes.nl\/en\/product\/astro-essentials-4-kanalen-dauw-controller\/#breadcrumb"},"inLanguage":"en-US","potentialAction":[{"@type":"ReadAction","target":["https:\/\/dev4-ganymedes.nl\/en\/product\/astro-essentials-4-kanalen-dauw-controller\/"]}]},{"@type":"ImageObject","inLanguage":"en-US","@id":"https:\/\/dev4-ganymedes.nl\/en\/product\/astro-essentials-4-kanalen-dauw-controller\/#primaryimage","url":"https:\/\/dev4-ganymedes.nl\/wp-content\/uploads\/2023\/11\/Astro-Essentials-Dauwcontroller-4-poorten.jpg","contentUrl":"https:\/\/dev4-ganymedes.nl\/wp-content\/uploads\/2023\/11\/Astro-Essentials-Dauwcontroller-4-poorten.jpg","width":1517,"height":820,"caption":"Astro Essentials 4 kanalen dauw controller"},{"@type":"BreadcrumbList","@id":"https:\/\/dev4-ganymedes.nl\/en\/product\/astro-essentials-4-kanalen-dauw-controller\/#breadcrumb","itemListElement":[{"@type":"ListItem","position":1,"name":"Home","item":"https:\/\/dev4-ganymedes.nl\/ganymedes-is-de-telescoopwinkel-voor-al-je-optische-instrumenten-en-technieken\/"},{"@type":"ListItem","position":2,"name":"Store","item":"https:\/\/dev4-ganymedes.nl\/store\/"},{"@type":"ListItem","position":3,"name":"Astro Essentials 4 kanalen dauw controller"}]},{"@type":"WebSite","@id":"https:\/\/dev4-ganymedes.nl\/en\/#website","url":"https:\/\/dev4-ganymedes.nl\/en\/","name":"Ganymedes","description":"Ganymedes","publisher":{"@id":"https:\/\/dev4-ganymedes.nl\/en\/#organization"},"potentialAction":[{"@type":"SearchAction","target":{"@type":"EntryPoint","urlTemplate":"https:\/\/dev4-ganymedes.nl\/en\/?s={search_term_string}"},"query-input":{"@type":"PropertyValueSpecification","valueRequired":true,"valueName":"search_term_string"}}],"inLanguage":"en-US"},{"@type":"Organization","@id":"https:\/\/dev4-ganymedes.nl\/en\/#organization","name":"Ganymedes","url":"https:\/\/dev4-ganymedes.nl\/en\/","logo":{"@type":"ImageObject","inLanguage":"en-US","@id":"https:\/\/dev4-ganymedes.nl\/en\/#\/schema\/logo\/image\/","url":"https:\/\/www.ganymedes.nl\/wp-content\/uploads\/2019\/11\/GanymedesLogo_v1_small.png","contentUrl":"https:\/\/www.ganymedes.nl\/wp-content\/uploads\/2019\/11\/GanymedesLogo_v1_small.png","width":450,"height":90,"caption":"Ganymedes"},"image":{"@id":"https:\/\/dev4-ganymedes.nl\/en\/#\/schema\/logo\/image\/"},"sameAs":["https:\/\/www.facebook.com\/GanymedesTelescopen\/","https:\/\/x.com\/Ganymedes_NL"]}]}},"_links":{"self":[{"href":"https:\/\/dev4-ganymedes.nl\/en\/wp-json\/wp\/v2\/product\/40579","targetHints":{"allow":["GET"]}}],"collection":[{"href":"https:\/\/dev4-ganymedes.nl\/en\/wp-json\/wp\/v2\/product"}],"about":[{"href":"https:\/\/dev4-ganymedes.nl\/en\/wp-json\/wp\/v2\/types\/product"}],"replies":[{"embeddable":true,"href":"https:\/\/dev4-ganymedes.nl\/en\/wp-json\/wp\/v2\/comments?post=40579"}],"wp:featuredmedia":[{"embeddable":true,"href":"https:\/\/dev4-ganymedes.nl\/en\/wp-json\/wp\/v2\/media\/40580"}],"wp:attachment":[{"href":"https:\/\/dev4-ganymedes.nl\/en\/wp-json\/wp\/v2\/media?parent=40579"}],"wp:term":[{"taxonomy":"product_brand","embeddable":true,"href":"https:\/\/dev4-ganymedes.nl\/en\/wp-json\/wp\/v2\/product_brand?post=40579"},{"taxonomy":"product_cat","embeddable":true,"href":"https:\/\/dev4-ganymedes.nl\/en\/wp-json\/wp\/v2\/product_cat?post=40579"},{"taxonomy":"product_tag","embeddable":true,"href":"https:\/\/dev4-ganymedes.nl\/en\/wp-json\/wp\/v2\/product_tag?post=40579"}],"curies":[{"name":"wp","href":"https:\/\/api.w.org\/{rel}","templated":true}]}}