{"id":38841,"date":"2023-07-24T16:04:50","date_gmt":"2023-07-24T14:04:50","guid":{"rendered":"https:\/\/www.ganymedes.nl\/?post_type=product&#038;p=38841"},"modified":"2025-10-28T14:19:01","modified_gmt":"2025-10-28T13:19:01","slug":"baader-kleuren-filter-set","status":"publish","type":"product","link":"https:\/\/dev4-ganymedes.nl\/en\/product\/baader-kleuren-filter-set\/","title":{"rendered":"Baader kleuren Filter-Set 2 inch Maan and Planeten (6 kleuren)"},"content":{"rendered":"<h2>Baader kleuren Filter-Set 2 inch Maan and Planeten (6 kleuren)<\/h2>\n<h3>Kleurfilters voor meer contrast van maan- en planetaire waarnemingen<\/h3>\n<p>&#8220;Minder is meer!&#8221; Beter een paar filters met hoge optische prestaties geproduceerd voor astronomische waarnemingen dan hele bergen filters van middelmatige kwaliteit.<\/p>\n<p>De Baader kleuren filters\u00a0 zijn zorgvuldig voorbereid voor amateurastronomische interesses. Het glas is coplaner fijn optisch gepolijst. Deze filters overtreffen de kwaliteit van de gebruikelijke &#8220;rauw gepolijste&#8221; (heet gevlamd) gekleurde glasfilters.<\/p>\n<p>Omdat ze optisch fijn gepolijst zijn, kunnen deze filters op elk punt van het gemiddelde pad worden geplaatst &#8211; ver voor het brandpunt (bijvoorbeeld voor een verrekijker!) zonder defecten (astigmatisme) te veroorzaken of het beeld op enigerlei wijze te verslechteren!<\/p>\n<p>De parallelliteit van de optische oppervlakken is uitstekend met 30 boogseconden. Dubbele afbeeldingen zijn absoluut uitgesloten. Voor elke filterkleur wordt de transmissiecurve als meetprotocol aangeleverd.<\/p>\n<p>Kleurfilters worden vaak ge\u00efdentificeerd met een Kodak Wratten-nummer (W-punt). Baader-kleurenfilters werden verzameld door astronomische ervaring en komen overeen met het respectievelijke golflengtebereik na filter volgens Wratten-nomenclatuur: Baader-roodfilter \u2245 W25, Baader-oranje filter \u2245 W21, Baader-geelfilter\u2245 W12, Baader-groenfilter\u2245 W58, Baader-lichtblauw filter \u2245 W80A, Baader-donkerblauw filter\u2245 W38A<\/p>\n<p>Deze filters worden in de filterschroefdraad van oculairs of planetaire beeldcamera&#8217;s (Skyris) geschroefd. Een schroefdraad aan beide uiteinden van het filter maakt het mogelijk de filters met elkaar of met andere filters te combineren (bijvoorbeeld met een Baader UV\/IR infrarood snijfilter).<\/p>\n<h3>Functies in \u00e9\u00e9n oogopslag<\/h3>\n<ul>\n<li>Grootste vrije opening van alle kleurenfilters op de markt om vignettering te elimineren.<\/li>\n<li>CNC gefreesde &#8220;grip crown&#8221; zorgt voor uitstekende handling en comfort.<\/li>\n<li>Beide zijden 7-laags AR-coating met slechts 0,25% restreflectie per oppervlak. Dit is de meest anti-reflectie die ooit is uitgevoerd met kleurenfilters.<\/li>\n<li>Het belangrijkste criterium voor elke vorm van lichtfiltering is helderheid. Bepaalde spectrale bereiken bij sterke vergroting werken alleen bij de hoogste lichtdoorlatendheid.<\/li>\n<li>Het langdoorlaatfilter in deze filter set biedt 98% transmissie en produceert geen overstraling. Onge\u00ebvenaard door andere merken. Dit is te zien in vergelijking met standaard kleurenfilters in \u00e9\u00e9n keer &#8211; de filterkleur straalt ronduit.<\/li>\n<li>Een breed scala aan adapters maakt het gebruik van T-2 fotoschroefdraad is mogelijk.<\/li>\n<\/ul>\n<h3>Baader Phantom Group-coating\u2122<\/h3>\n<p>De coating is ontwikkeld door Baader Planetarium en is een 7-laagse breedbandcoating met extreem lage restreflectie. De term &#8220;Groep&#8221; geeft aan dat voor elk type glas van het filter het meest effectieve antireflectielaagsysteem is berekend.<\/p>\n<p>Dit betekent dat de anti-reflectielagen van verschillende kleurenfilters verschillend zijn. Ze worden berekend om het maximum te bieden voor de respectieve gefilterde kleurtransmissiewaarden.<\/p>\n<p>Beide zijden van het filter zijn gecoat met 7-laags AR-coating met slechts 0,25% restreflectie per oppervlak. Dit is het hoogste aantal dat ooit is verstrekt voor kleurenfilters. De filterschijven worden in de gezwarte aluminium frames geschroefd en worden geleverd met een filter. Elk filter is ontworpen voor meerdere toepassingen.<\/p>\n<h2>Kenmerken<\/h2>\n<ul>\n<li>Past op 2&#8243; schroefdraad<\/li>\n<li>Kleurenfilter set met 6 kleuren voor contrastverbetering van maan- en planetaire waarnemingen.<\/li>\n<li>Grootste vrije opening van alle kleurenfilters op de markt die vignettering elimineert.<\/li>\n<li>Dubbele 7-laagse antireflectiecoating met slechts 0,25% restreflectie per oppervlak (Phantom Group Coating) waardoor er geen reflecties, verstrooiing of verduistering ontstaan.<\/li>\n<li>Planeoptisch gepolijst voor scherp beeld bij sterke vergroting.<\/li>\n<li>Niet-verouderende verzegelde coating<\/li>\n<\/ul>\n<p><img loading=\"lazy\" decoding=\"async\" class=\"alignnone wp-image-38842 size-full\" title=\"Baader kleuren filter set maan en planeten (6 kleuren) grafiek\" src=\"https:\/\/www.ganymedes.nl\/wp-content\/uploads\/2023\/07\/baader-color-filter-set-1-1-4-moon-and-planetary-6-colors-37c-e1690209414684.jpg\" alt=\"Baader kleuren filter set maan en planeten (6 kleuren) grafiek\" width=\"489\" height=\"278\" srcset=\"https:\/\/dev4-ganymedes.nl\/wp-content\/uploads\/2023\/07\/baader-color-filter-set-1-1-4-moon-and-planetary-6-colors-37c-e1690209414684.jpg 489w, https:\/\/dev4-ganymedes.nl\/wp-content\/uploads\/2023\/07\/baader-color-filter-set-1-1-4-moon-and-planetary-6-colors-37c-e1690209414684-324x184.jpg 324w, https:\/\/dev4-ganymedes.nl\/wp-content\/uploads\/2023\/07\/baader-color-filter-set-1-1-4-moon-and-planetary-6-colors-37c-e1690209414684-416x236.jpg 416w, https:\/\/dev4-ganymedes.nl\/wp-content\/uploads\/2023\/07\/baader-color-filter-set-1-1-4-moon-and-planetary-6-colors-37c-e1690209414684-300x171.jpg 300w, https:\/\/dev4-ganymedes.nl\/wp-content\/uploads\/2023\/07\/baader-color-filter-set-1-1-4-moon-and-planetary-6-colors-37c-e1690209414684-140x80.jpg 140w\" sizes=\"auto, (max-width: 489px) 100vw, 489px\" \/><\/p>\n<h3>Levering van het Baader kleuren Filter-Set 2 inch Maan and Planeten (6 kleuren) omvat:<\/h3>\n<ul>\n<li>Baader kleuren filter-Set 2 inch Maan en Planeten (6 kleuren)<\/li>\n<li>Plastic opbergdoosjes<\/li>\n<\/ul>\n<h4>Plaats je bestelling online of kom langs in de winkel<\/h4>\n<p>Heb je gevonden wat je zoekt en wil je bijvoorbeeld de Baader kleuren filter-set 2 inch bestellen? Dan doe je dit heel eenvoudig online. Bekijk je deze producten liever in het echt voordat je ze koopt? Ook dat is bij ons mogelijk. Je bent van harte welkom in onze showroom in Amstelveen van maandag tot vrijdag tussen 10.00 en 17.00 uur. Op zaterdag is de showroom ook geopend, maar dan van 10.00 tot 16.30 uur. Voor meer informatie en advies kun je ook telefonisch contact met ons opnemen via <a href=\"tel:0031206412083\">020-6412083<\/a>. We helpen je graag.<\/p>\n","protected":false},"excerpt":{"rendered":"<p>Baader kleuren Filter-Set 2 inch Maan and Planeten (6 kleuren), kleurfilters voor meer contrast van maan- en planetaire waarnemingen<\/p>\n","protected":false},"featured_media":38869,"comment_status":"open","ping_status":"closed","template":"","meta":{"_acf_changed":false,"_vp_format_video_url":"","_vp_image_focal_point":[],"_vp_custom_popup_image":0,"_vp_format_audio_url":"","_vp_custom_thumbnail":0,"_vp_custom_thumbnail_focal_point":[],"_vp_hover_thumbnail":0,"_vp_hover_thumbnail_focal_point":[]},"product_brand":[],"product_cat":[288,267,350,273,274,342],"product_tag":[],"class_list":{"0":"post-38841","1":"product","2":"type-product","3":"status-publish","4":"has-post-thumbnail","6":"product_cat-accessories-en","7":"product_cat-astrophotography-en","8":"product_cat-brands-baader-en","9":"product_cat-accessories-filters-accessories-en","10":"product_cat-astrophotography-filters-en","11":"product_cat-brands-en","13":"first","14":"instock","15":"sale","16":"taxable","17":"shipping-taxable","18":"purchasable","19":"product-type-simple"},"acf":[],"yoast_head":"<!-- This site is optimized with the Yoast SEO plugin v27.3 - https:\/\/yoast.com\/product\/yoast-seo-wordpress\/ -->\n<title>Baader kleuren Filter-Set 2 inch Maan and Planeten (6 kleuren) - Ganymedes<\/title>\n<meta name=\"description\" content=\"Baader kleuren Filter-Set 2 inch Maan and Planeten (6 kleuren), kleurfilters voor meer contrast van maan- en planetaire waarnemingen\" \/>\n<meta name=\"robots\" content=\"noindex, follow, max-snippet:-1, max-image-preview:large, max-video-preview:-1\" \/>\n<meta property=\"og:locale\" content=\"nl_NL\" \/>\n<meta property=\"og:type\" content=\"article\" \/>\n<meta property=\"og:title\" content=\"Baader kleuren Filter-Set 2 inch Maan and Planeten (6 kleuren) - Ganymedes\" \/>\n<meta property=\"og:description\" content=\"Baader kleuren Filter-Set 2 inch Maan and Planeten (6 kleuren), kleurfilters voor meer contrast van maan- en planetaire waarnemingen\" \/>\n<meta property=\"og:url\" content=\"https:\/\/dev4-ganymedes.nl\/en\/product\/baader-kleuren-filter-set\/\" \/>\n<meta property=\"og:site_name\" content=\"Ganymedes\" \/>\n<meta property=\"article:publisher\" content=\"https:\/\/www.facebook.com\/GanymedesTelescopen\/\" \/>\n<meta property=\"article:modified_time\" content=\"2025-10-28T13:19:01+00:00\" \/>\n<meta property=\"og:image\" content=\"https:\/\/dev4-ganymedes.nl\/wp-content\/uploads\/2023\/07\/baader-color-filter-set-1-1-4-moon-and-planetary-6-colors-0a3-1-e1690384095994.jpg\" \/>\n\t<meta property=\"og:image:width\" content=\"1985\" \/>\n\t<meta property=\"og:image:height\" content=\"1585\" \/>\n\t<meta property=\"og:image:type\" content=\"image\/jpeg\" \/>\n<meta name=\"twitter:card\" content=\"summary_large_image\" \/>\n<meta name=\"twitter:site\" content=\"@Ganymedes_NL\" \/>\n<meta name=\"twitter:label1\" content=\"Geschatte leestijd\" \/>\n\t<meta name=\"twitter:data1\" content=\"4 minuten\" \/>\n<!-- \/ Yoast SEO plugin. -->","yoast_head_json":{"title":"Baader kleuren Filter-Set 2 inch Maan and Planeten (6 kleuren) - Ganymedes","description":"Baader kleuren Filter-Set 2 inch Maan and Planeten (6 kleuren), kleurfilters voor meer contrast van maan- en planetaire waarnemingen","robots":{"index":"noindex","follow":"follow","max-snippet":"max-snippet:-1","max-image-preview":"max-image-preview:large","max-video-preview":"max-video-preview:-1"},"og_locale":"nl_NL","og_type":"article","og_title":"Baader kleuren Filter-Set 2 inch Maan and Planeten (6 kleuren) - Ganymedes","og_description":"Baader kleuren Filter-Set 2 inch Maan and Planeten (6 kleuren), kleurfilters voor meer contrast van maan- en planetaire waarnemingen","og_url":"https:\/\/dev4-ganymedes.nl\/en\/product\/baader-kleuren-filter-set\/","og_site_name":"Ganymedes","article_publisher":"https:\/\/www.facebook.com\/GanymedesTelescopen\/","article_modified_time":"2025-10-28T13:19:01+00:00","og_image":[{"width":1985,"height":1585,"url":"https:\/\/dev4-ganymedes.nl\/wp-content\/uploads\/2023\/07\/baader-color-filter-set-1-1-4-moon-and-planetary-6-colors-0a3-1-e1690384095994.jpg","type":"image\/jpeg"}],"twitter_card":"summary_large_image","twitter_site":"@Ganymedes_NL","twitter_misc":{"Geschatte leestijd":"4 minuten"},"schema":{"@context":"https:\/\/schema.org","@graph":[{"@type":"WebPage","@id":"https:\/\/dev4-ganymedes.nl\/en\/product\/baader-kleuren-filter-set\/","url":"https:\/\/dev4-ganymedes.nl\/en\/product\/baader-kleuren-filter-set\/","name":"Baader kleuren Filter-Set 2 inch Maan and Planeten (6 kleuren) - Ganymedes","isPartOf":{"@id":"https:\/\/dev4-ganymedes.nl\/en\/#website"},"primaryImageOfPage":{"@id":"https:\/\/dev4-ganymedes.nl\/en\/product\/baader-kleuren-filter-set\/#primaryimage"},"image":{"@id":"https:\/\/dev4-ganymedes.nl\/en\/product\/baader-kleuren-filter-set\/#primaryimage"},"thumbnailUrl":"https:\/\/dev4-ganymedes.nl\/wp-content\/uploads\/2023\/07\/baader-color-filter-set-1-1-4-moon-and-planetary-6-colors-0a3-1-e1690384095994.jpg","datePublished":"2023-07-24T14:04:50+00:00","dateModified":"2025-10-28T13:19:01+00:00","description":"Baader kleuren Filter-Set 2 inch Maan and Planeten (6 kleuren), kleurfilters voor meer contrast van maan- en planetaire waarnemingen","breadcrumb":{"@id":"https:\/\/dev4-ganymedes.nl\/en\/product\/baader-kleuren-filter-set\/#breadcrumb"},"inLanguage":"nl-NL","potentialAction":[{"@type":"ReadAction","target":["https:\/\/dev4-ganymedes.nl\/en\/product\/baader-kleuren-filter-set\/"]}]},{"@type":"ImageObject","inLanguage":"nl-NL","@id":"https:\/\/dev4-ganymedes.nl\/en\/product\/baader-kleuren-filter-set\/#primaryimage","url":"https:\/\/dev4-ganymedes.nl\/wp-content\/uploads\/2023\/07\/baader-color-filter-set-1-1-4-moon-and-planetary-6-colors-0a3-1-e1690384095994.jpg","contentUrl":"https:\/\/dev4-ganymedes.nl\/wp-content\/uploads\/2023\/07\/baader-color-filter-set-1-1-4-moon-and-planetary-6-colors-0a3-1-e1690384095994.jpg","width":1985,"height":1585,"caption":"Baader kleuren filter set maan en planeten (6 kleuren)"},{"@type":"BreadcrumbList","@id":"https:\/\/dev4-ganymedes.nl\/en\/product\/baader-kleuren-filter-set\/#breadcrumb","itemListElement":[{"@type":"ListItem","position":1,"name":"Home","item":"https:\/\/dev4-ganymedes.nl\/ganymedes-is-de-telescoopwinkel-voor-al-je-optische-instrumenten-en-technieken\/"},{"@type":"ListItem","position":2,"name":"Store","item":"https:\/\/dev4-ganymedes.nl\/store\/"},{"@type":"ListItem","position":3,"name":"Baader kleuren Filter-Set 2 inch Maan and Planeten (6 kleuren)"}]},{"@type":"WebSite","@id":"https:\/\/dev4-ganymedes.nl\/en\/#website","url":"https:\/\/dev4-ganymedes.nl\/en\/","name":"Ganymedes","description":"Ganymedes","publisher":{"@id":"https:\/\/dev4-ganymedes.nl\/en\/#organization"},"potentialAction":[{"@type":"SearchAction","target":{"@type":"EntryPoint","urlTemplate":"https:\/\/dev4-ganymedes.nl\/en\/?s={search_term_string}"},"query-input":{"@type":"PropertyValueSpecification","valueRequired":true,"valueName":"search_term_string"}}],"inLanguage":"nl-NL"},{"@type":"Organization","@id":"https:\/\/dev4-ganymedes.nl\/en\/#organization","name":"Ganymedes","url":"https:\/\/dev4-ganymedes.nl\/en\/","logo":{"@type":"ImageObject","inLanguage":"nl-NL","@id":"https:\/\/dev4-ganymedes.nl\/en\/#\/schema\/logo\/image\/","url":"https:\/\/www.ganymedes.nl\/wp-content\/uploads\/2019\/11\/GanymedesLogo_v1_small.png","contentUrl":"https:\/\/www.ganymedes.nl\/wp-content\/uploads\/2019\/11\/GanymedesLogo_v1_small.png","width":450,"height":90,"caption":"Ganymedes"},"image":{"@id":"https:\/\/dev4-ganymedes.nl\/en\/#\/schema\/logo\/image\/"},"sameAs":["https:\/\/www.facebook.com\/GanymedesTelescopen\/","https:\/\/x.com\/Ganymedes_NL"]}]}},"_links":{"self":[{"href":"https:\/\/dev4-ganymedes.nl\/en\/wp-json\/wp\/v2\/product\/38841","targetHints":{"allow":["GET"]}}],"collection":[{"href":"https:\/\/dev4-ganymedes.nl\/en\/wp-json\/wp\/v2\/product"}],"about":[{"href":"https:\/\/dev4-ganymedes.nl\/en\/wp-json\/wp\/v2\/types\/product"}],"replies":[{"embeddable":true,"href":"https:\/\/dev4-ganymedes.nl\/en\/wp-json\/wp\/v2\/comments?post=38841"}],"wp:featuredmedia":[{"embeddable":true,"href":"https:\/\/dev4-ganymedes.nl\/en\/wp-json\/wp\/v2\/media\/38869"}],"wp:attachment":[{"href":"https:\/\/dev4-ganymedes.nl\/en\/wp-json\/wp\/v2\/media?parent=38841"}],"wp:term":[{"taxonomy":"product_brand","embeddable":true,"href":"https:\/\/dev4-ganymedes.nl\/en\/wp-json\/wp\/v2\/product_brand?post=38841"},{"taxonomy":"product_cat","embeddable":true,"href":"https:\/\/dev4-ganymedes.nl\/en\/wp-json\/wp\/v2\/product_cat?post=38841"},{"taxonomy":"product_tag","embeddable":true,"href":"https:\/\/dev4-ganymedes.nl\/en\/wp-json\/wp\/v2\/product_tag?post=38841"}],"curies":[{"name":"wp","href":"https:\/\/api.w.org\/{rel}","templated":true}]}}