{"id":25902,"date":"2021-05-11T08:50:44","date_gmt":"2021-05-11T08:50:44","guid":{"rendered":"https:\/\/www.ganymedes.nl\/?post_type=product&#038;p=25902"},"modified":"2025-06-18T13:33:08","modified_gmt":"2025-06-18T11:33:08","slug":"omegon-mount-mini-track-lx3-montering","status":"publish","type":"product","link":"https:\/\/dev4-ganymedes.nl\/en\/product\/omegon-mount-mini-track-lx3-montering\/","title":{"rendered":"Omegon Mount Mini Track LX3 montering"},"content":{"rendered":"<p>Omegon Mount Mini Track LX3<\/p>\n<p>De Omegon Mount Mini Track LX3 is een mini-montering voor gegarandeerd geweldige astro foto&#8217;s &#8211; met lichte groothoek-telelenzen. Het is verbazingwekkend eenvoudig om prachtige uitzichten op de sterrenhemel vast te leggen, zelfs wanneer u zichzelf geen begaafd astrofotograaf vindt. De MiniTrack werkt daarnaast zonder elektriciteit, puur mechanisch. De voorganger heeft het al goed werk geleverd, maar de MiniTrack LX3 is op sommige gebieden verbeterd en werkt nu 60% nauwkeuriger. Verheug u op prachtige foto&#8217;s die iedereen zullen betoveren. Overtuig uzelf en cre\u00eber aantrekkelijke beelden in een handomdraai.<\/p>\n<p>De voordelen op een rij:<\/p>\n<ul>\n<li>Fotografeer de sterrenhemel succesvol en moeiteloos overal op het noordelijk halfrond<\/li>\n<li>Nooit opladen: werkt via een mechanisme dat niet afhankelijk is van batterijen of stopcontacten<\/li>\n<li>Montering opstellen en onmiddellijk aan de slag gaan<\/li>\n<li>Optimaal voor overzichtsbeelden van de sterrenhemel en voor telelenzen<\/li>\n<\/ul>\n<h4>De bijzondere voordelen van de MiniTrack LX3:<\/h4>\n<ul>\n<li>Meer draagvermogen: de MiniTrack LX3 kan nu nog meer gewicht aan &#8211; camera&#8217;s en apparatuur tot 3 kg<\/li>\n<li>Een groot Teflon-glijlager zorgt voor een vloeiendere en vlottere beweging<\/li>\n<li>Nog beter aan te passen: het sterkere veersysteem remt of versnelt de beweging<\/li>\n<li>CNC-behuizing: nu nog beter, mooier en vooral stabieler geworden<\/li>\n<li>Optische poolzoeker voor een precieze uitlijning met de hemelpool en voor een perfecte tracking voor mooie beelden van sterren<\/li>\n<\/ul>\n<p><img loading=\"lazy\" decoding=\"async\" class=\"size-full wp-image-25913 alignleft\" src=\"https:\/\/www.ganymedes.nl\/wp-content\/uploads\/2021\/05\/Omegon-Montering-Mini-Track-LX3-2.jpg\" alt=\"\" width=\"300\" height=\"300\" srcset=\"https:\/\/dev4-ganymedes.nl\/wp-content\/uploads\/2021\/05\/Omegon-Montering-Mini-Track-LX3-2.jpg 300w, https:\/\/dev4-ganymedes.nl\/wp-content\/uploads\/2021\/05\/Omegon-Montering-Mini-Track-LX3-2-100x100.jpg 100w, https:\/\/dev4-ganymedes.nl\/wp-content\/uploads\/2021\/05\/Omegon-Montering-Mini-Track-LX3-2-132x132.jpg 132w\" sizes=\"auto, (max-width: 300px) 100vw, 300px\" \/><img loading=\"lazy\" decoding=\"async\" class=\"wp-image-25915 alignleft\" src=\"https:\/\/www.ganymedes.nl\/wp-content\/uploads\/2021\/05\/Omegon-Montering-Mini-Track-LX3-SET-2.jpg\" alt=\"\" width=\"300\" height=\"300\" srcset=\"https:\/\/dev4-ganymedes.nl\/wp-content\/uploads\/2021\/05\/Omegon-Montering-Mini-Track-LX3-SET-2.jpg 800w, https:\/\/dev4-ganymedes.nl\/wp-content\/uploads\/2021\/05\/Omegon-Montering-Mini-Track-LX3-SET-2-324x324.jpg 324w, https:\/\/dev4-ganymedes.nl\/wp-content\/uploads\/2021\/05\/Omegon-Montering-Mini-Track-LX3-SET-2-100x100.jpg 100w, https:\/\/dev4-ganymedes.nl\/wp-content\/uploads\/2021\/05\/Omegon-Montering-Mini-Track-LX3-SET-2-416x416.jpg 416w, https:\/\/dev4-ganymedes.nl\/wp-content\/uploads\/2021\/05\/Omegon-Montering-Mini-Track-LX3-SET-2-300x300.jpg 300w, https:\/\/dev4-ganymedes.nl\/wp-content\/uploads\/2021\/05\/Omegon-Montering-Mini-Track-LX3-SET-2-768x768.jpg 768w, https:\/\/dev4-ganymedes.nl\/wp-content\/uploads\/2021\/05\/Omegon-Montering-Mini-Track-LX3-SET-2-500x500.jpg 500w, https:\/\/dev4-ganymedes.nl\/wp-content\/uploads\/2021\/05\/Omegon-Montering-Mini-Track-LX3-SET-2-132x132.jpg 132w, https:\/\/dev4-ganymedes.nl\/wp-content\/uploads\/2021\/05\/Omegon-Montering-Mini-Track-LX3-SET-2-450x450.jpg 450w\" sizes=\"auto, (max-width: 300px) 100vw, 300px\" \/><\/p>\n<p>&nbsp;<\/p>\n<p>Keuze uit een versie zonder balhoofd of een versie met balhoofd.<\/p>\n<p>Het Balhoofd is ook van Omegon zelf en is het model OM8.\u00a0 Het draagvermogen van dit kleine balhoofd is 3 kilogram. Op dit balhoofd kan je makkelijk een DSLR camera op bevestigen. Zelfs een grotere DSLR past hier nog op. Balhoofd zelf weegt 310 gram en is voorzien met een snelkoppeling. Standaard camera aansluiting van 1\/4 inch en statief aansluiting van 3\/8 inch.<\/p>\n<p>Door de schaalverdeling op dit balhoofd, in 2 deling van 0 tot 180 graden, maakt dit balhoofd ideaal voor panoramisch opnames.<\/p>\n<h4>Betere astro foto&#8217;s thuis en op reis<\/h4>\n<p>Neem niet alleen vakantiefoto&#8217;s mee naar huis van uw reis, maar ook indrukwekkende astro foto&#8217;s. Het is makkelijker dan u denkt. Alles wat u nodig heeft: een statief, de MiniTrack, een balhoofd en uw camera. Terug naar de essentie en met \u00e9\u00e9n missie: goede astro foto&#8217;s die iedereen kan maken. En zo lukt dat altijd!<\/p>\n<p><b>Mechanische, 60 minuten durende tracking<\/b><br \/>\nDe MiniTrack heeft een mechanisch hart; elektronica heeft hier niets te zoeken. Een nauwkeurig uurwerk volgt uw camera uiterst precies. Wind de MiniTrack op als een analoge klok en de tracking wordt geactiveerd. Deze montering blijft altijd doorgaan, zelfs bij temperaturen onder het vriespunt. En ook bij telelenzen houdt uw nieuwe montering het hoofd koel. Het is niet voor niets dat deze expert op het gebied van breedbeeldopnamen de harten van amateurastronomen heeft veroverd.<\/p>\n<p><b>Net als een contragewicht: geavanceerd veersysteem<\/b><br \/>\nDe MiniTrack LX3 heeft geen contragewicht, maar een veersysteem dat als een contragewicht fungeert. Dit maakt de MiniTrack uiterst compact en makkelijk te vervoeren. En nu nieuw: een beter veersysteem dat uw camera in positie houdt in het geval van een eenzijdige belasting en dat het trackingproces afremt of versnelt. Daardoor bent u flexibeler en verloopt de tracking van de sterren nog nauwkeuriger.<\/p>\n<p>Tip: een ideale volgsnelheid wordt bereikt wanneer het uurwerk 130-135 keer per minuut tikt. Afhankelijk van het gewicht van uw camera moet u de veer in verschillende mate opspannen. Wij raden u aan om de tikken per minuut met een &#8220;TapTempo-App BPM&#8221; voor smartphones te bepalen. Deze apps komen eigenlijk uit de muziekwereld en moeten automatisch het tempo van een muziekstuk meten. Maak gebruik van een dergelijke app om de snelheid van de MiniTrack te meten.<\/p>\n<h4>Groot Teflon-glijlager<\/h4>\n<p>De hele constructie van de MiniTrack is beter geworden: dankzij de grotere Teflon-glijlager verloopt de beweging bijzonder vloeiend. Vanaf nu beweegt uw camera nog soepeler tijdens het volgen.<\/p>\n<p><b>CNC-behuizing<\/b><br \/>\nDe nieuwe behuizing van de MiniTrack LX3-montering is niet alleen visueel mooier, maar ook duurzamer. Het gefreesde aluminium van deze montering is veel resistenter. Maakt u zich geen zorgen wanneer uw montering het zwaar te verduren krijgt. De kwaliteit blijft ook na jaren consistent.<\/p>\n<p><b>Hogere draagkracht, net zo goed te vervoeren<\/b><br \/>\nEen beetje meer mag altijd: de MiniTrack draagt nu camera&#8217;s tot 3 kg. Maar de montering blijft even klein, licht en draagbaar als vroeger. Het verschil: u kunt nu ook een camera met een grotere of langere lens gebruiken. Verheug u op de gebruikelijke hoge stabiliteit.<\/p>\n<p><b>De hemelpool exact lokaliseren<\/b><br \/>\nMet de optische poolzoeker is het vinden van de hemelpool een fluitje van een cent. De Omegon Mount MiniTrack LX3 wordt geleverd met een houder en een poolzoeker. Die laatste wordt ook gebruikt op grote monteringen. Dit maakt het nog gemakkelijker om de MiniTrack LX3 uit te lijnen voor het vastleggen van beelden met puntvormige sterren.<\/p>\n<h4>Past op ieder camerastatief<\/h4>\n<p>De MiniTrack is voorzien van twee aansluitingen: \u00e9\u00e9n voor het statief en \u00e9\u00e9n voor uw camera of een balhoofd. Plaats de montering met behulp van een 1\/4 inch-schroef zoals gebruikelijk op uw camerastatief en lijn de MiniTrack naar wens uit. Aan de andere kant monteert u een balhoofd met een 3\/8 inch-schroefdraad.<\/p>\n<p><b>Uitgevonden en ontwikkeld door Cristian Fattinnanzi<\/b><br \/>\nDe MiniTrack-montering werd ontwikkeld door Christian Fattinnanzi uit Itali\u00eb. Omegon heeft de distributie overgenomen en stelt de montering zo ter beschikking van een grotere kring van fotografen en natuurliefhebbers.<\/p>\n<p>Met deze volledig mechanische mini-montering kunt u in een handomdraai astro foto&#8217;s nemen. Geen elektriciteit. Niet opladen. Geen batterijen. Gewoon fotograferen. Altijd en overal.<\/p>\n<h4>Levering van de Omegon Mount Mini Track LX3 omvat:<\/h4>\n<ul>\n<li>Omegon Mini Track LX3<\/li>\n<li>Poolzoeker<\/li>\n<li>Keuze uit levering zonder of met balhoofd<\/li>\n<\/ul>\n","protected":false},"excerpt":{"rendered":"<p>Nieuwste model van Omegon in de mini track monteringen, de LX3. Voor wide field opnames en als je licht bepakt op reis bent.<\/p>\n","protected":false},"featured_media":25905,"comment_status":"open","ping_status":"closed","template":"","meta":{"_acf_changed":false,"_vp_format_video_url":"","_vp_image_focal_point":[],"_vp_custom_popup_image":0,"_vp_format_audio_url":"","_vp_custom_thumbnail":0,"_vp_custom_thumbnail_focal_point":[],"_vp_hover_thumbnail":0,"_vp_hover_thumbnail_focal_point":[]},"product_brand":[],"product_cat":[288,342,303,393],"product_tag":[],"class_list":{"0":"post-25902","1":"product","2":"type-product","3":"status-publish","4":"has-post-thumbnail","6":"product_cat-accessories-en","7":"product_cat-brands-en","8":"product_cat-accessories-mounts-en","9":"product_cat-brands-omegon-en","11":"first","12":"instock","13":"taxable","14":"shipping-taxable","15":"purchasable","16":"product-type-variable"},"acf":[],"yoast_head":"<!-- This site is optimized with the Yoast SEO plugin v27.3 - https:\/\/yoast.com\/product\/yoast-seo-wordpress\/ -->\n<title>Omegon Mount Mini Track LX3 montering - Ganymedes<\/title>\n<meta name=\"description\" content=\"Omegon Mount Mini Track LX3, de laatste variant in de Mini Track serie. Weer kleine verbeteringen aangepast op deze kleine volgmontering.\" \/>\n<meta name=\"robots\" content=\"noindex, follow, max-snippet:-1, max-image-preview:large, max-video-preview:-1\" \/>\n<meta property=\"og:locale\" content=\"en_US\" \/>\n<meta property=\"og:type\" content=\"article\" \/>\n<meta property=\"og:title\" content=\"Omegon Mount Mini Track LX3 montering - Ganymedes\" \/>\n<meta property=\"og:description\" content=\"Omegon Mount Mini Track LX3, de laatste variant in de Mini Track serie. Weer kleine verbeteringen aangepast op deze kleine volgmontering.\" \/>\n<meta property=\"og:url\" content=\"https:\/\/dev4-ganymedes.nl\/en\/product\/omegon-mount-mini-track-lx3-montering\/\" \/>\n<meta property=\"og:site_name\" content=\"Ganymedes\" \/>\n<meta property=\"article:publisher\" content=\"https:\/\/www.facebook.com\/GanymedesTelescopen\/\" \/>\n<meta property=\"article:modified_time\" content=\"2025-06-18T11:33:08+00:00\" \/>\n<meta property=\"og:image\" content=\"https:\/\/dev4-ganymedes.nl\/wp-content\/uploads\/2021\/05\/Omegon-Mount-Mini-Track-LX3-1.jpg\" \/>\n\t<meta property=\"og:image:width\" content=\"400\" \/>\n\t<meta property=\"og:image:height\" content=\"400\" \/>\n\t<meta property=\"og:image:type\" content=\"image\/jpeg\" \/>\n<meta name=\"twitter:card\" content=\"summary_large_image\" \/>\n<meta name=\"twitter:site\" content=\"@Ganymedes_NL\" \/>\n<meta name=\"twitter:label1\" content=\"Est. reading time\" \/>\n\t<meta name=\"twitter:data1\" content=\"6 minutes\" \/>\n<!-- \/ Yoast SEO plugin. -->","yoast_head_json":{"title":"Omegon Mount Mini Track LX3 montering - Ganymedes","description":"Omegon Mount Mini Track LX3, de laatste variant in de Mini Track serie. Weer kleine verbeteringen aangepast op deze kleine volgmontering.","robots":{"index":"noindex","follow":"follow","max-snippet":"max-snippet:-1","max-image-preview":"max-image-preview:large","max-video-preview":"max-video-preview:-1"},"og_locale":"en_US","og_type":"article","og_title":"Omegon Mount Mini Track LX3 montering - Ganymedes","og_description":"Omegon Mount Mini Track LX3, de laatste variant in de Mini Track serie. Weer kleine verbeteringen aangepast op deze kleine volgmontering.","og_url":"https:\/\/dev4-ganymedes.nl\/en\/product\/omegon-mount-mini-track-lx3-montering\/","og_site_name":"Ganymedes","article_publisher":"https:\/\/www.facebook.com\/GanymedesTelescopen\/","article_modified_time":"2025-06-18T11:33:08+00:00","og_image":[{"width":400,"height":400,"url":"https:\/\/dev4-ganymedes.nl\/wp-content\/uploads\/2021\/05\/Omegon-Mount-Mini-Track-LX3-1.jpg","type":"image\/jpeg"}],"twitter_card":"summary_large_image","twitter_site":"@Ganymedes_NL","twitter_misc":{"Est. reading time":"6 minutes"},"schema":{"@context":"https:\/\/schema.org","@graph":[{"@type":"WebPage","@id":"https:\/\/dev4-ganymedes.nl\/en\/product\/omegon-mount-mini-track-lx3-montering\/","url":"https:\/\/dev4-ganymedes.nl\/en\/product\/omegon-mount-mini-track-lx3-montering\/","name":"Omegon Mount Mini Track LX3 montering - Ganymedes","isPartOf":{"@id":"https:\/\/dev4-ganymedes.nl\/en\/#website"},"primaryImageOfPage":{"@id":"https:\/\/dev4-ganymedes.nl\/en\/product\/omegon-mount-mini-track-lx3-montering\/#primaryimage"},"image":{"@id":"https:\/\/dev4-ganymedes.nl\/en\/product\/omegon-mount-mini-track-lx3-montering\/#primaryimage"},"thumbnailUrl":"https:\/\/dev4-ganymedes.nl\/wp-content\/uploads\/2021\/05\/Omegon-Mount-Mini-Track-LX3-1.jpg","datePublished":"2021-05-11T08:50:44+00:00","dateModified":"2025-06-18T11:33:08+00:00","description":"Omegon Mount Mini Track LX3, de laatste variant in de Mini Track serie. Weer kleine verbeteringen aangepast op deze kleine volgmontering.","breadcrumb":{"@id":"https:\/\/dev4-ganymedes.nl\/en\/product\/omegon-mount-mini-track-lx3-montering\/#breadcrumb"},"inLanguage":"en-US","potentialAction":[{"@type":"ReadAction","target":["https:\/\/dev4-ganymedes.nl\/en\/product\/omegon-mount-mini-track-lx3-montering\/"]}]},{"@type":"ImageObject","inLanguage":"en-US","@id":"https:\/\/dev4-ganymedes.nl\/en\/product\/omegon-mount-mini-track-lx3-montering\/#primaryimage","url":"https:\/\/dev4-ganymedes.nl\/wp-content\/uploads\/2021\/05\/Omegon-Mount-Mini-Track-LX3-1.jpg","contentUrl":"https:\/\/dev4-ganymedes.nl\/wp-content\/uploads\/2021\/05\/Omegon-Mount-Mini-Track-LX3-1.jpg","width":400,"height":400,"caption":"Omegon Mount Mini Track LX3"},{"@type":"BreadcrumbList","@id":"https:\/\/dev4-ganymedes.nl\/en\/product\/omegon-mount-mini-track-lx3-montering\/#breadcrumb","itemListElement":[{"@type":"ListItem","position":1,"name":"Home","item":"https:\/\/dev4-ganymedes.nl\/ganymedes-is-de-telescoopwinkel-voor-al-je-optische-instrumenten-en-technieken\/"},{"@type":"ListItem","position":2,"name":"Store","item":"https:\/\/dev4-ganymedes.nl\/store\/"},{"@type":"ListItem","position":3,"name":"Omegon Mount Mini Track LX3 montering"}]},{"@type":"WebSite","@id":"https:\/\/dev4-ganymedes.nl\/en\/#website","url":"https:\/\/dev4-ganymedes.nl\/en\/","name":"Ganymedes","description":"Ganymedes","publisher":{"@id":"https:\/\/dev4-ganymedes.nl\/en\/#organization"},"potentialAction":[{"@type":"SearchAction","target":{"@type":"EntryPoint","urlTemplate":"https:\/\/dev4-ganymedes.nl\/en\/?s={search_term_string}"},"query-input":{"@type":"PropertyValueSpecification","valueRequired":true,"valueName":"search_term_string"}}],"inLanguage":"en-US"},{"@type":"Organization","@id":"https:\/\/dev4-ganymedes.nl\/en\/#organization","name":"Ganymedes","url":"https:\/\/dev4-ganymedes.nl\/en\/","logo":{"@type":"ImageObject","inLanguage":"en-US","@id":"https:\/\/dev4-ganymedes.nl\/en\/#\/schema\/logo\/image\/","url":"https:\/\/www.ganymedes.nl\/wp-content\/uploads\/2019\/11\/GanymedesLogo_v1_small.png","contentUrl":"https:\/\/www.ganymedes.nl\/wp-content\/uploads\/2019\/11\/GanymedesLogo_v1_small.png","width":450,"height":90,"caption":"Ganymedes"},"image":{"@id":"https:\/\/dev4-ganymedes.nl\/en\/#\/schema\/logo\/image\/"},"sameAs":["https:\/\/www.facebook.com\/GanymedesTelescopen\/","https:\/\/x.com\/Ganymedes_NL"]}]}},"_links":{"self":[{"href":"https:\/\/dev4-ganymedes.nl\/en\/wp-json\/wp\/v2\/product\/25902","targetHints":{"allow":["GET"]}}],"collection":[{"href":"https:\/\/dev4-ganymedes.nl\/en\/wp-json\/wp\/v2\/product"}],"about":[{"href":"https:\/\/dev4-ganymedes.nl\/en\/wp-json\/wp\/v2\/types\/product"}],"replies":[{"embeddable":true,"href":"https:\/\/dev4-ganymedes.nl\/en\/wp-json\/wp\/v2\/comments?post=25902"}],"wp:featuredmedia":[{"embeddable":true,"href":"https:\/\/dev4-ganymedes.nl\/en\/wp-json\/wp\/v2\/media\/25905"}],"wp:attachment":[{"href":"https:\/\/dev4-ganymedes.nl\/en\/wp-json\/wp\/v2\/media?parent=25902"}],"wp:term":[{"taxonomy":"product_brand","embeddable":true,"href":"https:\/\/dev4-ganymedes.nl\/en\/wp-json\/wp\/v2\/product_brand?post=25902"},{"taxonomy":"product_cat","embeddable":true,"href":"https:\/\/dev4-ganymedes.nl\/en\/wp-json\/wp\/v2\/product_cat?post=25902"},{"taxonomy":"product_tag","embeddable":true,"href":"https:\/\/dev4-ganymedes.nl\/en\/wp-json\/wp\/v2\/product_tag?post=25902"}],"curies":[{"name":"wp","href":"https:\/\/api.w.org\/{rel}","templated":true}]}}