{"id":23876,"date":"2021-01-10T10:55:03","date_gmt":"2021-01-10T10:55:03","guid":{"rendered":"https:\/\/www.ganymedes.nl\/?post_type=product&#038;p=23876"},"modified":"2024-03-20T16:36:58","modified_gmt":"2024-03-20T15:36:58","slug":"ioptron-gem-28-ipolar-and-literoc-tripod","status":"publish","type":"product","link":"https:\/\/dev4-ganymedes.nl\/en\/product\/ioptron-gem-28-ipolar-and-literoc-tripod\/","title":{"rendered":"iOptron GEM 28 iPolar and LiteRoc tripod"},"content":{"rendered":"<p>iOptron GEM 28 iPolar and LiteRoc tripod<\/p>\n<p>Net als hun voorgangers is de GEM28 ontworpen met het oog op draagbaarheid. Met een eigengewicht van slechts 4.5 kg heeft de CEM28 een draagvermogen van 12.7 kg. Een ongelooflijke verhouding tussen het gewicht en het draagvermogen van 2.8. We hebben dit bereikt met behulp van ontwerpmethoden die zijn ontwikkeld om het gewicht van de montering te verlagen.\u00a0 Dit resulteert echter niet in mindere prestaties of stabiliteit. Deze equatoriale versies zijn gemaakt om consumenten tevreden te stellen die de voorkeur geven aan een meer traditionele montage en om op hogere breedtegraden te functioneren.<\/p>\n<p>Voortbouwend op de erfenis van eerdere GEM-modellen hebben we functies toegevoegd voor gemak en functionaliteit. Een van de positieve verbeteringen is het vergrendelingssysteem (gemakkelijk te gebruiken, zelfs met handschoenen aan). Ingebouwde Wi-Fi die onge\u00ebvenaarde connectiviteit mogelijk maakt. Wat betreft functionaliteit presteert de GEM28 opperbest, uitlijnen, opzoeken en volgen gaat heel precies. De GEM28 zet de nieuwe standaard voor compacte Duitse equatoriale goto monteringen.<\/p>\n<p><img loading=\"lazy\" decoding=\"async\" class=\" wp-image-23867 alignleft\" src=\"https:\/\/www.ganymedes.nl\/wp-content\/uploads\/2021\/01\/iOptron-GOTONova-8408-controller.jpg\" alt=\"\" width=\"331\" height=\"331\" srcset=\"https:\/\/dev4-ganymedes.nl\/wp-content\/uploads\/2021\/01\/iOptron-GOTONova-8408-controller.jpg 400w, https:\/\/dev4-ganymedes.nl\/wp-content\/uploads\/2021\/01\/iOptron-GOTONova-8408-controller-324x324.jpg 324w, https:\/\/dev4-ganymedes.nl\/wp-content\/uploads\/2021\/01\/iOptron-GOTONova-8408-controller-100x100.jpg 100w, https:\/\/dev4-ganymedes.nl\/wp-content\/uploads\/2021\/01\/iOptron-GOTONova-8408-controller-300x300.jpg 300w, https:\/\/dev4-ganymedes.nl\/wp-content\/uploads\/2021\/01\/iOptron-GOTONova-8408-controller-132x132.jpg 132w\" sizes=\"auto, (max-width: 331px) 100vw, 331px\" \/><\/p>\n<p>&nbsp;<\/p>\n<p>&nbsp;<\/p>\n<p>De GEM28 is uitgerust met de nieuwste geavanceerde GO2NOVA\u00ae GOTO-technologie, waardoor het een van de krachtigste en nauwkeurigste GOTO montering is die er zijn. De 212.000 object in het geheugen zorgt ervoor dat u nooit zonder doelen komt te zitten of te zien.<\/p>\n<p>De Go2Nova\u00ae Hand Controller is intu\u00eftief in gebruik en het grote 4-regelige LCD display vereenvoudigt het proces van het instellen van telescopen en het lokaliseren van objecten.<\/p>\n<p>&nbsp;<\/p>\n<p>De GEM28A-montering heeft een ge\u00efntegreerde elektronische poolzoeker die bekend staat als de iPolar. Deze tool zorgt voor een nauwkeurige uitlijning van een telescoop, zelfs als de poolster niet te zien is. Tevens wordt de GEM28 geleverd met een LiteRoc heavy-duty roestvrijstalen statief.<br \/>\nMet de ingebouwde iPolar functie maakt dit ook nog eens in prijs een aantrekkelijke montering. Je hoeft geen PoleMaster meer aan te schaffen.<\/p>\n<h4>Levering van de iOptron GEM 28 iPolar and LiteRoc tripod omvat:<\/h4>\n<ul>\n<li>iOptron GEM28<\/li>\n<li>LiteRoc 1.75 inch statief<\/li>\n<li>iPolar poolzoeker<\/li>\n<li>GO2NOVA handcontroller<\/li>\n<li>Voeding 220v-12v 5.5 x 2.1 plug<\/li>\n<li>Tegengewicht 4.5 kg<\/li>\n<\/ul>\n<p>Specificaties:<\/p>\n<ul>\n<li>Mount German Equatorial Mount<\/li>\n<li>Payload * 12.7 kg, exclude counterweight<\/li>\n<li>Mount weight 4.5 kg<\/li>\n<li>Payload\/Mount weight 2.80<\/li>\n<li>Structure Material All metal, Casting + CNC machined<\/li>\n<li>Exterior Finish Powder coating<\/li>\n<li>Periodic error (PE) ** &lt;\u00b110 arcsec<\/li>\n<li>PEC Yes, Permanent PEC<\/li>\n<li>Worm period 600 sec<\/li>\n<li>Right Ascension worm wheel \u03a6 88 mm, 144 teeth aluminum<\/li>\n<li>Declination worm wheel \u03a6 88 mm, 144 teeth aluminum<\/li>\n<li>Right Ascension axis shaft \u03a6 35 mm steel<\/li>\n<li>Declination axis shaft \u03a6 35 mm steel<\/li>\n<li>Right Ascension bearing \u03a6 55 mm ball bearing<\/li>\n<li>Declination bearing \u03a6 55 mm ball bearing<\/li>\n<li>Worm gears \u03a6 15.2 mm, Brass<\/li>\n<li>Motor drive 1.8\u00ba stepper motor, 128X micro division<\/li>\n<li>Resolution 0.17 arc seconds<\/li>\n<li>Transmission Synchronous belt<\/li>\n<li>Latitude adjustment range 10\u00ba ~ 70\u00ba<\/li>\n<li>Azimuth adjustment range \u00b1 6\u00ba<\/li>\n<li>Polar Scope iPolar TM electronic polar scope<\/li>\n<li>Level indicator Level bubble<\/li>\n<li>Hand Controller Go2Nova\u00ae 8409 with ~212,000 objects database<\/li>\n<li>Tracking Automatic<\/li>\n<li>Slew speed 1\u00d7,2\u00d7,8\u00d7,16\u00d7,64\u00d7,128\u00d7,256\u00d7,512\u00d7,MAX(6\u00ba\/sec)<\/li>\n<li>Power consumption 0.6A (Tracking), 0.9A (GOTO)<\/li>\n<li>Power requirement 12V DC, 5A<\/li>\n<li>AC adapter 100V ~ 240V (included)<\/li>\n<li>Power-down memory Yes<\/li>\n<li>Wi-Fi Built-in<\/li>\n<li>Communication port Yes (Wi-Fi and USB)<\/li>\n<li>Autoguide port Yes (ST-4 compatible)<\/li>\n<li>Firmware upgrade Yes<\/li>\n<li>PC computer control Yes (ASCOM)<\/li>\n<li>Counterweight shaft \u03a6 20 X 200mm (M16), Stainless Steel<\/li>\n<li>Shaft extension \u03a6 20 X 120 mm (M16), Stainless Steel<\/li>\n<li>Counterweight 4.5 kg<\/li>\n<li>Tripod LiteRoc heavy-duty stainless steel tripod w\/ vibration suppression pads (7.5 kg)<\/li>\n<li>Dovetail saddle\u00a0Vixen-style, center adjustable<\/li>\n<li>GPS Optional external 32-channel GPS<\/li>\n<li>Autoguiding Optional external iGuider 1<\/li>\n<li>Operation temperature -10\u00baC ~ 40\u00baC<\/li>\n<li>Warranty Two year limited<\/li>\n<\/ul>\n","protected":false},"excerpt":{"rendered":"<p>iOptron GEM 28 with iPolar and LiteRoc tripod, prachtige compacte montering. Makkelijk mee te nemen maar zorgt toch voor uitstekende prestaties.<\/p>\n","protected":false},"featured_media":23877,"comment_status":"open","ping_status":"closed","template":"","meta":{"_acf_changed":false,"_vp_format_video_url":"","_vp_image_focal_point":[],"_vp_custom_popup_image":0,"_vp_format_audio_url":"","_vp_custom_thumbnail":0,"_vp_custom_thumbnail_focal_point":[],"_vp_hover_thumbnail":0,"_vp_hover_thumbnail_focal_point":[]},"product_brand":[],"product_cat":[288,422,342,303],"product_tag":[],"class_list":{"0":"post-23876","1":"product","2":"type-product","3":"status-publish","4":"has-post-thumbnail","6":"product_cat-accessories-en","7":"product_cat-brands-ioptron-en","8":"product_cat-brands-en","9":"product_cat-accessories-mounts-en","11":"first","12":"instock","13":"sale","14":"taxable","15":"shipping-taxable","16":"purchasable","17":"product-type-simple"},"acf":[],"yoast_head":"<!-- This site is optimized with the Yoast SEO plugin v27.3 - https:\/\/yoast.com\/product\/yoast-seo-wordpress\/ -->\n<title>iOptron GEM 28 iPolar and LiteRoc tripod - Ganymedes<\/title>\n<meta name=\"description\" content=\"iOptron GEM 28 iPolar and LiteRoc tripod, de laatse versie in GEM familie. Transportabel en stabiel met iPolar en LiteRoc statief!\" \/>\n<meta name=\"robots\" content=\"noindex, follow, max-snippet:-1, max-image-preview:large, max-video-preview:-1\" \/>\n<meta property=\"og:locale\" content=\"nl_NL\" \/>\n<meta property=\"og:type\" content=\"article\" \/>\n<meta property=\"og:title\" content=\"iOptron GEM 28 iPolar and LiteRoc tripod - Ganymedes\" \/>\n<meta property=\"og:description\" content=\"iOptron GEM 28 iPolar and LiteRoc tripod, de laatse versie in GEM familie. Transportabel en stabiel met iPolar en LiteRoc statief!\" \/>\n<meta property=\"og:url\" content=\"https:\/\/dev4-ganymedes.nl\/en\/product\/ioptron-gem-28-ipolar-and-literoc-tripod\/\" \/>\n<meta property=\"og:site_name\" content=\"Ganymedes\" \/>\n<meta property=\"article:publisher\" content=\"https:\/\/www.facebook.com\/GanymedesTelescopen\/\" \/>\n<meta property=\"article:modified_time\" content=\"2024-03-20T15:36:58+00:00\" \/>\n<meta property=\"og:image\" content=\"https:\/\/dev4-ganymedes.nl\/wp-content\/uploads\/2021\/01\/iOptron-GEm28-G281A3-2T.jpg\" \/>\n\t<meta property=\"og:image:width\" content=\"341\" \/>\n\t<meta property=\"og:image:height\" content=\"401\" \/>\n\t<meta property=\"og:image:type\" content=\"image\/jpeg\" \/>\n<meta name=\"twitter:card\" content=\"summary_large_image\" \/>\n<meta name=\"twitter:site\" content=\"@Ganymedes_NL\" \/>\n<meta name=\"twitter:label1\" content=\"Geschatte leestijd\" \/>\n\t<meta name=\"twitter:data1\" content=\"4 minuten\" \/>\n<!-- \/ Yoast SEO plugin. -->","yoast_head_json":{"title":"iOptron GEM 28 iPolar and LiteRoc tripod - Ganymedes","description":"iOptron GEM 28 iPolar and LiteRoc tripod, de laatse versie in GEM familie. Transportabel en stabiel met iPolar en LiteRoc statief!","robots":{"index":"noindex","follow":"follow","max-snippet":"max-snippet:-1","max-image-preview":"max-image-preview:large","max-video-preview":"max-video-preview:-1"},"og_locale":"nl_NL","og_type":"article","og_title":"iOptron GEM 28 iPolar and LiteRoc tripod - Ganymedes","og_description":"iOptron GEM 28 iPolar and LiteRoc tripod, de laatse versie in GEM familie. Transportabel en stabiel met iPolar en LiteRoc statief!","og_url":"https:\/\/dev4-ganymedes.nl\/en\/product\/ioptron-gem-28-ipolar-and-literoc-tripod\/","og_site_name":"Ganymedes","article_publisher":"https:\/\/www.facebook.com\/GanymedesTelescopen\/","article_modified_time":"2024-03-20T15:36:58+00:00","og_image":[{"width":341,"height":401,"url":"https:\/\/dev4-ganymedes.nl\/wp-content\/uploads\/2021\/01\/iOptron-GEm28-G281A3-2T.jpg","type":"image\/jpeg"}],"twitter_card":"summary_large_image","twitter_site":"@Ganymedes_NL","twitter_misc":{"Geschatte leestijd":"4 minuten"},"schema":{"@context":"https:\/\/schema.org","@graph":[{"@type":"WebPage","@id":"https:\/\/dev4-ganymedes.nl\/en\/product\/ioptron-gem-28-ipolar-and-literoc-tripod\/","url":"https:\/\/dev4-ganymedes.nl\/en\/product\/ioptron-gem-28-ipolar-and-literoc-tripod\/","name":"iOptron GEM 28 iPolar and LiteRoc tripod - Ganymedes","isPartOf":{"@id":"https:\/\/dev4-ganymedes.nl\/en\/#website"},"primaryImageOfPage":{"@id":"https:\/\/dev4-ganymedes.nl\/en\/product\/ioptron-gem-28-ipolar-and-literoc-tripod\/#primaryimage"},"image":{"@id":"https:\/\/dev4-ganymedes.nl\/en\/product\/ioptron-gem-28-ipolar-and-literoc-tripod\/#primaryimage"},"thumbnailUrl":"https:\/\/dev4-ganymedes.nl\/wp-content\/uploads\/2021\/01\/iOptron-GEm28-G281A3-2T.jpg","datePublished":"2021-01-10T10:55:03+00:00","dateModified":"2024-03-20T15:36:58+00:00","description":"iOptron GEM 28 iPolar and LiteRoc tripod, de laatse versie in GEM familie. Transportabel en stabiel met iPolar en LiteRoc statief!","breadcrumb":{"@id":"https:\/\/dev4-ganymedes.nl\/en\/product\/ioptron-gem-28-ipolar-and-literoc-tripod\/#breadcrumb"},"inLanguage":"nl-NL","potentialAction":[{"@type":"ReadAction","target":["https:\/\/dev4-ganymedes.nl\/en\/product\/ioptron-gem-28-ipolar-and-literoc-tripod\/"]}]},{"@type":"ImageObject","inLanguage":"nl-NL","@id":"https:\/\/dev4-ganymedes.nl\/en\/product\/ioptron-gem-28-ipolar-and-literoc-tripod\/#primaryimage","url":"https:\/\/dev4-ganymedes.nl\/wp-content\/uploads\/2021\/01\/iOptron-GEm28-G281A3-2T.jpg","contentUrl":"https:\/\/dev4-ganymedes.nl\/wp-content\/uploads\/2021\/01\/iOptron-GEm28-G281A3-2T.jpg","width":341,"height":401,"caption":"iOptron GEM 28 with iPolar and LiteRoc tripod"},{"@type":"BreadcrumbList","@id":"https:\/\/dev4-ganymedes.nl\/en\/product\/ioptron-gem-28-ipolar-and-literoc-tripod\/#breadcrumb","itemListElement":[{"@type":"ListItem","position":1,"name":"Home","item":"https:\/\/dev4-ganymedes.nl\/ganymedes-is-de-telescoopwinkel-voor-al-je-optische-instrumenten-en-technieken\/"},{"@type":"ListItem","position":2,"name":"Store","item":"https:\/\/dev4-ganymedes.nl\/store\/"},{"@type":"ListItem","position":3,"name":"iOptron GEM 28 iPolar and LiteRoc tripod"}]},{"@type":"WebSite","@id":"https:\/\/dev4-ganymedes.nl\/en\/#website","url":"https:\/\/dev4-ganymedes.nl\/en\/","name":"Ganymedes","description":"Ganymedes","publisher":{"@id":"https:\/\/dev4-ganymedes.nl\/en\/#organization"},"potentialAction":[{"@type":"SearchAction","target":{"@type":"EntryPoint","urlTemplate":"https:\/\/dev4-ganymedes.nl\/en\/?s={search_term_string}"},"query-input":{"@type":"PropertyValueSpecification","valueRequired":true,"valueName":"search_term_string"}}],"inLanguage":"nl-NL"},{"@type":"Organization","@id":"https:\/\/dev4-ganymedes.nl\/en\/#organization","name":"Ganymedes","url":"https:\/\/dev4-ganymedes.nl\/en\/","logo":{"@type":"ImageObject","inLanguage":"nl-NL","@id":"https:\/\/dev4-ganymedes.nl\/en\/#\/schema\/logo\/image\/","url":"https:\/\/www.ganymedes.nl\/wp-content\/uploads\/2019\/11\/GanymedesLogo_v1_small.png","contentUrl":"https:\/\/www.ganymedes.nl\/wp-content\/uploads\/2019\/11\/GanymedesLogo_v1_small.png","width":450,"height":90,"caption":"Ganymedes"},"image":{"@id":"https:\/\/dev4-ganymedes.nl\/en\/#\/schema\/logo\/image\/"},"sameAs":["https:\/\/www.facebook.com\/GanymedesTelescopen\/","https:\/\/x.com\/Ganymedes_NL"]}]}},"_links":{"self":[{"href":"https:\/\/dev4-ganymedes.nl\/en\/wp-json\/wp\/v2\/product\/23876","targetHints":{"allow":["GET"]}}],"collection":[{"href":"https:\/\/dev4-ganymedes.nl\/en\/wp-json\/wp\/v2\/product"}],"about":[{"href":"https:\/\/dev4-ganymedes.nl\/en\/wp-json\/wp\/v2\/types\/product"}],"replies":[{"embeddable":true,"href":"https:\/\/dev4-ganymedes.nl\/en\/wp-json\/wp\/v2\/comments?post=23876"}],"wp:featuredmedia":[{"embeddable":true,"href":"https:\/\/dev4-ganymedes.nl\/en\/wp-json\/wp\/v2\/media\/23877"}],"wp:attachment":[{"href":"https:\/\/dev4-ganymedes.nl\/en\/wp-json\/wp\/v2\/media?parent=23876"}],"wp:term":[{"taxonomy":"product_brand","embeddable":true,"href":"https:\/\/dev4-ganymedes.nl\/en\/wp-json\/wp\/v2\/product_brand?post=23876"},{"taxonomy":"product_cat","embeddable":true,"href":"https:\/\/dev4-ganymedes.nl\/en\/wp-json\/wp\/v2\/product_cat?post=23876"},{"taxonomy":"product_tag","embeddable":true,"href":"https:\/\/dev4-ganymedes.nl\/en\/wp-json\/wp\/v2\/product_tag?post=23876"}],"curies":[{"name":"wp","href":"https:\/\/api.w.org\/{rel}","templated":true}]}}