{"id":1195,"date":"2012-12-07T00:00:00","date_gmt":"2012-12-07T00:00:00","guid":{"rendered":"https:\/\/www.ganymedes.nl\/product\/baader-astro-solar-tm-zonnefilterfolie-25cmx20cm-d5\/"},"modified":"2026-02-25T11:37:15","modified_gmt":"2026-02-25T10:37:15","slug":"baader-astro-solar-tm","status":"publish","type":"product","link":"https:\/\/dev4-ganymedes.nl\/en\/product\/baader-astro-solar-tm\/","title":{"rendered":"Baader Astro Solar TM zonnefilterfolie 29&#215;20 cm D=5"},"content":{"rendered":"<h2>Velletje astrosolar van Baader geschikt voor visueel waarnemen<\/h2>\n<p>&nbsp;<\/p>\n<p>De gepatenteerde Baader Astro Solar TM zonnefilterfolie 29&#215;20 cm D=5 wordt geproduceerd voor visuele en fotografische zonneobservatie bij hoge vergroting (met extra optica). AstroSolar\u00ae Safety Film is het meest geschikt voor precisiewerk met alle astronomische telescopen en verrekijkers \u2013 net zo goed als voor alle fotografische camera- en telelenzen<\/p>\n<p>Wanneer u AstroSolar\u00ae Safety Film 5.0 gebruikt \u2013 gemonteerd voor uw optiek \u2013 kunt u de zon in beeld brengen en veilig door de zoeker van uw camera kijken \u2013 of u kunt met telescopen en verrekijkers rechtstreeks in de zon kijken met elke geschikte vergroting.<\/p>\n<p>De coating van AstroSolar\u00ae Safety Film 5.0 is onderworpen aan constante kwaliteitscontrole. De reflecterende eigenschappen en veiligheid voor zonne-observatie via optische instrumenten worden herhaaldelijk getest.<\/p>\n<p>AstroSolar\u00ae Safety Film 5.0 vermindert de intensiteit van de zonnestraling met 99,999% tot een factor 1: 100.000 van de initi\u00eble waarde. Meerdere coatingprocessen aan beide zijden van de dragerfilm komen tijdens de productie samen om te resulteren in een perfect uniform filterresultaat en helpen bij het neutraliseren van het effect van microscopisch kleine pori\u00ebn in de coating. Conventionele glazen zonnefilters worden doorgaans slechts aan \u00e9\u00e9n zijde gecoat. het glas.<\/p>\n<p>E\u00e9n enkele laag AstroSolar\u00ae Safety Film is perfect geschikt om de productie van een veilig zonnefilter mogelijk te maken, geschikt om het hoogste contrast en scherpte te leveren in combinatie met uw telescoop of cameratelelens. Wij produceren dit diffractie gelimiteerde filtermateriaal al meer dan 25 jaar.<\/p>\n<p>Belangrijke opmerking: De oogveiligheidsnorm EN ISO 12312-2:2015 voor zonnekijkers met het blote oog is niet van toepassing op filters met opening aan de voorkant, die optica over lange afstanden dekken. AstroSolar\u00ae Safety Film 5.0 mag niet worden gebruikt voor zonneobservatie met het blote oog of voor de productie van zonnekijkers. Voor direct zicht op de zon zonder telescoop-, verrekijker- of cameraoptiek, informeer naar onze EN ISO 12312-2:2015 gecertificeerde eclipszonwering uitgerust met AstroSolar\u00ae zilver\/goudfilm.<\/p>\n<h2>Levering van de Baader Astro Solar TM zonnefilterfolie 29&#215;20 cm D=5 omvat:<\/h2>\n<ul>\n<li>Velletje 20 x 29 cm<\/li>\n<li>Instructieblad<\/li>\n<\/ul>\n<h3>Plaats je bestelling online of kom langs in de winkel<\/h3>\n<p>Heb je gevonden wat je zoekt en wil je bijvoorbeeld de Baader Astro Solar TM zonnefilterfolie bestellen? Dan doe je dit heel eenvoudig online. Bekijk je deze producten liever in het echt voordat je ze koopt? Ook dat is bij ons mogelijk. Je bent van harte welkom in onze showroom in Amstelveen van maandag tot vrijdag tussen 10.00 en 17.00 uur. Op zaterdag is de showroom ook geopend, maar dan van 10.00 tot 16.30 uur. Voor meer informatie en advies kun je ook telefonisch contact met ons opnemen via <a href=\"tel:0031206412083\">020-6412083<\/a>. We helpen je graag.<\/p>\n","protected":false},"excerpt":{"rendered":"<p>Baader Astro Solar TM zonnefilterfolie 25cmx20cm D=5. Deze folie is interferometrisch getest tot 94-96% &#8220;Definitie helderheid&#8221;, het is daardoor net zo goed als een APO objectief van Carl Zeiss. De folie is bij uitstek zeer geschikt voor het bekijken van de zon.<\/p>\n","protected":false},"featured_media":43080,"comment_status":"open","ping_status":"closed","template":"","meta":{"_acf_changed":false,"_vp_format_video_url":"","_vp_image_focal_point":[],"_vp_custom_popup_image":0,"_vp_format_audio_url":"","_vp_custom_thumbnail":0,"_vp_custom_thumbnail_focal_point":[],"_vp_hover_thumbnail":0,"_vp_hover_thumbnail_focal_point":[]},"product_brand":[],"product_cat":[288,350,273,342],"product_tag":[],"class_list":{"0":"post-1195","1":"product","2":"type-product","3":"status-publish","4":"has-post-thumbnail","6":"product_cat-accessories-en","7":"product_cat-brands-baader-en","8":"product_cat-accessories-filters-accessories-en","9":"product_cat-brands-en","10":"product_shipping_class-brievenbus-pakket","12":"first","13":"instock","14":"taxable","15":"shipping-taxable","16":"purchasable","17":"product-type-simple"},"acf":[],"yoast_head":"<!-- This site is optimized with the Yoast SEO plugin v27.3 - https:\/\/yoast.com\/product\/yoast-seo-wordpress\/ -->\n<title>Baader Astro Solar TM zonnefilterfolie 29x20 cm D=5 - Ganymedes<\/title>\n<meta name=\"description\" content=\"Baader Astro Solar TM zonnefilterfolie 29x20 cm D=5. Het meest gebruikte folie om zelf een zonnefilter mee te maken. Zeer betrouwbaar.\" \/>\n<meta name=\"robots\" content=\"noindex, follow, max-snippet:-1, max-image-preview:large, max-video-preview:-1\" \/>\n<meta property=\"og:locale\" content=\"nl_NL\" \/>\n<meta property=\"og:type\" content=\"article\" \/>\n<meta property=\"og:title\" content=\"Baader Astro Solar TM zonnefilterfolie 29x20 cm D=5 - Ganymedes\" \/>\n<meta property=\"og:description\" content=\"Baader Astro Solar TM zonnefilterfolie 29x20 cm D=5. Het meest gebruikte folie om zelf een zonnefilter mee te maken. Zeer betrouwbaar.\" \/>\n<meta property=\"og:url\" content=\"https:\/\/dev4-ganymedes.nl\/en\/product\/baader-astro-solar-tm\/\" \/>\n<meta property=\"og:site_name\" content=\"Ganymedes\" \/>\n<meta property=\"article:publisher\" content=\"https:\/\/www.facebook.com\/GanymedesTelescopen\/\" \/>\n<meta property=\"article:modified_time\" content=\"2026-02-25T10:37:15+00:00\" \/>\n<meta property=\"og:image\" content=\"https:\/\/dev4-ganymedes.nl\/wp-content\/uploads\/2012\/12\/Baader-2459281_Astrosolar-A4_2022-1-370x370-1.jpg\" \/>\n\t<meta property=\"og:image:width\" content=\"370\" \/>\n\t<meta property=\"og:image:height\" content=\"370\" \/>\n\t<meta property=\"og:image:type\" content=\"image\/jpeg\" \/>\n<meta name=\"twitter:card\" content=\"summary_large_image\" \/>\n<meta name=\"twitter:site\" content=\"@Ganymedes_NL\" \/>\n<meta name=\"twitter:label1\" content=\"Geschatte leestijd\" \/>\n\t<meta name=\"twitter:data1\" content=\"3 minuten\" \/>\n<!-- \/ Yoast SEO plugin. -->","yoast_head_json":{"title":"Baader Astro Solar TM zonnefilterfolie 29x20 cm D=5 - Ganymedes","description":"Baader Astro Solar TM zonnefilterfolie 29x20 cm D=5. Het meest gebruikte folie om zelf een zonnefilter mee te maken. Zeer betrouwbaar.","robots":{"index":"noindex","follow":"follow","max-snippet":"max-snippet:-1","max-image-preview":"max-image-preview:large","max-video-preview":"max-video-preview:-1"},"og_locale":"nl_NL","og_type":"article","og_title":"Baader Astro Solar TM zonnefilterfolie 29x20 cm D=5 - Ganymedes","og_description":"Baader Astro Solar TM zonnefilterfolie 29x20 cm D=5. Het meest gebruikte folie om zelf een zonnefilter mee te maken. Zeer betrouwbaar.","og_url":"https:\/\/dev4-ganymedes.nl\/en\/product\/baader-astro-solar-tm\/","og_site_name":"Ganymedes","article_publisher":"https:\/\/www.facebook.com\/GanymedesTelescopen\/","article_modified_time":"2026-02-25T10:37:15+00:00","og_image":[{"width":370,"height":370,"url":"https:\/\/dev4-ganymedes.nl\/wp-content\/uploads\/2012\/12\/Baader-2459281_Astrosolar-A4_2022-1-370x370-1.jpg","type":"image\/jpeg"}],"twitter_card":"summary_large_image","twitter_site":"@Ganymedes_NL","twitter_misc":{"Geschatte leestijd":"3 minuten"},"schema":{"@context":"https:\/\/schema.org","@graph":[{"@type":"WebPage","@id":"https:\/\/dev4-ganymedes.nl\/en\/product\/baader-astro-solar-tm\/","url":"https:\/\/dev4-ganymedes.nl\/en\/product\/baader-astro-solar-tm\/","name":"Baader Astro Solar TM zonnefilterfolie 29x20 cm D=5 - Ganymedes","isPartOf":{"@id":"https:\/\/dev4-ganymedes.nl\/en\/#website"},"primaryImageOfPage":{"@id":"https:\/\/dev4-ganymedes.nl\/en\/product\/baader-astro-solar-tm\/#primaryimage"},"image":{"@id":"https:\/\/dev4-ganymedes.nl\/en\/product\/baader-astro-solar-tm\/#primaryimage"},"thumbnailUrl":"https:\/\/dev4-ganymedes.nl\/wp-content\/uploads\/2012\/12\/Baader-2459281_Astrosolar-A4_2022-1-370x370-1.jpg","datePublished":"2012-12-07T00:00:00+00:00","dateModified":"2026-02-25T10:37:15+00:00","description":"Baader Astro Solar TM zonnefilterfolie 29x20 cm D=5. Het meest gebruikte folie om zelf een zonnefilter mee te maken. Zeer betrouwbaar.","breadcrumb":{"@id":"https:\/\/dev4-ganymedes.nl\/en\/product\/baader-astro-solar-tm\/#breadcrumb"},"inLanguage":"nl-NL","potentialAction":[{"@type":"ReadAction","target":["https:\/\/dev4-ganymedes.nl\/en\/product\/baader-astro-solar-tm\/"]}]},{"@type":"ImageObject","inLanguage":"nl-NL","@id":"https:\/\/dev4-ganymedes.nl\/en\/product\/baader-astro-solar-tm\/#primaryimage","url":"https:\/\/dev4-ganymedes.nl\/wp-content\/uploads\/2012\/12\/Baader-2459281_Astrosolar-A4_2022-1-370x370-1.jpg","contentUrl":"https:\/\/dev4-ganymedes.nl\/wp-content\/uploads\/2012\/12\/Baader-2459281_Astrosolar-A4_2022-1-370x370-1.jpg","width":370,"height":370},{"@type":"BreadcrumbList","@id":"https:\/\/dev4-ganymedes.nl\/en\/product\/baader-astro-solar-tm\/#breadcrumb","itemListElement":[{"@type":"ListItem","position":1,"name":"Home","item":"https:\/\/dev4-ganymedes.nl\/ganymedes-is-de-telescoopwinkel-voor-al-je-optische-instrumenten-en-technieken\/"},{"@type":"ListItem","position":2,"name":"Store","item":"https:\/\/dev4-ganymedes.nl\/store\/"},{"@type":"ListItem","position":3,"name":"Baader Astro Solar TM zonnefilterfolie 29&#215;20 cm D=5"}]},{"@type":"WebSite","@id":"https:\/\/dev4-ganymedes.nl\/en\/#website","url":"https:\/\/dev4-ganymedes.nl\/en\/","name":"Ganymedes","description":"Ganymedes","publisher":{"@id":"https:\/\/dev4-ganymedes.nl\/en\/#organization"},"potentialAction":[{"@type":"SearchAction","target":{"@type":"EntryPoint","urlTemplate":"https:\/\/dev4-ganymedes.nl\/en\/?s={search_term_string}"},"query-input":{"@type":"PropertyValueSpecification","valueRequired":true,"valueName":"search_term_string"}}],"inLanguage":"nl-NL"},{"@type":"Organization","@id":"https:\/\/dev4-ganymedes.nl\/en\/#organization","name":"Ganymedes","url":"https:\/\/dev4-ganymedes.nl\/en\/","logo":{"@type":"ImageObject","inLanguage":"nl-NL","@id":"https:\/\/dev4-ganymedes.nl\/en\/#\/schema\/logo\/image\/","url":"https:\/\/www.ganymedes.nl\/wp-content\/uploads\/2019\/11\/GanymedesLogo_v1_small.png","contentUrl":"https:\/\/www.ganymedes.nl\/wp-content\/uploads\/2019\/11\/GanymedesLogo_v1_small.png","width":450,"height":90,"caption":"Ganymedes"},"image":{"@id":"https:\/\/dev4-ganymedes.nl\/en\/#\/schema\/logo\/image\/"},"sameAs":["https:\/\/www.facebook.com\/GanymedesTelescopen\/","https:\/\/x.com\/Ganymedes_NL"]}]}},"_links":{"self":[{"href":"https:\/\/dev4-ganymedes.nl\/en\/wp-json\/wp\/v2\/product\/1195","targetHints":{"allow":["GET"]}}],"collection":[{"href":"https:\/\/dev4-ganymedes.nl\/en\/wp-json\/wp\/v2\/product"}],"about":[{"href":"https:\/\/dev4-ganymedes.nl\/en\/wp-json\/wp\/v2\/types\/product"}],"replies":[{"embeddable":true,"href":"https:\/\/dev4-ganymedes.nl\/en\/wp-json\/wp\/v2\/comments?post=1195"}],"wp:featuredmedia":[{"embeddable":true,"href":"https:\/\/dev4-ganymedes.nl\/en\/wp-json\/wp\/v2\/media\/43080"}],"wp:attachment":[{"href":"https:\/\/dev4-ganymedes.nl\/en\/wp-json\/wp\/v2\/media?parent=1195"}],"wp:term":[{"taxonomy":"product_brand","embeddable":true,"href":"https:\/\/dev4-ganymedes.nl\/en\/wp-json\/wp\/v2\/product_brand?post=1195"},{"taxonomy":"product_cat","embeddable":true,"href":"https:\/\/dev4-ganymedes.nl\/en\/wp-json\/wp\/v2\/product_cat?post=1195"},{"taxonomy":"product_tag","embeddable":true,"href":"https:\/\/dev4-ganymedes.nl\/en\/wp-json\/wp\/v2\/product_tag?post=1195"}],"curies":[{"name":"wp","href":"https:\/\/api.w.org\/{rel}","templated":true}]}}